{"id":238,"date":"2020-11-18T10:21:05","date_gmt":"2020-11-18T09:21:05","guid":{"rendered":"https:\/\/reha-flex.de\/physiotherapie-rueckenzentrum-halle-saale\/?page_id=238"},"modified":"2021-03-18T12:32:17","modified_gmt":"2021-03-18T11:32:17","slug":"unser-leitbild","status":"publish","type":"page","link":"https:\/\/reha-flex.de\/physiotherapie-rueckenzentrum-halle-saale\/unsere-praxis\/unser-leitbild\/","title":{"rendered":"Unser Leitbild"},"content":{"rendered":"<div id=\"cmsmasters_row_q783z00alq\" class=\"cmsmasters_row cmsmasters_color_scheme_default rehaflex-sidebar-wrapper cmsmasters_row_top_default cmsmasters_row_bot_default cmsmasters_row_boxed\">\n<div class=\"cmsmasters_row_outer_parent\">\n<div class=\"cmsmasters_row_outer\">\n<div class=\"cmsmasters_row_inner\">\n<div class=\"cmsmasters_row_margin\">\n<div id=\"cmsmasters_column_6i6bcv0sv\" class=\"cmsmasters_column two_third rehaflex-content-sidebar\">\n<div class=\"cmsmasters_column_inner\"><div id=\"cmsmasters_heading_aeek1pj6g9\" class=\"cmsmasters_heading_wrap cmsmasters_heading_align_left\">\n\t<h2 class=\"cmsmasters_heading\">Unser Leitbild<\/h2>\n<\/div><div class=\"cmsmasters_text\">\n<p>\u201cZeit f\u00fcr Ihre Gesundheit\u201d \u2013 das ist unsere Mission. Lesen Sie hier welche Werte und Prinzipien unser Handeln leiten:<\/p>\n<p>&nbsp;<\/p>\n<p>&nbsp;<\/p>\n<\/div>\n<div class=\"cmsmasters_toggles toggles_mode_toggle\">\n<div class=\"cmsmasters_toggle_wrap\" data-tags=\"all \">\n<div class=\"cmsmasters_toggle_title\">\n<span class=\"cmsmasters_toggle_plus\">\n<span class=\"cmsmasters_toggle_plus_hor\"><\/span>\n<span class=\"cmsmasters_toggle_plus_vert\"><\/span>\n<\/span>\n<a href=\"#\">Patienten-\/Kundenorientierung<\/a>\n<\/div>\n<div class=\"cmsmasters_toggle\">\n<div class=\"cmsmasters_toggle_inner\">\n<p>Das Ziel des Handelns aller Mitarbeiter ist konsequent auf die Gesundung und Verbesserung der Leistungsf\u00e4higkeit unserer Patienten \/ Kunden gerichtet.<br \/>\nBasis unseres Handels ist ein medizinisches Behandlungskonzept, welches regelm\u00e4\u00dfig auf seine Wirksamkeit u\u0308berpru\u0308ft sowie von allen Mitarbeitern inhaltlich<br \/>\nund therapeutisch einheitlich umgesetzt wird.<br \/>\nWir erfragen die Bedu\u0308rfnisse unserer Patienten\/Kunden und versuchen deren Erwartungen zu erfu\u0308llen.<br \/>\nAlle Mitarbeiter treten freundlich und kompetent auf, verfu\u0308gen u\u0308ber ein fundiertes Wissen und wenden es zielgerichtet an.<br \/>\nWir pflegen ein partnerschaftliches Verh\u00e4ltnis zu unseren Patienten\/Kunden und zu allen Kooperationspartnern (Kostentr\u00e4ger, \u00c4rzte, Krankenh\u00e4user &#8230; ).<br \/>\nWir betreiben eine seri\u00f6se und selbstbewusste \u00d6ffentlichkeitsarbeit.<\/p>\n<\/div>\n<\/div>\n<\/div><div class=\"cmsmasters_toggle_wrap\" data-tags=\"all \">\n<div class=\"cmsmasters_toggle_title\">\n<span class=\"cmsmasters_toggle_plus\">\n<span class=\"cmsmasters_toggle_plus_hor\"><\/span>\n<span class=\"cmsmasters_toggle_plus_vert\"><\/span>\n<\/span>\n<a href=\"#\">Einsatz fu\u0308r hervorragende Leistungen<\/a>\n<\/div>\n<div class=\"cmsmasters_toggle\">\n<div class=\"cmsmasters_toggle_inner\">\n<p>Wir bemu\u0308hen uns um beste Behandlungsergebnisse fu\u0308r unsere Patienten\/Kunden.<br \/>\nUnsere Mitarbeiter vertiefen ihr Wissen durch internen Erfahrungsaustausch, regelm\u00e4\u00dfigen Besuch von Fortbildungen und Mitarbeit an Projekten.<br \/>\nDie Praxis ist in regelm\u00e4\u00dfigem Kontakt mit gleichartigen Praxen und nimmt an Weiterbildungen teil.<\/p>\n<\/div>\n<\/div>\n<\/div><div class=\"cmsmasters_toggle_wrap\" data-tags=\"all \">\n<div class=\"cmsmasters_toggle_title\">\n<span class=\"cmsmasters_toggle_plus\">\n<span class=\"cmsmasters_toggle_plus_hor\"><\/span>\n<span class=\"cmsmasters_toggle_plus_vert\"><\/span>\n<\/span>\n<a href=\"#\">Integrit\u00e4t, Offenheit und Respekt<\/a>\n<\/div>\n<div class=\"cmsmasters_toggle\">\n<div class=\"cmsmasters_toggle_inner\">\n<p>Alle Berufsgruppen der Praxis behandeln sich gegenseitig mit Respekt, Fairness und in einem wertsch\u00e4tzenden Arbeitsklima.<br \/>\nAlle Themen werden offen angesprochen und konstruktiv untereinander kommuniziert. Kritik sehen wir als Chance zur Verbesserung.<br \/>\nAlle Mitarbeiter haben bei Teamberatungen, internen Weiterbildungsveranstaltungen und u\u0308ber die verschiedenen Leitungswege bzw. direkte Ansprache an die Gesch\u00e4ftsfu\u0308hrung die M\u00f6glichkeit, Einfluss auf Entscheidungsprozesse zu nehmen.<br \/>\nUnsere Mitarbeiter werden rechtzeitig durch offene Informationen in Entscheidungsprozesse einbezogen.<\/p>\n<\/div>\n<\/div>\n<\/div><div class=\"cmsmasters_toggle_wrap\" data-tags=\"all \">\n<div class=\"cmsmasters_toggle_title\">\n<span class=\"cmsmasters_toggle_plus\">\n<span class=\"cmsmasters_toggle_plus_hor\"><\/span>\n<span class=\"cmsmasters_toggle_plus_vert\"><\/span>\n<\/span>\n<a href=\"#\">Wirtschaftliche und soziale Verantwortung<\/a>\n<\/div>\n<div class=\"cmsmasters_toggle\">\n<div class=\"cmsmasters_toggle_inner\">\n<p>Das Ziel der Gesch\u00e4ftsfu\u0308hrung ist die langfristige Erwirtschaftung positiver finanzieller Ergebnisse und gleichzeitig die dauerhafte Sicherung anspruchsvoller Arbeitspl\u00e4tze.<br \/>\nWir sind ein zuverl\u00e4ssiger und best\u00e4ndiger Partner fu\u0308r Patienten\/Kunden, Kostentr\u00e4ger und Lieferanten.<br \/>\nWir beobachten und analysieren Marktentwicklungen, um flexibel auf Ver\u00e4nderungen reagieren zu k\u00f6nnen.<br \/>\nDie Gesch\u00e4ftsfu\u0308hrung nimmt ihre Fu\u0308rsorgepflicht fu\u0308r alle Mitarbeiter sehr ernst. Ein professionelles Vorgehen zur Vermeidung berufsbedingter\u00a0 Gesundheitssch\u00e4den ist Bestandteil der sozialen Verantwortung.<br \/>\nUmweltaspekte, Gesundheitsvorsorge und Arbeitssicherheit ist aktive soziale Verantwortung und integrierter Bestandteil des wirtschaftlichen Erfolges. Ein aktiv betriebener Arbeitsschutz bei reha FLEX soll Arbeitsunf\u00e4higkeiten, Berufskrankheiten sowie arbeitsbedingte Gesundheitsgefahren mindern und durch die Vermeidung von Fehlzeiten und Betriebsst\u00f6rungen die Wettbewerbsf\u00e4higkeit der Praxis verbessern. Zugleich unterstu\u0308tzt eine gesundheitsgerechte Gestaltung der Arbeitsbedingungen die Motivation der Mitarbeiter.<\/p>\n<\/div>\n<\/div>\n<\/div><div class=\"cmsmasters_toggle_wrap\" data-tags=\"all \">\n<div class=\"cmsmasters_toggle_title\">\n<span class=\"cmsmasters_toggle_plus\">\n<span class=\"cmsmasters_toggle_plus_hor\"><\/span>\n<span class=\"cmsmasters_toggle_plus_vert\"><\/span>\n<\/span>\n<a href=\"#\">Begeisterte und eigenverantwortlich handelnde Mitarbeiter<\/a>\n<\/div>\n<div class=\"cmsmasters_toggle\">\n<div class=\"cmsmasters_toggle_inner\">\n<p>Auf der Basis angemessener Rahmenbedingungen sowie gemeinsamer positiver und realisierbarer Qualit\u00e4tsziele identifizieren sich alle Mitarbeiter mit Ihrer Arbeit und setzen sich leidenschaftlich dafu\u0308r ein.<br \/>\nWir kennen die F\u00e4higkeiten unserer Mitarbeiter und setzen sie dementsprechend ein, unterstu\u0308tzen sie und f\u00f6rdern ihren beruflichen Erfolg. Wir haben Vertrauen in unsere Mitarbeiter.<br \/>\nJeder Mitarbeiter hat pers\u00f6nliche Verantwortung und Anteil am Behandlungserfolg des Patienten\/Kunden und tr\u00e4gt somit wesentlich zum \u201eguten Ruf\u201c der Praxis bei.<br \/>\nJeder Mitarbeiter trifft im Rahmen unseres Therapiekonzeptes sowie seiner pers\u00f6nlichen fachlichen Kompetenz tagt\u00e4glich eigenverantwortlich Entscheidungen fu\u0308r den Gesundungsprozess seines Patienten\/Kunden.<br \/>\nDie Praxis verfu\u0308gt und f\u00f6rdert berufsgruppenu\u0308bergreifende Projekte und Qualit\u00e4tszirkel.<br \/>\nJeder Mitarbeiter geht pfleglich und sparsam mit Ressourcen um.<\/p>\n<\/div>\n<\/div>\n<\/div><\/div>\n<\/div><\/div>\n<div id=\"cmsmasters_column_skpfv6gg9\" class=\"cmsmasters_column one_third rehaflex-sidebar\">\n<div class=\"cmsmasters_column_inner\">\n<div class=\"cmsmasters_sidebar sidebar_layout_11\"><aside id=\"nav_menu-7\" class=\"widget widget_nav_menu\"><h3 class=\"widgettitle\">Unsere Praxis<\/h3><div class=\"menu-reha-flex-unsere-praxis-sidebar-container\"><ul id=\"menu-reha-flex-unsere-praxis-sidebar\" class=\"menu\"><li id=\"menu-item-318\" class=\"menu-item menu-item-type-post_type menu-item-object-page menu-item-318\"><a href=\"https:\/\/reha-flex.de\/physiotherapie-rueckenzentrum-halle-saale\/unsere-praxis\/aktuelles\/\">Aktuelles<\/a><\/li>\n<li id=\"menu-item-317\" class=\"menu-item menu-item-type-post_type menu-item-object-page menu-item-317\"><a href=\"https:\/\/reha-flex.de\/physiotherapie-rueckenzentrum-halle-saale\/unsere-praxis\/jobs-praktika\/\">Jobs\/Praktika<\/a><\/li>\n<li id=\"menu-item-316\" class=\"menu-item menu-item-type-post_type menu-item-object-page menu-item-316\"><a href=\"https:\/\/reha-flex.de\/physiotherapie-rueckenzentrum-halle-saale\/unsere-praxis\/unser-team\/\">Unser Team<\/a><\/li>\n<li id=\"menu-item-315\" class=\"menu-item menu-item-type-post_type menu-item-object-page menu-item-315\"><a href=\"https:\/\/reha-flex.de\/physiotherapie-rueckenzentrum-halle-saale\/unsere-praxis\/unser-leitbild\/\">Unser Leitbild<\/a><\/li>\n<\/ul><\/div><\/aside><div class=\"cl\"><\/div>\n<\/div>\n<\/div><\/div>\n<\/div>\n<\/div>\n<\/div>\n<\/div>\n<\/div>\n\n","protected":false},"excerpt":{"rendered":"","protected":false},"author":1,"featured_media":0,"parent":30,"menu_order":400,"comment_status":"closed","ping_status":"closed","template":"","meta":{"footnotes":""},"class_list":["post-238","page","type-page","status-publish","hentry"],"yoast_head":"<!-- This site is optimized with the Yoast SEO plugin v26.9 - https:\/\/yoast.com\/product\/yoast-seo-wordpress\/ -->\n<title>Unser Leitbild - Physiotherapie- u. R\u00fcckenzentrum Halle\/Saale<\/title>\n<meta name=\"robots\" content=\"index, follow, max-snippet:-1, max-image-preview:large, max-video-preview:-1\" \/>\n<link rel=\"canonical\" href=\"https:\/\/reha-flex.de\/physiotherapie-rueckenzentrum-halle-saale\/unsere-praxis\/unser-leitbild\/\" \/>\n<meta property=\"og:locale\" content=\"de_DE\" \/>\n<meta property=\"og:type\" content=\"article\" \/>\n<meta property=\"og:title\" content=\"Unser Leitbild - Physiotherapie- u. R\u00fcckenzentrum Halle\/Saale\" \/>\n<meta property=\"og:url\" content=\"https:\/\/reha-flex.de\/physiotherapie-rueckenzentrum-halle-saale\/unsere-praxis\/unser-leitbild\/\" \/>\n<meta property=\"og:site_name\" content=\"Physiotherapie- u. R\u00fcckenzentrum Halle\/Saale\" \/>\n<meta property=\"article:modified_time\" content=\"2021-03-18T11:32:17+00:00\" \/>\n<meta name=\"twitter:card\" content=\"summary_large_image\" \/>\n<meta name=\"twitter:label1\" content=\"Gesch\u00e4tzte Lesezeit\" \/>\n\t<meta name=\"twitter:data1\" content=\"4\u00a0Minuten\" \/>\n<script type=\"application\/ld+json\" class=\"yoast-schema-graph\">{\"@context\":\"https:\/\/schema.org\",\"@graph\":[{\"@type\":\"WebPage\",\"@id\":\"https:\/\/reha-flex.de\/physiotherapie-rueckenzentrum-halle-saale\/unsere-praxis\/unser-leitbild\/\",\"url\":\"https:\/\/reha-flex.de\/physiotherapie-rueckenzentrum-halle-saale\/unsere-praxis\/unser-leitbild\/\",\"name\":\"Unser Leitbild - Physiotherapie- u. R\u00fcckenzentrum Halle\/Saale\",\"isPartOf\":{\"@id\":\"https:\/\/reha-flex.de\/physiotherapie-rueckenzentrum-halle-saale\/#website\"},\"datePublished\":\"2020-11-18T09:21:05+00:00\",\"dateModified\":\"2021-03-18T11:32:17+00:00\",\"breadcrumb\":{\"@id\":\"https:\/\/reha-flex.de\/physiotherapie-rueckenzentrum-halle-saale\/unsere-praxis\/unser-leitbild\/#breadcrumb\"},\"inLanguage\":\"de\",\"potentialAction\":[{\"@type\":\"ReadAction\",\"target\":[\"https:\/\/reha-flex.de\/physiotherapie-rueckenzentrum-halle-saale\/unsere-praxis\/unser-leitbild\/\"]}]},{\"@type\":\"BreadcrumbList\",\"@id\":\"https:\/\/reha-flex.de\/physiotherapie-rueckenzentrum-halle-saale\/unsere-praxis\/unser-leitbild\/#breadcrumb\",\"itemListElement\":[{\"@type\":\"ListItem\",\"position\":1,\"name\":\"Startseite\",\"item\":\"https:\/\/reha-flex.de\/physiotherapie-rueckenzentrum-halle-saale\/\"},{\"@type\":\"ListItem\",\"position\":2,\"name\":\"Unsere Praxis\",\"item\":\"https:\/\/reha-flex.de\/physiotherapie-rueckenzentrum-halle-saale\/unsere-praxis\/\"},{\"@type\":\"ListItem\",\"position\":3,\"name\":\"Unser Leitbild\"}]},{\"@type\":\"WebSite\",\"@id\":\"https:\/\/reha-flex.de\/physiotherapie-rueckenzentrum-halle-saale\/#website\",\"url\":\"https:\/\/reha-flex.de\/physiotherapie-rueckenzentrum-halle-saale\/\",\"name\":\"Physiotherapie- u. R\u00fcckenzentrum Halle\/Saale\",\"description\":\"\",\"potentialAction\":[{\"@type\":\"SearchAction\",\"target\":{\"@type\":\"EntryPoint\",\"urlTemplate\":\"https:\/\/reha-flex.de\/physiotherapie-rueckenzentrum-halle-saale\/?s={search_term_string}\"},\"query-input\":{\"@type\":\"PropertyValueSpecification\",\"valueRequired\":true,\"valueName\":\"search_term_string\"}}],\"inLanguage\":\"de\"}]}<\/script>\n<!-- \/ Yoast SEO plugin. -->","yoast_head_json":{"title":"Unser Leitbild - Physiotherapie- u. R\u00fcckenzentrum Halle\/Saale","robots":{"index":"index","follow":"follow","max-snippet":"max-snippet:-1","max-image-preview":"max-image-preview:large","max-video-preview":"max-video-preview:-1"},"canonical":"https:\/\/reha-flex.de\/physiotherapie-rueckenzentrum-halle-saale\/unsere-praxis\/unser-leitbild\/","og_locale":"de_DE","og_type":"article","og_title":"Unser Leitbild - Physiotherapie- u. R\u00fcckenzentrum Halle\/Saale","og_url":"https:\/\/reha-flex.de\/physiotherapie-rueckenzentrum-halle-saale\/unsere-praxis\/unser-leitbild\/","og_site_name":"Physiotherapie- u. R\u00fcckenzentrum Halle\/Saale","article_modified_time":"2021-03-18T11:32:17+00:00","twitter_card":"summary_large_image","twitter_misc":{"Gesch\u00e4tzte Lesezeit":"4\u00a0Minuten"},"schema":{"@context":"https:\/\/schema.org","@graph":[{"@type":"WebPage","@id":"https:\/\/reha-flex.de\/physiotherapie-rueckenzentrum-halle-saale\/unsere-praxis\/unser-leitbild\/","url":"https:\/\/reha-flex.de\/physiotherapie-rueckenzentrum-halle-saale\/unsere-praxis\/unser-leitbild\/","name":"Unser Leitbild - Physiotherapie- u. R\u00fcckenzentrum Halle\/Saale","isPartOf":{"@id":"https:\/\/reha-flex.de\/physiotherapie-rueckenzentrum-halle-saale\/#website"},"datePublished":"2020-11-18T09:21:05+00:00","dateModified":"2021-03-18T11:32:17+00:00","breadcrumb":{"@id":"https:\/\/reha-flex.de\/physiotherapie-rueckenzentrum-halle-saale\/unsere-praxis\/unser-leitbild\/#breadcrumb"},"inLanguage":"de","potentialAction":[{"@type":"ReadAction","target":["https:\/\/reha-flex.de\/physiotherapie-rueckenzentrum-halle-saale\/unsere-praxis\/unser-leitbild\/"]}]},{"@type":"BreadcrumbList","@id":"https:\/\/reha-flex.de\/physiotherapie-rueckenzentrum-halle-saale\/unsere-praxis\/unser-leitbild\/#breadcrumb","itemListElement":[{"@type":"ListItem","position":1,"name":"Startseite","item":"https:\/\/reha-flex.de\/physiotherapie-rueckenzentrum-halle-saale\/"},{"@type":"ListItem","position":2,"name":"Unsere Praxis","item":"https:\/\/reha-flex.de\/physiotherapie-rueckenzentrum-halle-saale\/unsere-praxis\/"},{"@type":"ListItem","position":3,"name":"Unser Leitbild"}]},{"@type":"WebSite","@id":"https:\/\/reha-flex.de\/physiotherapie-rueckenzentrum-halle-saale\/#website","url":"https:\/\/reha-flex.de\/physiotherapie-rueckenzentrum-halle-saale\/","name":"Physiotherapie- u. R\u00fcckenzentrum Halle\/Saale","description":"","potentialAction":[{"@type":"SearchAction","target":{"@type":"EntryPoint","urlTemplate":"https:\/\/reha-flex.de\/physiotherapie-rueckenzentrum-halle-saale\/?s={search_term_string}"},"query-input":{"@type":"PropertyValueSpecification","valueRequired":true,"valueName":"search_term_string"}}],"inLanguage":"de"}]}},"_links":{"self":[{"href":"https:\/\/reha-flex.de\/physiotherapie-rueckenzentrum-halle-saale\/wp-json\/wp\/v2\/pages\/238","targetHints":{"allow":["GET"]}}],"collection":[{"href":"https:\/\/reha-flex.de\/physiotherapie-rueckenzentrum-halle-saale\/wp-json\/wp\/v2\/pages"}],"about":[{"href":"https:\/\/reha-flex.de\/physiotherapie-rueckenzentrum-halle-saale\/wp-json\/wp\/v2\/types\/page"}],"author":[{"embeddable":true,"href":"https:\/\/reha-flex.de\/physiotherapie-rueckenzentrum-halle-saale\/wp-json\/wp\/v2\/users\/1"}],"replies":[{"embeddable":true,"href":"https:\/\/reha-flex.de\/physiotherapie-rueckenzentrum-halle-saale\/wp-json\/wp\/v2\/comments?post=238"}],"version-history":[{"count":17,"href":"https:\/\/reha-flex.de\/physiotherapie-rueckenzentrum-halle-saale\/wp-json\/wp\/v2\/pages\/238\/revisions"}],"predecessor-version":[{"id":649,"href":"https:\/\/reha-flex.de\/physiotherapie-rueckenzentrum-halle-saale\/wp-json\/wp\/v2\/pages\/238\/revisions\/649"}],"up":[{"embeddable":true,"href":"https:\/\/reha-flex.de\/physiotherapie-rueckenzentrum-halle-saale\/wp-json\/wp\/v2\/pages\/30"}],"wp:attachment":[{"href":"https:\/\/reha-flex.de\/physiotherapie-rueckenzentrum-halle-saale\/wp-json\/wp\/v2\/media?parent=238"}],"curies":[{"name":"wp","href":"https:\/\/api.w.org\/{rel}","templated":true}]}}