{"id":33,"date":"2020-10-06T09:17:14","date_gmt":"2020-10-06T07:17:14","guid":{"rendered":"https:\/\/reha-flex.de\/physiotherapie-rueckenzentrum-halle-saale\/?page_id=33"},"modified":"2021-03-03T14:59:54","modified_gmt":"2021-03-03T13:59:54","slug":"kontakt","status":"publish","type":"page","link":"https:\/\/reha-flex.de\/physiotherapie-rueckenzentrum-halle-saale\/kontakt\/","title":{"rendered":"Kontakt"},"content":{"rendered":"<div id=\"cmsmasters_row_\" class=\"cmsmasters_row cmsmasters_color_scheme_default cmsmasters_row_top_default cmsmasters_row_bot_default cmsmasters_row_boxed\">\n<div class=\"cmsmasters_row_outer_parent\">\n<div class=\"cmsmasters_row_outer\">\n<div class=\"cmsmasters_row_inner\">\n<div class=\"cmsmasters_row_margin\">\n<div id=\"cmsmasters_column_\" class=\"cmsmasters_column one_first\">\n<div class=\"cmsmasters_column_inner\"><div class=\"cmsmasters_text\">\n<p>&nbsp;<\/p>\n<\/div>\n<\/div><\/div>\n<\/div>\n<\/div>\n<\/div>\n<\/div>\n<\/div>\n<div id=\"cmsmasters_row_t4d7d6nrb\" class=\"cmsmasters_row cmsmasters_color_scheme_default cmsmasters_row_top_default cmsmasters_row_bot_default cmsmasters_row_boxed\">\n<div class=\"cmsmasters_row_outer_parent\">\n<div class=\"cmsmasters_row_outer\">\n<div class=\"cmsmasters_row_inner\">\n<div class=\"cmsmasters_row_margin\">\n<div id=\"cmsmasters_column_f3ganx460c\" class=\"cmsmasters_column one_first\">\n<div class=\"cmsmasters_column_inner\"><div id=\"cmsmasters_heading_h7m2v2mz0l\" class=\"cmsmasters_heading_wrap cmsmasters_heading_align_left\">\n\t<h2 class=\"cmsmasters_heading\">Wir freuen uns auf Ihre Kontaktaufnahme!<\/h2>\n<\/div>\n<\/div><\/div>\n<\/div>\n<\/div>\n<\/div>\n<\/div>\n<\/div>\n<div id=\"cmsmasters_row_\" class=\"cmsmasters_row cmsmasters_color_scheme_default cmsmasters_row_top_default cmsmasters_row_bot_default cmsmasters_row_boxed\">\n<div class=\"cmsmasters_row_outer_parent\">\n<div class=\"cmsmasters_row_outer\">\n<div class=\"cmsmasters_row_inner\">\n<div class=\"cmsmasters_row_margin\">\n<div id=\"cmsmasters_column_\" class=\"cmsmasters_column one_first\">\n<div class=\"cmsmasters_column_inner\"><div class=\"cmsmasters_text\">\n<p>&nbsp;<\/p>\n<\/div>\n<\/div><\/div>\n<\/div>\n<\/div>\n<\/div>\n<\/div>\n<\/div>\n<div id=\"cmsmasters_row_dr5dg1z3c\" class=\"cmsmasters_row cmsmasters_color_scheme_default cmsmasters_row_top_default cmsmasters_row_bot_default cmsmasters_row_boxed\">\n<div class=\"cmsmasters_row_outer_parent\">\n<div class=\"cmsmasters_row_outer\">\n<div class=\"cmsmasters_row_inner\">\n<div class=\"cmsmasters_row_margin\">\n<div id=\"cmsmasters_column_kz65giig5\" class=\"cmsmasters_column two_third\">\n<div class=\"cmsmasters_column_inner\"><div class=\"cmsmasters_text\">\n<p class=\"p1\"><span class=\"s1\">Sie haben Anregungen f\u00fcr uns oder ein spezielles Anliegen? Bitte z\u00f6gern Sie nicht und hinterlassen Sie uns hier Ihre Nachricht. <\/span><\/p>\n<p class=\"p1\"><span class=\"s2\">Wir bem\u00fchen uns, Ihnen eine zeitnahe Antwort zu geben!<\/span><\/p>\n<\/div>\n<\/div><\/div>\n<div id=\"cmsmasters_column_hy2ti6bftn\" class=\"cmsmasters_column one_third\">\n<div class=\"cmsmasters_column_inner\"><\/div><\/div>\n<\/div>\n<\/div>\n<\/div>\n<\/div>\n<\/div>\n<div id=\"cmsmasters_row_cq05jacnda\" class=\"cmsmasters_row cmsmasters_color_scheme_default cmsmasters_row_top_default cmsmasters_row_bot_default cmsmasters_row_boxed\">\n<div class=\"cmsmasters_row_outer_parent\">\n<div class=\"cmsmasters_row_outer\">\n<div class=\"cmsmasters_row_inner\">\n<div class=\"cmsmasters_row_margin\">\n<div id=\"cmsmasters_column_lq2xhd23yh\" class=\"cmsmasters_column two_third\">\n<div class=\"cmsmasters_column_inner\">\n<div class=\"cmsmasters_contact_form\">\n<div class=\"wpcf7 no-js\" id=\"wpcf7-f5-o1\" lang=\"de-DE\" dir=\"ltr\" data-wpcf7-id=\"5\">\n<div class=\"screen-reader-response\"><p role=\"status\" aria-live=\"polite\" aria-atomic=\"true\"><\/p> <ul><\/ul><\/div>\n<form action=\"\/physiotherapie-rueckenzentrum-halle-saale\/wp-json\/wp\/v2\/pages\/33#wpcf7-f5-o1\" method=\"post\" class=\"wpcf7-form init\" aria-label=\"Kontaktformular\" novalidate=\"novalidate\" data-status=\"init\">\n<fieldset class=\"hidden-fields-container\"><input type=\"hidden\" name=\"_wpcf7\" value=\"5\" \/><input type=\"hidden\" name=\"_wpcf7_version\" value=\"6.1.5\" \/><input type=\"hidden\" name=\"_wpcf7_locale\" value=\"de_DE_formal\" \/><input type=\"hidden\" name=\"_wpcf7_unit_tag\" value=\"wpcf7-f5-o1\" \/><input type=\"hidden\" name=\"_wpcf7_container_post\" value=\"0\" \/><input type=\"hidden\" name=\"_wpcf7_posted_data_hash\" value=\"\" \/><input type=\"hidden\" name=\"_wpcf7cf_hidden_group_fields\" value=\"[]\" \/><input type=\"hidden\" name=\"_wpcf7cf_hidden_groups\" value=\"[]\" \/><input type=\"hidden\" name=\"_wpcf7cf_visible_groups\" value=\"[]\" \/><input type=\"hidden\" name=\"_wpcf7cf_repeaters\" value=\"[]\" \/><input type=\"hidden\" name=\"_wpcf7cf_steps\" value=\"{}\" \/><input type=\"hidden\" name=\"_wpcf7cf_options\" value=\"{&quot;form_id&quot;:5,&quot;conditions&quot;:[],&quot;settings&quot;:{&quot;animation&quot;:&quot;yes&quot;,&quot;animation_intime&quot;:200,&quot;animation_outtime&quot;:200,&quot;conditions_ui&quot;:&quot;normal&quot;,&quot;notice_dismissed&quot;:false}}\" \/>\n<\/fieldset>\n<div class=\"cmsmasters_row_margin cmsmasters_13\">\n\t<div class=\"cmsmasters_column one_first\">\n\t\t<p><label class=\"required-field-marker\">Ihr Nachname<\/label><span class=\"wpcf7-form-control-wrap\" data-name=\"kontakt-nachname\"><input size=\"40\" maxlength=\"400\" class=\"wpcf7-form-control wpcf7-text wpcf7-validates-as-required\" aria-required=\"true\" aria-invalid=\"false\" placeholder=\"Nachname\" value=\"\" type=\"text\" name=\"kontakt-nachname\" \/><\/span>\n\t\t<\/p>\n\t\t<p><label class=\"required-field-marker\">Ihr Vorname<\/label><span class=\"wpcf7-form-control-wrap\" data-name=\"kontakt-vorname\"><input size=\"40\" maxlength=\"400\" class=\"wpcf7-form-control wpcf7-text wpcf7-validates-as-required\" aria-required=\"true\" aria-invalid=\"false\" placeholder=\"Vorname\" value=\"\" type=\"text\" name=\"kontakt-vorname\" \/><\/span>\n\t\t<\/p>\n\t\t<p><label class=\"required-field-marker\">Ihr Anschrift<\/label><span class=\"wpcf7-form-control-wrap\" data-name=\"kontakt-anschrift\"><input size=\"40\" maxlength=\"400\" class=\"wpcf7-form-control wpcf7-text wpcf7-validates-as-required\" aria-required=\"true\" aria-invalid=\"false\" placeholder=\"Stra\u00dfe, Hausnummer\" value=\"\" type=\"text\" name=\"kontakt-anschrift\" \/><\/span>\n\t\t<\/p>\n\t\t<p><label class=\"required-field-marker\">PLZ, Ort<\/label><span class=\"wpcf7-form-control-wrap\" data-name=\"kontakt-plz-ort\"><input size=\"40\" maxlength=\"400\" class=\"wpcf7-form-control wpcf7-text wpcf7-validates-as-required\" aria-required=\"true\" aria-invalid=\"false\" placeholder=\"PLZ, Ort\" value=\"\" type=\"text\" name=\"kontakt-plz-ort\" \/><\/span>\n\t\t<\/p>\n\t\t<p><label>Ihr Telefonnummer<\/label><span class=\"wpcf7-form-control-wrap\" data-name=\"kontakt-telefon\"><input size=\"40\" maxlength=\"400\" class=\"wpcf7-form-control wpcf7-text\" aria-invalid=\"false\" placeholder=\"Ihre Telefonnummer\" value=\"\" type=\"text\" name=\"kontakt-telefon\" \/><\/span>\n\t\t<\/p>\n\t\t<p><label class=\"required-field-marker\">Ihre E-Mail-Adresse<\/label><span class=\"wpcf7-form-control-wrap\" data-name=\"kontakt-email\"><input size=\"40\" maxlength=\"400\" class=\"wpcf7-form-control wpcf7-email wpcf7-validates-as-required wpcf7-text wpcf7-validates-as-email\" aria-required=\"true\" aria-invalid=\"false\" placeholder=\"Ihre E-Mail-Adresse\" value=\"\" type=\"email\" name=\"kontakt-email\" \/><\/span>\n\t\t<\/p>\n\t\t<p><label class=\"required-field-marker\">Ihre Nachricht, Anmerkungen, Anregungen \u2026<\/label><span class=\"wpcf7-form-control-wrap\" data-name=\"kontakt-nachricht\"><textarea cols=\"40\" rows=\"10\" maxlength=\"2000\" class=\"wpcf7-form-control wpcf7-textarea wpcf7-validates-as-required\" aria-required=\"true\" aria-invalid=\"false\" placeholder=\"Ihre Nachricht an uns \u2026\" name=\"kontakt-nachricht\"><\/textarea><\/span>\n\t\t<\/p>\n\t<\/div>\n<\/div>\n<p><span id=\"wpcf7-69f62a8ad9477-wrapper\" class=\"wpcf7-form-control-wrap email-wrap\" style=\"display:none !important; visibility:hidden !important;\"><label for=\"wpcf7-69f62a8ad9477-field\" class=\"hp-message\">Bitte lassen Sie dieses Feld leer.<\/label><input id=\"wpcf7-69f62a8ad9477-field\"  class=\"wpcf7-form-control wpcf7-text\" type=\"text\" name=\"email\" value=\"\" size=\"40\" tabindex=\"-1\" autocomplete=\"new-password\" \/><\/span>\n<\/p>\n<div class=\"cmsmasters_row_margin cmsmasters_14\">\n\t<div class=\"cmsmasters_column one_first\">\n\t\t<p><span class=\"wpcf7-form-control-wrap\" data-name=\"accept-dsgvo\"><span class=\"wpcf7-form-control wpcf7-acceptance\"><span class=\"wpcf7-list-item\"><label><input type=\"checkbox\" name=\"accept-dsgvo\" value=\"1\" aria-invalid=\"false\" \/><span class=\"wpcf7-list-item-label\">Die <a href=\"\/datenschutzerklaerung\" target=\"_blank\">Datenschutzbestimmungen<\/a> habe ich gelesen und stimme diesen zu.<\/span><\/label><\/span><\/span><\/span>\n\t\t<\/p>\n\t\t<p><input class=\"wpcf7-form-control wpcf7-submit has-spinner\" type=\"submit\" value=\"Senden\" \/>\n\t\t<\/p>\n\t<\/div>\n<\/div><div class=\"wpcf7-response-output\" aria-hidden=\"true\"><\/div>\n<\/form>\n<\/div>\n<\/div>\n<\/div><\/div>\n<div id=\"cmsmasters_column_llvlkzwru\" class=\"cmsmasters_column one_third\">\n<div class=\"cmsmasters_column_inner\"><\/div><\/div>\n<\/div>\n<\/div>\n<\/div>\n<\/div>\n<\/div>\n<div id=\"cmsmasters_row_lvcsa4dfl\" class=\"cmsmasters_row cmsmasters_color_scheme_default cmsmasters_row_top_default cmsmasters_row_bot_default cmsmasters_row_boxed\">\n<div class=\"cmsmasters_row_outer_parent\">\n<div class=\"cmsmasters_row_outer\">\n<div class=\"cmsmasters_row_inner\">\n<div class=\"cmsmasters_row_margin\">\n<div id=\"cmsmasters_column_2dze0bzvq6\" class=\"cmsmasters_column two_third\">\n<div class=\"cmsmasters_column_inner\"><div class=\"cmsmasters_text\">\n<p>reha FLEX<br \/>\nPhysiotherapie- und R\u00fcckenzentrum Halle\/Saale GmbH<br \/>\nSteg 1<br \/>\n06110 Halle (Saale)<\/p>\n<p>Telefon: 0345-27 987 987<br \/>\nTelefax: 0345-27 987 989<\/p>\n<p>E-Mail: <a href=\"mailto:trz@reha-flex.de\" target=\"_blank\" rel=\"noopener noreferrer\">trz@reha-flex.de<\/a><\/p>\n<\/div>\n<\/div><\/div>\n<div id=\"cmsmasters_column_s41j8jjemg\" class=\"cmsmasters_column one_third\">\n<div class=\"cmsmasters_column_inner\"><\/div><\/div>\n<\/div>\n<\/div>\n<\/div>\n<\/div>\n<\/div>\n<div id=\"cmsmasters_row_ecrqfizjwr\" class=\"cmsmasters_row cmsmasters_color_scheme_default cmsmasters_row_top_default cmsmasters_row_bot_default cmsmasters_row_boxed\">\n<div class=\"cmsmasters_row_outer_parent\">\n<div class=\"cmsmasters_row_outer\">\n<div class=\"cmsmasters_row_inner\">\n<div class=\"cmsmasters_row_margin\">\n<div id=\"cmsmasters_column_giz4l97gn\" class=\"cmsmasters_column one_first\">\n<div class=\"cmsmasters_column_inner\">\n<div id=\"cmsmasters_divider_t5y8ww9w3\" class=\"cmsmasters_divider cmsmasters_divider_width_long cmsmasters_divider_pos_center\"><\/div>\n<\/div><\/div>\n<\/div>\n<\/div>\n<\/div>\n<\/div>\n<\/div>\n<div id=\"cmsmasters_row_sj5q128pbq\" class=\"cmsmasters_row cmsmasters_color_scheme_default cmsmasters_row_top_default cmsmasters_row_bot_default cmsmasters_row_boxed\">\n<div class=\"cmsmasters_row_outer_parent\">\n<div class=\"cmsmasters_row_outer\">\n<div class=\"cmsmasters_row_inner\">\n<div class=\"cmsmasters_row_margin\">\n<div id=\"cmsmasters_column_nq5whany0j\" class=\"cmsmasters_column one_first\">\n<div class=\"cmsmasters_column_inner\"><div id=\"cmsmasters_heading_94vb6nkgf\" class=\"cmsmasters_heading_wrap cmsmasters_heading_align_left\">\n\t<h4 class=\"cmsmasters_heading\">Hier finden Sie uns<\/h4>\n<\/div><div class=\"custom_html\">\n<div class=\"BorlabsCookie _brlbs-cb-googlemaps\"><div class=\"_brlbs-content-blocker\"> <div class=\"_brlbs-embed _brlbs-google-maps\"> <!--img class=\"_brlbs-thumbnail\" src=\"https:\/\/reha-flex.de\/wp-content\/plugins\/borlabs-cookie\/assets\/images\/cb-maps.png\" alt=\"Google Maps\"--> <img class=\"_brlbs-thumbnail\" src=\"https:\/\/reha-flex.de\/wp-content\/themes\/medical-clinic-child\/img\/borlabs-rehaflex-fond.jpg\" alt=\"Google Maps\"> <div class=\"_brlbs-caption\"> <p>Mit dem Laden der Karte akzeptieren Sie die Datenschutzerkl\u00e4rung von Google.<br><a href=\"https:\/\/policies.google.com\/privacy\" target=\"_blank\" rel=\"nofollow noopener noreferrer\" style=\"color: #00accb;\">Mehr erfahren<\/a><\/p> <p><a class=\"_brlbs-btn\" href=\"#\" data-borlabs-cookie-unblock role=\"button\" style=\"color: #fff;\">Karte laden<\/a><\/p> <p><label><input type=\"checkbox\" name=\"unblockAll\" value=\"1\" checked> <small>Google Maps immer entsperren<\/small><\/label><\/p> <\/div> <\/div> <\/div><div class=\"borlabs-hide\" data-borlabs-cookie-type=\"content-blocker\" data-borlabs-cookie-id=\"googlemaps\"><script type=\"text\/template\">PGlmcmFtZSBsb2FkaW5nPSJsYXp5IiBzdHlsZT0iYm9yZGVyOiAwOyIgdGFiaW5kZXg9IjAiIHNyYz0iaHR0cHM6Ly93d3cuZ29vZ2xlLmNvbS9tYXBzL2VtYmVkP3BiPSExbTE4ITFtMTIhMW0zITFkMjQ4NC44OTgwOTU5NjY1OTE0ITJkMTEuOTYzOTQ2OTE2NTE2MTE2ITNkNTEuNDc4Mzg0Nzc5NjMwMzEhMm0zITFmMCEyZjAhM2YwITNtMiExaTEwMjQhMmk3NjghNGYxMy4xITNtMyExbTIhMXMweDQ3YTY2MzRiZjc2YWExMzklM0EweDU1NGUxZDU0ODViZjdlZmEhMnNTdGVnJTIwMSUyQyUyMDA2MTEwJTIwSGFsbGUlMjAoU2FhbGUpITVlMCEzbTIhMXNkZSEyc2RlITR2MTYwNTY1MTY0OTg1OCE1bTIhMXNkZSEyc2RlIiB3aWR0aD0iMTAwJSIgaGVpZ2h0PSI0NTAiIGZyYW1lYm9yZGVyPSIwIiBhbGxvd2Z1bGxzY3JlZW49ImFsbG93ZnVsbHNjcmVlbiIgYXJpYS1oaWRkZW49ImZhbHNlIj48L2lmcmFtZT4=<\/script><\/div><\/div>\n<\/div>\n<div class=\"cmsmasters_text\">\n<p class=\"p1\">Die Saaleklinik verf\u00fcgt \u00fcber eine eigene Parkgarage und ist komplett\u00a0behindertengerecht ausgestattet.\u00a0F\u00fcr die Anfahrt ist die Benutzung der Stra\u00dfenbahnlinien 4 und 9 m\u00f6glich.<\/p>\n<\/div>\n<\/div><\/div>\n<\/div>\n<\/div>\n<\/div>\n<\/div>\n<\/div>\n\n","protected":false},"excerpt":{"rendered":"","protected":false},"author":1,"featured_media":0,"parent":0,"menu_order":700,"comment_status":"closed","ping_status":"closed","template":"","meta":{"footnotes":""},"class_list":["post-33","page","type-page","status-publish","hentry"],"yoast_head":"<!-- This site is optimized with the Yoast SEO plugin v26.9 - https:\/\/yoast.com\/product\/yoast-seo-wordpress\/ -->\n<title>Kontakt - Physiotherapie- u. R\u00fcckenzentrum Halle\/Saale<\/title>\n<meta name=\"robots\" content=\"index, follow, max-snippet:-1, max-image-preview:large, max-video-preview:-1\" \/>\n<link rel=\"canonical\" href=\"https:\/\/reha-flex.de\/physiotherapie-rueckenzentrum-halle-saale\/kontakt\/\" \/>\n<meta property=\"og:locale\" content=\"de_DE\" \/>\n<meta property=\"og:type\" content=\"article\" \/>\n<meta property=\"og:title\" content=\"Kontakt - Physiotherapie- u. R\u00fcckenzentrum Halle\/Saale\" \/>\n<meta property=\"og:url\" content=\"https:\/\/reha-flex.de\/physiotherapie-rueckenzentrum-halle-saale\/kontakt\/\" \/>\n<meta property=\"og:site_name\" content=\"Physiotherapie- u. R\u00fcckenzentrum Halle\/Saale\" \/>\n<meta property=\"article:modified_time\" content=\"2021-03-03T13:59:54+00:00\" \/>\n<meta name=\"twitter:card\" content=\"summary_large_image\" \/>\n<meta name=\"twitter:label1\" content=\"Gesch\u00e4tzte Lesezeit\" \/>\n\t<meta name=\"twitter:data1\" content=\"2\u00a0Minuten\" \/>\n<script type=\"application\/ld+json\" class=\"yoast-schema-graph\">{\"@context\":\"https:\/\/schema.org\",\"@graph\":[{\"@type\":\"WebPage\",\"@id\":\"https:\/\/reha-flex.de\/physiotherapie-rueckenzentrum-halle-saale\/kontakt\/\",\"url\":\"https:\/\/reha-flex.de\/physiotherapie-rueckenzentrum-halle-saale\/kontakt\/\",\"name\":\"Kontakt - Physiotherapie- u. R\u00fcckenzentrum Halle\/Saale\",\"isPartOf\":{\"@id\":\"https:\/\/reha-flex.de\/physiotherapie-rueckenzentrum-halle-saale\/#website\"},\"datePublished\":\"2020-10-06T07:17:14+00:00\",\"dateModified\":\"2021-03-03T13:59:54+00:00\",\"breadcrumb\":{\"@id\":\"https:\/\/reha-flex.de\/physiotherapie-rueckenzentrum-halle-saale\/kontakt\/#breadcrumb\"},\"inLanguage\":\"de\",\"potentialAction\":[{\"@type\":\"ReadAction\",\"target\":[\"https:\/\/reha-flex.de\/physiotherapie-rueckenzentrum-halle-saale\/kontakt\/\"]}]},{\"@type\":\"BreadcrumbList\",\"@id\":\"https:\/\/reha-flex.de\/physiotherapie-rueckenzentrum-halle-saale\/kontakt\/#breadcrumb\",\"itemListElement\":[{\"@type\":\"ListItem\",\"position\":1,\"name\":\"Startseite\",\"item\":\"https:\/\/reha-flex.de\/physiotherapie-rueckenzentrum-halle-saale\/\"},{\"@type\":\"ListItem\",\"position\":2,\"name\":\"Kontakt\"}]},{\"@type\":\"WebSite\",\"@id\":\"https:\/\/reha-flex.de\/physiotherapie-rueckenzentrum-halle-saale\/#website\",\"url\":\"https:\/\/reha-flex.de\/physiotherapie-rueckenzentrum-halle-saale\/\",\"name\":\"Physiotherapie- u. R\u00fcckenzentrum Halle\/Saale\",\"description\":\"\",\"potentialAction\":[{\"@type\":\"SearchAction\",\"target\":{\"@type\":\"EntryPoint\",\"urlTemplate\":\"https:\/\/reha-flex.de\/physiotherapie-rueckenzentrum-halle-saale\/?s={search_term_string}\"},\"query-input\":{\"@type\":\"PropertyValueSpecification\",\"valueRequired\":true,\"valueName\":\"search_term_string\"}}],\"inLanguage\":\"de\"}]}<\/script>\n<!-- \/ Yoast SEO plugin. -->","yoast_head_json":{"title":"Kontakt - Physiotherapie- u. R\u00fcckenzentrum Halle\/Saale","robots":{"index":"index","follow":"follow","max-snippet":"max-snippet:-1","max-image-preview":"max-image-preview:large","max-video-preview":"max-video-preview:-1"},"canonical":"https:\/\/reha-flex.de\/physiotherapie-rueckenzentrum-halle-saale\/kontakt\/","og_locale":"de_DE","og_type":"article","og_title":"Kontakt - Physiotherapie- u. R\u00fcckenzentrum Halle\/Saale","og_url":"https:\/\/reha-flex.de\/physiotherapie-rueckenzentrum-halle-saale\/kontakt\/","og_site_name":"Physiotherapie- u. R\u00fcckenzentrum Halle\/Saale","article_modified_time":"2021-03-03T13:59:54+00:00","twitter_card":"summary_large_image","twitter_misc":{"Gesch\u00e4tzte Lesezeit":"2\u00a0Minuten"},"schema":{"@context":"https:\/\/schema.org","@graph":[{"@type":"WebPage","@id":"https:\/\/reha-flex.de\/physiotherapie-rueckenzentrum-halle-saale\/kontakt\/","url":"https:\/\/reha-flex.de\/physiotherapie-rueckenzentrum-halle-saale\/kontakt\/","name":"Kontakt - Physiotherapie- u. R\u00fcckenzentrum Halle\/Saale","isPartOf":{"@id":"https:\/\/reha-flex.de\/physiotherapie-rueckenzentrum-halle-saale\/#website"},"datePublished":"2020-10-06T07:17:14+00:00","dateModified":"2021-03-03T13:59:54+00:00","breadcrumb":{"@id":"https:\/\/reha-flex.de\/physiotherapie-rueckenzentrum-halle-saale\/kontakt\/#breadcrumb"},"inLanguage":"de","potentialAction":[{"@type":"ReadAction","target":["https:\/\/reha-flex.de\/physiotherapie-rueckenzentrum-halle-saale\/kontakt\/"]}]},{"@type":"BreadcrumbList","@id":"https:\/\/reha-flex.de\/physiotherapie-rueckenzentrum-halle-saale\/kontakt\/#breadcrumb","itemListElement":[{"@type":"ListItem","position":1,"name":"Startseite","item":"https:\/\/reha-flex.de\/physiotherapie-rueckenzentrum-halle-saale\/"},{"@type":"ListItem","position":2,"name":"Kontakt"}]},{"@type":"WebSite","@id":"https:\/\/reha-flex.de\/physiotherapie-rueckenzentrum-halle-saale\/#website","url":"https:\/\/reha-flex.de\/physiotherapie-rueckenzentrum-halle-saale\/","name":"Physiotherapie- u. R\u00fcckenzentrum Halle\/Saale","description":"","potentialAction":[{"@type":"SearchAction","target":{"@type":"EntryPoint","urlTemplate":"https:\/\/reha-flex.de\/physiotherapie-rueckenzentrum-halle-saale\/?s={search_term_string}"},"query-input":{"@type":"PropertyValueSpecification","valueRequired":true,"valueName":"search_term_string"}}],"inLanguage":"de"}]}},"_links":{"self":[{"href":"https:\/\/reha-flex.de\/physiotherapie-rueckenzentrum-halle-saale\/wp-json\/wp\/v2\/pages\/33","targetHints":{"allow":["GET"]}}],"collection":[{"href":"https:\/\/reha-flex.de\/physiotherapie-rueckenzentrum-halle-saale\/wp-json\/wp\/v2\/pages"}],"about":[{"href":"https:\/\/reha-flex.de\/physiotherapie-rueckenzentrum-halle-saale\/wp-json\/wp\/v2\/types\/page"}],"author":[{"embeddable":true,"href":"https:\/\/reha-flex.de\/physiotherapie-rueckenzentrum-halle-saale\/wp-json\/wp\/v2\/users\/1"}],"replies":[{"embeddable":true,"href":"https:\/\/reha-flex.de\/physiotherapie-rueckenzentrum-halle-saale\/wp-json\/wp\/v2\/comments?post=33"}],"version-history":[{"count":25,"href":"https:\/\/reha-flex.de\/physiotherapie-rueckenzentrum-halle-saale\/wp-json\/wp\/v2\/pages\/33\/revisions"}],"predecessor-version":[{"id":622,"href":"https:\/\/reha-flex.de\/physiotherapie-rueckenzentrum-halle-saale\/wp-json\/wp\/v2\/pages\/33\/revisions\/622"}],"wp:attachment":[{"href":"https:\/\/reha-flex.de\/physiotherapie-rueckenzentrum-halle-saale\/wp-json\/wp\/v2\/media?parent=33"}],"curies":[{"name":"wp","href":"https:\/\/api.w.org\/{rel}","templated":true}]}}