{"id":428,"date":"2020-12-13T17:16:31","date_gmt":"2020-12-13T16:16:31","guid":{"rendered":"https:\/\/reha-flex.de\/physiotherapie-rueckenzentrum-halle-saale\/?page_id=428"},"modified":"2022-05-16T15:24:59","modified_gmt":"2022-05-16T13:24:59","slug":"rueckentherapie","status":"publish","type":"page","link":"https:\/\/reha-flex.de\/physiotherapie-rueckenzentrum-halle-saale\/rueckentherapie\/","title":{"rendered":"R\u00fcckentherapie"},"content":{"rendered":"<div id=\"cmsmasters_row_o65nm0nlls\" class=\"cmsmasters_row cmsmasters_color_scheme_default cmsmasters_row_top_default cmsmasters_row_bot_default cmsmasters_row_fullwidth\">\n<div class=\"cmsmasters_row_outer_parent\">\n<div class=\"cmsmasters_row_outer\">\n<div class=\"cmsmasters_row_inner cmsmasters_row_fullwidth\">\n<div class=\"cmsmasters_row_margin\">\n<div id=\"cmsmasters_column_e6hkiiiaar\" class=\"cmsmasters_column one_first\">\n<div class=\"cmsmasters_column_inner\">\n<div class=\"cmsmasters_slider\">\n\t\t\t<!-- START reha FLEXSlider TRZ Praxis R\u00fcckentherapie REVOLUTION SLIDER 6.7.40 --><p class=\"rs-p-wp-fix\"><\/p>\n\t\t\t<rs-module-wrap id=\"rev_slider_4_1_wrapper\" data-source=\"gallery\" style=\"visibility:hidden;background:transparent;padding:0;margin:0px auto;margin-top:0;margin-bottom:0;\">\n\t\t\t\t<rs-module id=\"rev_slider_4_1\" style=\"\" data-version=\"6.7.40\">\n\t\t\t\t\t<rs-slides style=\"overflow: hidden; position: absolute;\">\n\t\t\t\t\t\t<rs-slide style=\"position: absolute;\" data-key=\"rs-18\" data-title=\"Slide\" data-thumb=\"\/\/reha-flex.de\/physiotherapie-rueckenzentrum-halle-saale\/wp-content\/uploads\/sites\/7\/2021\/01\/Rueckentherapie_DAVID-Geraete.jpg\" data-anim=\"ms:600;r:0;\" data-in=\"o:0;\" data-out=\"a:false;\">\n\t\t\t\t\t\t\t<img decoding=\"async\" src=\"\/\/reha-flex.de\/wp-content\/plugins\/revslider\/sr6\/assets\/assets\/dummy.png\" alt=\"\" title=\"Rueckentherapie_DAVID-Geraete\" width=\"1920\" height=\"1280\" class=\"rev-slidebg tp-rs-img rs-lazyload\" data-lazyload=\"\/\/reha-flex.de\/physiotherapie-rueckenzentrum-halle-saale\/wp-content\/uploads\/sites\/7\/2021\/01\/Rueckentherapie_DAVID-Geraete.jpg\" data-bg=\"p:0% 20%;\" data-no-retina>\n<!--\n\t\t\t\t\t\t\t--><rs-layer\n\t\t\t\t\t\t\t\tid=\"slider-4-slide-18-layer-5\" \n\t\t\t\t\t\t\t\tdata-type=\"text\"\n\t\t\t\t\t\t\t\tdata-color=\"#fff\"\n\t\t\t\t\t\t\t\tdata-rsp_ch=\"on\"\n\t\t\t\t\t\t\t\tdata-xy=\"xo:946px,504px,382px,235px;yo:80px,42px,31px,19px;\"\n\t\t\t\t\t\t\t\tdata-text=\"w:normal;s:47,25,18,11;l:60,32,24,14;ls:2px,1px,0px,0px;fw:300;\"\n\t\t\t\t\t\t\t\tdata-dim=\"minh:0,none,none,none;\"\n\t\t\t\t\t\t\t\tdata-frame_1=\"e:power0.in;sp:1000;\"\n\t\t\t\t\t\t\t\tdata-frame_999=\"o:0;e:power0.inOut;st:w;\"\n\t\t\t\t\t\t\t\tstyle=\"z-index:9;font-family:'Rubik';text-transform:uppercase;\"\n\t\t\t\t\t\t\t>Beweisen Sie R\u00fcckgrat \n\t\t\t\t\t\t\t<\/rs-layer><!--\n\n\t\t\t\t\t\t\t--><rs-layer\n\t\t\t\t\t\t\t\tid=\"slider-4-slide-18-layer-6\" \n\t\t\t\t\t\t\t\tdata-type=\"shape\"\n\t\t\t\t\t\t\t\tdata-rsp_ch=\"on\"\n\t\t\t\t\t\t\t\tdata-xy=\"xo:915px,488px,370px,228px;yo:58px,30px,22px,13px;\"\n\t\t\t\t\t\t\t\tdata-text=\"w:normal;s:20,10,7,4;l:0,13,9,6;\"\n\t\t\t\t\t\t\t\tdata-dim=\"w:653px,348px,264px,162px;h:102px,54px,41px,25px;\"\n\t\t\t\t\t\t\t\tdata-frame_1=\"e:power0.in;sp:1000;\"\n\t\t\t\t\t\t\t\tdata-frame_999=\"o:0;st:w;\"\n\t\t\t\t\t\t\t\tstyle=\"z-index:8;background-color:rgba(0,171,203,0.9);\"\n\t\t\t\t\t\t\t> \n\t\t\t\t\t\t\t<\/rs-layer><!--\n-->\t\t\t\t\t<\/rs-slide>\n\t\t\t\t\t\t<rs-slide style=\"position: absolute;\" data-key=\"rs-20\" data-title=\"Slide\" data-thumb=\"\/\/reha-flex.de\/physiotherapie-rueckenzentrum-halle-saale\/wp-content\/uploads\/sites\/7\/2021\/01\/Rueckentherapie_DAVID-Geraete_2.jpg\" data-anim=\"ms:600;r:0;\" data-in=\"o:0;\" data-out=\"a:false;\">\n\t\t\t\t\t\t\t<img decoding=\"async\" src=\"\/\/reha-flex.de\/wp-content\/plugins\/revslider\/sr6\/assets\/assets\/dummy.png\" alt=\"\" title=\"Rueckentherapie_DAVID-Geraete_2\" width=\"1903\" height=\"1280\" class=\"rev-slidebg tp-rs-img rs-lazyload\" data-lazyload=\"\/\/reha-flex.de\/physiotherapie-rueckenzentrum-halle-saale\/wp-content\/uploads\/sites\/7\/2021\/01\/Rueckentherapie_DAVID-Geraete_2.jpg\" data-bg=\"p:0% 30%;\" data-no-retina>\n<!--\n\t\t\t\t\t\t\t--><rs-layer\n\t\t\t\t\t\t\t\tid=\"slider-4-slide-20-layer-7\" \n\t\t\t\t\t\t\t\tdata-type=\"text\"\n\t\t\t\t\t\t\t\tdata-color=\"#fff\"\n\t\t\t\t\t\t\t\tdata-rsp_ch=\"on\"\n\t\t\t\t\t\t\t\tdata-xy=\"xo:764px,407px,309px,190px;yo:406px,216px,164px,101px;\"\n\t\t\t\t\t\t\t\tdata-text=\"w:normal;s:47,25,18,11;l:60,32,24,14;ls:2px,1px,0px,0px;fw:300;\"\n\t\t\t\t\t\t\t\tdata-dim=\"w:534px,284px,215px,132px;minh:0,none,none,none;\"\n\t\t\t\t\t\t\t\tdata-frame_1=\"e:power0.in;sp:1000;\"\n\t\t\t\t\t\t\t\tdata-frame_999=\"o:0;st:w;\"\n\t\t\t\t\t\t\t\tstyle=\"z-index:9;font-family:'Rubik';text-transform:uppercase;\"\n\t\t\t\t\t\t\t>Geben Sie R\u00fcckenschmerzen keine Chance \n\t\t\t\t\t\t\t<\/rs-layer><!--\n\n\t\t\t\t\t\t\t--><rs-layer\n\t\t\t\t\t\t\t\tid=\"slider-4-slide-20-layer-8\" \n\t\t\t\t\t\t\t\tdata-type=\"shape\"\n\t\t\t\t\t\t\t\tdata-rsp_ch=\"on\"\n\t\t\t\t\t\t\t\tdata-xy=\"xo:738px,393px,298px,183px;yo:395px,210px,159px,98px;\"\n\t\t\t\t\t\t\t\tdata-text=\"w:normal;s:20,10,7,4;l:0,13,9,6;\"\n\t\t\t\t\t\t\t\tdata-dim=\"w:533px,284px,215px,132px;h:208px,110px,83px,51px;\"\n\t\t\t\t\t\t\t\tdata-frame_1=\"e:power0.in;sp:1000;\"\n\t\t\t\t\t\t\t\tdata-frame_999=\"o:0;st:w;\"\n\t\t\t\t\t\t\t\tstyle=\"z-index:8;background-color:rgba(0,171,203,0.9);\"\n\t\t\t\t\t\t\t> \n\t\t\t\t\t\t\t<\/rs-layer><!--\n-->\t\t\t\t\t<\/rs-slide>\n\t\t\t\t\t\t<rs-slide style=\"position: absolute;\" data-key=\"rs-19\" data-title=\"Slide\" data-thumb=\"\/\/reha-flex.de\/physiotherapie-rueckenzentrum-halle-saale\/wp-content\/uploads\/sites\/7\/2021\/01\/Rueckentherapie_DAVID-Geraete_4_full.jpg\" data-anim=\"ms:600;r:0;\" data-in=\"o:0;\" data-out=\"a:false;\">\n\t\t\t\t\t\t\t<img decoding=\"async\" src=\"\/\/reha-flex.de\/wp-content\/plugins\/revslider\/sr6\/assets\/assets\/dummy.png\" alt=\"\" title=\"Rueckentherapie_DAVID-Geraete_4_full\" width=\"1903\" height=\"1280\" class=\"rev-slidebg tp-rs-img rs-lazyload\" data-lazyload=\"\/\/reha-flex.de\/physiotherapie-rueckenzentrum-halle-saale\/wp-content\/uploads\/sites\/7\/2021\/01\/Rueckentherapie_DAVID-Geraete_4_full.jpg\" data-bg=\"p:center top;\" data-no-retina>\n<!--\n\t\t\t\t\t\t\t--><rs-layer\n\t\t\t\t\t\t\t\tid=\"slider-4-slide-19-layer-9\" \n\t\t\t\t\t\t\t\tdata-type=\"text\"\n\t\t\t\t\t\t\t\tdata-color=\"#fff\"\n\t\t\t\t\t\t\t\tdata-rsp_ch=\"on\"\n\t\t\t\t\t\t\t\tdata-xy=\"xo:250px,133px,101px,62px;yo:153px,81px,61px,37px;\"\n\t\t\t\t\t\t\t\tdata-text=\"w:normal;s:47,25,18,11;l:60,32,24,14;ls:2px,1px,0px,0px;fw:300;\"\n\t\t\t\t\t\t\t\tdata-dim=\"minh:0,none,none,none;\"\n\t\t\t\t\t\t\t\tdata-frame_1=\"e:power0.in;sp:1000;\"\n\t\t\t\t\t\t\t\tdata-frame_999=\"o:0;st:w;\"\n\t\t\t\t\t\t\t\tstyle=\"z-index:9;font-family:'Rubik';text-transform:uppercase;\"\n\t\t\t\t\t\t\t>Gezielte <br \/>\nR\u00fcckentherapie<br \/>\nhilft \n\t\t\t\t\t\t\t<\/rs-layer><!--\n\n\t\t\t\t\t\t\t--><rs-layer\n\t\t\t\t\t\t\t\tid=\"slider-4-slide-19-layer-10\" \n\t\t\t\t\t\t\t\tdata-type=\"shape\"\n\t\t\t\t\t\t\t\tdata-rsp_ch=\"on\"\n\t\t\t\t\t\t\t\tdata-xy=\"xo:224px,119px,90px,55px;yo:139px,74px,56px,34px;\"\n\t\t\t\t\t\t\t\tdata-text=\"w:normal;s:20,10,7,4;l:0,13,9,6;\"\n\t\t\t\t\t\t\t\tdata-dim=\"w:475px,253px,192px,118px;h:212px,113px,85px,52px;\"\n\t\t\t\t\t\t\t\tdata-frame_1=\"e:power0.in;sp:1000;\"\n\t\t\t\t\t\t\t\tdata-frame_999=\"o:0;st:w;\"\n\t\t\t\t\t\t\t\tstyle=\"z-index:8;background-color:rgba(0,171,203,0.9);\"\n\t\t\t\t\t\t\t> \n\t\t\t\t\t\t\t<\/rs-layer><!--\n-->\t\t\t\t\t<\/rs-slide>\n\t\t\t\t\t\t<rs-slide style=\"position: absolute;\" data-key=\"rs-21\" data-title=\"Slide\" data-thumb=\"\/\/reha-flex.de\/physiotherapie-rueckenzentrum-halle-saale\/wp-content\/uploads\/sites\/7\/2021\/01\/Rueckentherapie_DAVID-Geraete_4.jpg\" data-anim=\"ms:1000;r:0;\" data-in=\"o:0;\" data-out=\"a:false;\">\n\t\t\t\t\t\t\t<img decoding=\"async\" src=\"\/\/reha-flex.de\/wp-content\/plugins\/revslider\/sr6\/assets\/assets\/dummy.png\" alt=\"\" title=\"Rueckentherapie_DAVID-Geraete_4\" width=\"1903\" height=\"1099\" class=\"rev-slidebg tp-rs-img rs-lazyload\" data-lazyload=\"\/\/reha-flex.de\/physiotherapie-rueckenzentrum-halle-saale\/wp-content\/uploads\/sites\/7\/2021\/01\/Rueckentherapie_DAVID-Geraete_4.jpg\" data-bg=\"p:0% 80%;\" data-no-retina>\n<!---->\t\t\t\t\t<\/rs-slide>\n\t\t\t\t\t\t<rs-slide style=\"position: absolute;\" data-key=\"rs-26\" data-title=\"Slide\" data-thumb=\"\/\/reha-flex.de\/physiotherapie-rueckenzentrum-halle-saale\/wp-content\/uploads\/sites\/7\/2021\/01\/Rueckentherapie_DAVID-Geraete3_full.jpg\" data-anim=\"ms:1000;r:0;\" data-in=\"o:0;\" data-out=\"a:false;\">\n\t\t\t\t\t\t\t<img decoding=\"async\" src=\"\/\/reha-flex.de\/wp-content\/plugins\/revslider\/sr6\/assets\/assets\/dummy.png\" alt=\"\" title=\"Rueckentherapie_DAVID-Geraete3_full\" width=\"1920\" height=\"1280\" class=\"rev-slidebg tp-rs-img rs-lazyload\" data-lazyload=\"\/\/reha-flex.de\/physiotherapie-rueckenzentrum-halle-saale\/wp-content\/uploads\/sites\/7\/2021\/01\/Rueckentherapie_DAVID-Geraete3_full.jpg\" data-bg=\"p:0% 0%;\" data-no-retina>\n<!--\n\t\t\t\t\t\t\t--><rs-layer\n\t\t\t\t\t\t\t\tid=\"slider-4-slide-26-layer-11\" \n\t\t\t\t\t\t\t\tdata-type=\"text\"\n\t\t\t\t\t\t\t\tdata-color=\"#fff\"\n\t\t\t\t\t\t\t\tdata-rsp_ch=\"on\"\n\t\t\t\t\t\t\t\tdata-xy=\"xo:1301px,693px,526px,324px;yo:192px,102px,77px,47px;\"\n\t\t\t\t\t\t\t\tdata-text=\"w:normal;s:47,25,18,11;l:60,32,24,14;ls:2px,1px,0px,0px;fw:300;\"\n\t\t\t\t\t\t\t\tdata-dim=\"w:479px,255px,193px,119px;minh:0,none,none,none;\"\n\t\t\t\t\t\t\t\tdata-frame_1=\"e:power0.in;sp:1000;\"\n\t\t\t\t\t\t\t\tdata-frame_999=\"o:0;st:w;\"\n\t\t\t\t\t\t\t\tstyle=\"z-index:9;font-family:'Rubik';text-transform:uppercase;\"\n\t\t\t\t\t\t\t>St\u00e4rken Sie Ihr Selbstvertrauen \n\t\t\t\t\t\t\t<\/rs-layer><!--\n\n\t\t\t\t\t\t\t--><rs-layer\n\t\t\t\t\t\t\t\tid=\"slider-4-slide-26-layer-12\" \n\t\t\t\t\t\t\t\tdata-type=\"shape\"\n\t\t\t\t\t\t\t\tdata-rsp_ch=\"on\"\n\t\t\t\t\t\t\t\tdata-xy=\"xo:1275px,680px,516px,318px;yo:179px,95px,72px,44px;\"\n\t\t\t\t\t\t\t\tdata-text=\"w:normal;s:20,10,7,4;l:0,13,9,6;\"\n\t\t\t\t\t\t\t\tdata-dim=\"w:516px,275px,208px,128px;h:147px,78px,59px,36px;\"\n\t\t\t\t\t\t\t\tdata-frame_1=\"e:power0.in;sp:1000;\"\n\t\t\t\t\t\t\t\tdata-frame_999=\"o:0;st:w;\"\n\t\t\t\t\t\t\t\tstyle=\"z-index:8;background-color:rgba(0,171,203,0.9);\"\n\t\t\t\t\t\t\t> \n\t\t\t\t\t\t\t<\/rs-layer><!--\n-->\t\t\t\t\t<\/rs-slide>\n\t\t\t\t\t\t<rs-slide style=\"position: absolute;\" data-key=\"rs-36\" data-title=\"Slide\" data-thumb=\"\/\/reha-flex.de\/physiotherapie-rueckenzentrum-halle-saale\/wp-content\/uploads\/sites\/7\/2021\/01\/Rueckentherapie_DAVID-Geraete_5x3.jpg\" data-anim=\"ms:1000;r:0;\" data-in=\"o:0;\" data-out=\"a:false;\">\n\t\t\t\t\t\t\t<img decoding=\"async\" src=\"\/\/reha-flex.de\/wp-content\/plugins\/revslider\/sr6\/assets\/assets\/dummy.png\" alt=\"Rueckentherapie\" title=\"Rueckentherapie_DAVID-Geraete_5x3\" width=\"1903\" height=\"928\" class=\"rev-slidebg tp-rs-img rs-lazyload\" data-lazyload=\"\/\/reha-flex.de\/physiotherapie-rueckenzentrum-halle-saale\/wp-content\/uploads\/sites\/7\/2021\/01\/Rueckentherapie_DAVID-Geraete_5x3.jpg\" data-bg=\"p:center top;\" data-no-retina>\n<!--\n\t\t\t\t\t\t\t--><rs-layer\n\t\t\t\t\t\t\t\tid=\"slider-4-slide-36-layer-13\" \n\t\t\t\t\t\t\t\tdata-type=\"text\"\n\t\t\t\t\t\t\t\tdata-color=\"#fff\"\n\t\t\t\t\t\t\t\tdata-rsp_ch=\"on\"\n\t\t\t\t\t\t\t\tdata-xy=\"xo:158px,84px,63px,38px;yo:91px,48px,36px,22px;\"\n\t\t\t\t\t\t\t\tdata-text=\"w:normal;s:47,25,18,11;l:60,32,24,14;ls:2px,1px,0px,0px;fw:300;\"\n\t\t\t\t\t\t\t\tdata-dim=\"minh:0,none,none,none;\"\n\t\t\t\t\t\t\t\tdata-frame_1=\"e:power0.in;sp:1000;\"\n\t\t\t\t\t\t\t\tdata-frame_999=\"o:0;st:w;\"\n\t\t\t\t\t\t\t\tstyle=\"z-index:9;font-family:'Rubik';text-transform:uppercase;\"\n\t\t\t\t\t\t\t>Mit Kraft durch den Alltag \n\t\t\t\t\t\t\t<\/rs-layer><!--\n\n\t\t\t\t\t\t\t--><rs-layer\n\t\t\t\t\t\t\t\tid=\"slider-4-slide-36-layer-14\" \n\t\t\t\t\t\t\t\tdata-type=\"shape\"\n\t\t\t\t\t\t\t\tdata-rsp_ch=\"on\"\n\t\t\t\t\t\t\t\tdata-xy=\"xo:134px,71px,53px,32px;yo:74px,39px,29px,17px;\"\n\t\t\t\t\t\t\t\tdata-text=\"w:normal;s:20,10,7,4;l:0,13,9,6;\"\n\t\t\t\t\t\t\t\tdata-dim=\"w:768px,409px,310px,191px;h:94px,50px,37px,22px;\"\n\t\t\t\t\t\t\t\tdata-frame_1=\"e:power0.in;sp:1000;\"\n\t\t\t\t\t\t\t\tdata-frame_999=\"o:0;st:w;\"\n\t\t\t\t\t\t\t\tstyle=\"z-index:8;background-color:rgba(0,171,203,0.9);\"\n\t\t\t\t\t\t\t> \n\t\t\t\t\t\t\t<\/rs-layer><!--\n-->\t\t\t\t\t<\/rs-slide>\n\t\t\t\t\t<\/rs-slides>\n\t\t\t\t<\/rs-module>\n\t\t\t\t<script>\n\t\t\t\t\tsetREVStartSize({c: 'rev_slider_4_1',rl:[1240,1024,778,480],el:[800,768,960,720],gw:[1920,1024,778,480],gh:[800,500,450,300],type:'standard',justify:'',layout:'fullwidth',mh:\"0\"});if (window.RS_MODULES!==undefined && window.RS_MODULES.modules!==undefined && window.RS_MODULES.modules[\"revslider41\"]!==undefined) {window.RS_MODULES.modules[\"revslider41\"].once = false;window.revapi4 = undefined;if (window.RS_MODULES.checkMinimal!==undefined) window.RS_MODULES.checkMinimal()}\n\t\t\t\t<\/script>\n\t\t\t<\/rs-module-wrap>\n\t\t\t<!-- END REVOLUTION SLIDER -->\n<\/div>\n<\/div><\/div>\n<\/div>\n<\/div>\n<\/div>\n<\/div>\n<\/div>\n<div id=\"cmsmasters_row_usu2yrdwvi\" class=\"cmsmasters_row cmsmasters_color_scheme_default cmsmasters_row_top_default cmsmasters_row_bot_default cmsmasters_row_boxed\">\n<div class=\"cmsmasters_row_outer_parent\">\n<div class=\"cmsmasters_row_outer\">\n<div class=\"cmsmasters_row_inner\">\n<div class=\"cmsmasters_row_margin\">\n<div id=\"cmsmasters_column_arbw3gja5\" class=\"cmsmasters_column two_third\">\n<div class=\"cmsmasters_column_inner\"><div id=\"cmsmasters_heading_57dqjla6x\" class=\"cmsmasters_heading_wrap cmsmasters_heading_align_left\">\n\t<h2 class=\"cmsmasters_heading\">Medizinische R\u00fcckentherapie<\/h2>\n<\/div><div id=\"cmsmasters_heading_3mfr4dtufv\" class=\"cmsmasters_heading_wrap cmsmasters_heading_align_left\">\n\t<h6 class=\"cmsmasters_heading\">Aktiv gegen R\u00fcckenbeschwerden<\/h6>\n<\/div><div class=\"cmsmasters_text\">\n<p class=\"p1\"><strong>Der Leidensdruck durch R\u00fcckenschmerzen ist heutzutage sehr weit verbreitet. Die h\u00e4ufigsten Ursachen sind Muskelverspannungen durch funktionelle St\u00f6rungen sowie eine zu schwach ausgebildete Muskulatur rund um die Wirbels\u00e4ule.<\/strong><\/p>\n<p class=\"p1\"><strong>Die meisten Betroffenen reagieren auf R\u00fcckenschmerzen mit Schonung \u2013 also Inaktivit\u00e4t. Jedoch genau das Gegenteil ist richtig: Aktivit\u00e4t und Bewegung, am besten unter professioneller Anleitung zur St\u00e4rkung der Muskulatur. Voraussetzung ist jedoch, dass durch den Arzt andere medizinische Ursachen wie etwa operationsw\u00fcrdige Befunde ausgeschlossen wurden.<\/strong><\/p>\n<p class=\"p3\">Besonders wirkungsvoll im Kampf gegen den R\u00fcckenschmerz ist die therapeutisch begleitete Trainingstherapie.<\/p>\n<ol>\n<li class=\"p5\">Ihr Arzt verordnet aufgrund Ihres Beschwerdebildes eine Muskelfunktionsdiagnostik und -therapie und schlie\u00dft operationsw\u00fcrdige Befunde aus.<\/li>\n<li class=\"p5\">Die Muskelfunktionsdiagnostik ist eine biomechanische Funktionsanalyse. Dabei werden Kraft und Beweglichkeit gemessen. Muskul\u00e4re Dysbalancen des Rumpfes werden <span class=\"s3\">erfasst und bewertet. Ihr Therapeut bespricht mit Ihnen Ihr individuelles Therapieprogramm.<\/span><\/li>\n<li class=\"p7\">Die eigentliche R\u00fcckentherapie umfasst eine gezielte Erw\u00e4rmung und Gymnastik. Dann steht das spezielle Ger\u00e4tetraining f\u00fcr ganz gezielte Bewegungsabl\u00e4ufe im Mittelpunkt. Dehn- und Entspannungs\u00fcbungen <span class=\"s4\">bilden <\/span>den Abschluss. Alle \u00dcbungen finden unter Anleitung erfahrener Therapeuten statt.<\/li>\n<li class=\"p8\">Regelm\u00e4\u00dfige Folgeanalysen erm\u00f6glichen eine kontinuierliche Optimierung Ihrer Behandlung. Die fach\u00e4rztliche Begleitung der Therapie ist gew\u00e4hrleistet.<\/li>\n<li class=\"p10\">Das individuelle ganzheitliche Therapieprogramm umfasst in der ersten Phase in der Regel zwei Behandlungen \u00fcber 60 Minuten pro Woche, in der zweiten Phase der Therapie kann der Umfang auf eine Behandlung \u00e0 60 Minuten in der Woche reduziert werden.<\/li>\n<\/ol>\n<\/div>\n<\/div><\/div>\n<div id=\"cmsmasters_column_yp3ia9l5ys\" class=\"cmsmasters_column one_third\">\n<div class=\"cmsmasters_column_inner\">\n<div class=\"cmsmasters_sidebar sidebar_layout_11\"><div class=\"cl\"><\/div>\n<\/div>\n<\/div><\/div>\n<\/div>\n<\/div>\n<\/div>\n<\/div>\n<\/div>\n\n","protected":false},"excerpt":{"rendered":"","protected":false},"author":2,"featured_media":193,"parent":0,"menu_order":300,"comment_status":"closed","ping_status":"closed","template":"","meta":{"footnotes":""},"class_list":["post-428","page","type-page","status-publish","has-post-thumbnail","hentry"],"yoast_head":"<!-- This site is optimized with the Yoast SEO plugin v26.9 - https:\/\/yoast.com\/product\/yoast-seo-wordpress\/ -->\n<title>R\u00fcckentherapie - Physiotherapie- u. R\u00fcckenzentrum Halle\/Saale<\/title>\n<meta name=\"robots\" content=\"index, follow, max-snippet:-1, max-image-preview:large, max-video-preview:-1\" \/>\n<link rel=\"canonical\" href=\"https:\/\/reha-flex.de\/physiotherapie-rueckenzentrum-halle-saale\/rueckentherapie\/\" \/>\n<meta property=\"og:locale\" content=\"de_DE\" \/>\n<meta property=\"og:type\" content=\"article\" \/>\n<meta property=\"og:title\" content=\"R\u00fcckentherapie - Physiotherapie- u. R\u00fcckenzentrum Halle\/Saale\" \/>\n<meta property=\"og:url\" content=\"https:\/\/reha-flex.de\/physiotherapie-rueckenzentrum-halle-saale\/rueckentherapie\/\" \/>\n<meta property=\"og:site_name\" content=\"Physiotherapie- u. R\u00fcckenzentrum Halle\/Saale\" \/>\n<meta property=\"article:modified_time\" content=\"2022-05-16T13:24:59+00:00\" \/>\n<meta property=\"og:image\" content=\"http:\/\/reha-flex.de\/wp-content\/uploads\/sites\/7\/2020\/10\/Tu\u0308r-TRZ-Sporttherapie.jpg\" \/>\n\t<meta property=\"og:image:width\" content=\"1920\" \/>\n\t<meta property=\"og:image:height\" content=\"1233\" \/>\n\t<meta property=\"og:image:type\" content=\"image\/jpeg\" \/>\n<meta name=\"twitter:card\" content=\"summary_large_image\" \/>\n<meta name=\"twitter:label1\" content=\"Gesch\u00e4tzte Lesezeit\" \/>\n\t<meta name=\"twitter:data1\" content=\"3\u00a0Minuten\" \/>\n<script type=\"application\/ld+json\" class=\"yoast-schema-graph\">{\"@context\":\"https:\/\/schema.org\",\"@graph\":[{\"@type\":\"WebPage\",\"@id\":\"https:\/\/reha-flex.de\/physiotherapie-rueckenzentrum-halle-saale\/rueckentherapie\/\",\"url\":\"https:\/\/reha-flex.de\/physiotherapie-rueckenzentrum-halle-saale\/rueckentherapie\/\",\"name\":\"R\u00fcckentherapie - Physiotherapie- u. R\u00fcckenzentrum Halle\/Saale\",\"isPartOf\":{\"@id\":\"https:\/\/reha-flex.de\/physiotherapie-rueckenzentrum-halle-saale\/#website\"},\"primaryImageOfPage\":{\"@id\":\"https:\/\/reha-flex.de\/physiotherapie-rueckenzentrum-halle-saale\/rueckentherapie\/#primaryimage\"},\"image\":{\"@id\":\"https:\/\/reha-flex.de\/physiotherapie-rueckenzentrum-halle-saale\/rueckentherapie\/#primaryimage\"},\"thumbnailUrl\":\"https:\/\/reha-flex.de\/wp-content\/uploads\/sites\/7\/2020\/10\/Tu\u0308r-TRZ-Sporttherapie.jpg\",\"datePublished\":\"2020-12-13T16:16:31+00:00\",\"dateModified\":\"2022-05-16T13:24:59+00:00\",\"breadcrumb\":{\"@id\":\"https:\/\/reha-flex.de\/physiotherapie-rueckenzentrum-halle-saale\/rueckentherapie\/#breadcrumb\"},\"inLanguage\":\"de\",\"potentialAction\":[{\"@type\":\"ReadAction\",\"target\":[\"https:\/\/reha-flex.de\/physiotherapie-rueckenzentrum-halle-saale\/rueckentherapie\/\"]}]},{\"@type\":\"ImageObject\",\"inLanguage\":\"de\",\"@id\":\"https:\/\/reha-flex.de\/physiotherapie-rueckenzentrum-halle-saale\/rueckentherapie\/#primaryimage\",\"url\":\"https:\/\/reha-flex.de\/wp-content\/uploads\/sites\/7\/2020\/10\/Tu\u0308r-TRZ-Sporttherapie.jpg\",\"contentUrl\":\"https:\/\/reha-flex.de\/wp-content\/uploads\/sites\/7\/2020\/10\/Tu\u0308r-TRZ-Sporttherapie.jpg\",\"width\":1920,\"height\":1233,\"caption\":\"Tu\u0308r zur Sporttherapie\"},{\"@type\":\"BreadcrumbList\",\"@id\":\"https:\/\/reha-flex.de\/physiotherapie-rueckenzentrum-halle-saale\/rueckentherapie\/#breadcrumb\",\"itemListElement\":[{\"@type\":\"ListItem\",\"position\":1,\"name\":\"Startseite\",\"item\":\"https:\/\/reha-flex.de\/physiotherapie-rueckenzentrum-halle-saale\/\"},{\"@type\":\"ListItem\",\"position\":2,\"name\":\"R\u00fcckentherapie\"}]},{\"@type\":\"WebSite\",\"@id\":\"https:\/\/reha-flex.de\/physiotherapie-rueckenzentrum-halle-saale\/#website\",\"url\":\"https:\/\/reha-flex.de\/physiotherapie-rueckenzentrum-halle-saale\/\",\"name\":\"Physiotherapie- u. R\u00fcckenzentrum Halle\/Saale\",\"description\":\"\",\"potentialAction\":[{\"@type\":\"SearchAction\",\"target\":{\"@type\":\"EntryPoint\",\"urlTemplate\":\"https:\/\/reha-flex.de\/physiotherapie-rueckenzentrum-halle-saale\/?s={search_term_string}\"},\"query-input\":{\"@type\":\"PropertyValueSpecification\",\"valueRequired\":true,\"valueName\":\"search_term_string\"}}],\"inLanguage\":\"de\"}]}<\/script>\n<!-- \/ Yoast SEO plugin. -->","yoast_head_json":{"title":"R\u00fcckentherapie - Physiotherapie- u. R\u00fcckenzentrum Halle\/Saale","robots":{"index":"index","follow":"follow","max-snippet":"max-snippet:-1","max-image-preview":"max-image-preview:large","max-video-preview":"max-video-preview:-1"},"canonical":"https:\/\/reha-flex.de\/physiotherapie-rueckenzentrum-halle-saale\/rueckentherapie\/","og_locale":"de_DE","og_type":"article","og_title":"R\u00fcckentherapie - Physiotherapie- u. R\u00fcckenzentrum Halle\/Saale","og_url":"https:\/\/reha-flex.de\/physiotherapie-rueckenzentrum-halle-saale\/rueckentherapie\/","og_site_name":"Physiotherapie- u. R\u00fcckenzentrum Halle\/Saale","article_modified_time":"2022-05-16T13:24:59+00:00","og_image":[{"width":1920,"height":1233,"url":"http:\/\/reha-flex.de\/wp-content\/uploads\/sites\/7\/2020\/10\/Tu\u0308r-TRZ-Sporttherapie.jpg","type":"image\/jpeg"}],"twitter_card":"summary_large_image","twitter_misc":{"Gesch\u00e4tzte Lesezeit":"3\u00a0Minuten"},"schema":{"@context":"https:\/\/schema.org","@graph":[{"@type":"WebPage","@id":"https:\/\/reha-flex.de\/physiotherapie-rueckenzentrum-halle-saale\/rueckentherapie\/","url":"https:\/\/reha-flex.de\/physiotherapie-rueckenzentrum-halle-saale\/rueckentherapie\/","name":"R\u00fcckentherapie - Physiotherapie- u. R\u00fcckenzentrum Halle\/Saale","isPartOf":{"@id":"https:\/\/reha-flex.de\/physiotherapie-rueckenzentrum-halle-saale\/#website"},"primaryImageOfPage":{"@id":"https:\/\/reha-flex.de\/physiotherapie-rueckenzentrum-halle-saale\/rueckentherapie\/#primaryimage"},"image":{"@id":"https:\/\/reha-flex.de\/physiotherapie-rueckenzentrum-halle-saale\/rueckentherapie\/#primaryimage"},"thumbnailUrl":"https:\/\/reha-flex.de\/wp-content\/uploads\/sites\/7\/2020\/10\/Tu\u0308r-TRZ-Sporttherapie.jpg","datePublished":"2020-12-13T16:16:31+00:00","dateModified":"2022-05-16T13:24:59+00:00","breadcrumb":{"@id":"https:\/\/reha-flex.de\/physiotherapie-rueckenzentrum-halle-saale\/rueckentherapie\/#breadcrumb"},"inLanguage":"de","potentialAction":[{"@type":"ReadAction","target":["https:\/\/reha-flex.de\/physiotherapie-rueckenzentrum-halle-saale\/rueckentherapie\/"]}]},{"@type":"ImageObject","inLanguage":"de","@id":"https:\/\/reha-flex.de\/physiotherapie-rueckenzentrum-halle-saale\/rueckentherapie\/#primaryimage","url":"https:\/\/reha-flex.de\/wp-content\/uploads\/sites\/7\/2020\/10\/Tu\u0308r-TRZ-Sporttherapie.jpg","contentUrl":"https:\/\/reha-flex.de\/wp-content\/uploads\/sites\/7\/2020\/10\/Tu\u0308r-TRZ-Sporttherapie.jpg","width":1920,"height":1233,"caption":"Tu\u0308r zur Sporttherapie"},{"@type":"BreadcrumbList","@id":"https:\/\/reha-flex.de\/physiotherapie-rueckenzentrum-halle-saale\/rueckentherapie\/#breadcrumb","itemListElement":[{"@type":"ListItem","position":1,"name":"Startseite","item":"https:\/\/reha-flex.de\/physiotherapie-rueckenzentrum-halle-saale\/"},{"@type":"ListItem","position":2,"name":"R\u00fcckentherapie"}]},{"@type":"WebSite","@id":"https:\/\/reha-flex.de\/physiotherapie-rueckenzentrum-halle-saale\/#website","url":"https:\/\/reha-flex.de\/physiotherapie-rueckenzentrum-halle-saale\/","name":"Physiotherapie- u. R\u00fcckenzentrum Halle\/Saale","description":"","potentialAction":[{"@type":"SearchAction","target":{"@type":"EntryPoint","urlTemplate":"https:\/\/reha-flex.de\/physiotherapie-rueckenzentrum-halle-saale\/?s={search_term_string}"},"query-input":{"@type":"PropertyValueSpecification","valueRequired":true,"valueName":"search_term_string"}}],"inLanguage":"de"}]}},"_links":{"self":[{"href":"https:\/\/reha-flex.de\/physiotherapie-rueckenzentrum-halle-saale\/wp-json\/wp\/v2\/pages\/428","targetHints":{"allow":["GET"]}}],"collection":[{"href":"https:\/\/reha-flex.de\/physiotherapie-rueckenzentrum-halle-saale\/wp-json\/wp\/v2\/pages"}],"about":[{"href":"https:\/\/reha-flex.de\/physiotherapie-rueckenzentrum-halle-saale\/wp-json\/wp\/v2\/types\/page"}],"author":[{"embeddable":true,"href":"https:\/\/reha-flex.de\/physiotherapie-rueckenzentrum-halle-saale\/wp-json\/wp\/v2\/users\/2"}],"replies":[{"embeddable":true,"href":"https:\/\/reha-flex.de\/physiotherapie-rueckenzentrum-halle-saale\/wp-json\/wp\/v2\/comments?post=428"}],"version-history":[{"count":11,"href":"https:\/\/reha-flex.de\/physiotherapie-rueckenzentrum-halle-saale\/wp-json\/wp\/v2\/pages\/428\/revisions"}],"predecessor-version":[{"id":729,"href":"https:\/\/reha-flex.de\/physiotherapie-rueckenzentrum-halle-saale\/wp-json\/wp\/v2\/pages\/428\/revisions\/729"}],"wp:featuredmedia":[{"embeddable":true,"href":"https:\/\/reha-flex.de\/physiotherapie-rueckenzentrum-halle-saale\/wp-json\/wp\/v2\/media\/193"}],"wp:attachment":[{"href":"https:\/\/reha-flex.de\/physiotherapie-rueckenzentrum-halle-saale\/wp-json\/wp\/v2\/media?parent=428"}],"curies":[{"name":"wp","href":"https:\/\/api.w.org\/{rel}","templated":true}]}}