{"id":521,"date":"2021-01-24T17:06:09","date_gmt":"2021-01-24T16:06:09","guid":{"rendered":"https:\/\/reha-flex.de\/physiotherapie-rueckenzentrum-halle-saale\/?page_id=521"},"modified":"2021-03-02T15:32:09","modified_gmt":"2021-03-02T14:32:09","slug":"nachsorge","status":"publish","type":"page","link":"https:\/\/reha-flex.de\/physiotherapie-rueckenzentrum-halle-saale\/nachsorge\/","title":{"rendered":"Nachsorge"},"content":{"rendered":"<div id=\"cmsmasters_row_ih6iq7mkko\" class=\"cmsmasters_row cmsmasters_color_scheme_default cmsmasters_row_top_default cmsmasters_row_bot_default cmsmasters_row_fullwidth\">\n<div class=\"cmsmasters_row_outer_parent\">\n<div class=\"cmsmasters_row_outer\">\n<div class=\"cmsmasters_row_inner cmsmasters_row_fullwidth\">\n<div class=\"cmsmasters_row_margin\">\n<div id=\"cmsmasters_column_0kalc395x\" class=\"cmsmasters_column one_first\">\n<div class=\"cmsmasters_column_inner\">\n<div class=\"cmsmasters_slider\">\n\t\t\t<!-- START reha FLEXSlider TRZ Praxis Nachsorge REVOLUTION SLIDER 6.7.40 --><p class=\"rs-p-wp-fix\"><\/p>\n\t\t\t<rs-module-wrap id=\"rev_slider_5_1_wrapper\" data-source=\"gallery\" style=\"visibility:hidden;background:transparent;padding:0;margin:0px auto;margin-top:0;margin-bottom:0;\">\n\t\t\t\t<rs-module id=\"rev_slider_5_1\" style=\"\" data-version=\"6.7.40\">\n\t\t\t\t\t<rs-slides style=\"overflow: hidden; position: absolute;\">\n\t\t\t\t\t\t<rs-slide style=\"position: absolute;\" data-key=\"rs-37\" data-title=\"Slide\" data-thumb=\"\/\/reha-flex.de\/physiotherapie-rueckenzentrum-halle-saale\/wp-content\/uploads\/sites\/7\/2021\/03\/IMG_1107_T-RENA.jpg\" data-anim=\"ms:1000;r:0;\" data-in=\"o:0;\" data-out=\"a:false;\">\n\t\t\t\t\t\t\t<img decoding=\"async\" src=\"\/\/reha-flex.de\/wp-content\/plugins\/revslider\/sr6\/assets\/assets\/dummy.png\" alt=\"\" title=\"T-RENA Nachsorge in der Gruppe\" width=\"1920\" height=\"1232\" class=\"rev-slidebg tp-rs-img rs-lazyload\" data-lazyload=\"\/\/reha-flex.de\/physiotherapie-rueckenzentrum-halle-saale\/wp-content\/uploads\/sites\/7\/2021\/03\/IMG_1107_T-RENA.jpg\" data-no-retina>\n<!---->\t\t\t\t\t<\/rs-slide>\n\t\t\t\t\t\t<rs-slide style=\"position: absolute;\" data-key=\"rs-34\" data-title=\"Slide\" data-thumb=\"\/\/reha-flex.de\/physiotherapie-rueckenzentrum-halle-saale\/wp-content\/uploads\/sites\/7\/2020\/10\/IMG_0203.jpg\" data-anim=\"ms:1000;r:0;\" data-in=\"o:0;\" data-out=\"a:false;\">\n\t\t\t\t\t\t\t<img decoding=\"async\" src=\"\/\/reha-flex.de\/wp-content\/plugins\/revslider\/sr6\/assets\/assets\/dummy.png\" alt=\"\" title=\"TRZ neue Ger\u00e4te\" width=\"2000\" height=\"1333\" class=\"rev-slidebg tp-rs-img rs-lazyload\" data-lazyload=\"\/\/reha-flex.de\/physiotherapie-rueckenzentrum-halle-saale\/wp-content\/uploads\/sites\/7\/2020\/10\/IMG_0203.jpg\" data-bg=\"p:0% 20%;\" data-no-retina>\n<!---->\t\t\t\t\t<\/rs-slide>\n\t\t\t\t\t\t<rs-slide style=\"position: absolute;\" data-key=\"rs-38\" data-title=\"Slide\" data-thumb=\"\/\/reha-flex.de\/physiotherapie-rueckenzentrum-halle-saale\/wp-content\/uploads\/sites\/7\/2021\/03\/IMG_1113_T-RENA.jpg\" data-anim=\"ms:1000;r:0;\" data-in=\"o:0;\" data-out=\"a:false;\">\n\t\t\t\t\t\t\t<img decoding=\"async\" src=\"\/\/reha-flex.de\/wp-content\/plugins\/revslider\/sr6\/assets\/assets\/dummy.png\" alt=\"\" title=\"T-RENA Nachsorge in der Gruppe\" width=\"1920\" height=\"1167\" class=\"rev-slidebg tp-rs-img rs-lazyload\" data-lazyload=\"\/\/reha-flex.de\/physiotherapie-rueckenzentrum-halle-saale\/wp-content\/uploads\/sites\/7\/2021\/03\/IMG_1113_T-RENA.jpg\" data-no-retina>\n<!---->\t\t\t\t\t<\/rs-slide>\n\t\t\t\t\t\t<rs-slide style=\"position: absolute;\" data-key=\"rs-33\" data-title=\"Slide\" data-thumb=\"\/\/reha-flex.de\/physiotherapie-rueckenzentrum-halle-saale\/wp-content\/uploads\/sites\/7\/2020\/12\/Ergometer_TRZ.jpg\" data-anim=\"ms:1000;r:0;\" data-in=\"o:0;\" data-out=\"a:false;\">\n\t\t\t\t\t\t\t<img decoding=\"async\" src=\"\/\/reha-flex.de\/wp-content\/plugins\/revslider\/sr6\/assets\/assets\/dummy.png\" alt=\"\" title=\"Ergometer TRZ\" width=\"1900\" height=\"1267\" class=\"rev-slidebg tp-rs-img rs-lazyload\" data-lazyload=\"\/\/reha-flex.de\/physiotherapie-rueckenzentrum-halle-saale\/wp-content\/uploads\/sites\/7\/2020\/12\/Ergometer_TRZ.jpg\" data-no-retina>\n<!---->\t\t\t\t\t<\/rs-slide>\n\t\t\t\t\t\t<rs-slide style=\"position: absolute;\" data-key=\"rs-39\" data-title=\"Slide\" data-thumb=\"\/\/reha-flex.de\/physiotherapie-rueckenzentrum-halle-saale\/wp-content\/uploads\/sites\/7\/2021\/03\/IMG_1112_T-RENA.jpg\" data-anim=\"ms:1000;r:0;\" data-in=\"o:0;\" data-out=\"a:false;\">\n\t\t\t\t\t\t\t<img decoding=\"async\" src=\"\/\/reha-flex.de\/wp-content\/plugins\/revslider\/sr6\/assets\/assets\/dummy.png\" alt=\"Sporttherapie\" title=\"T-RENA Nachsorge in der Gruppe\" width=\"1920\" height=\"1124\" class=\"rev-slidebg tp-rs-img rs-lazyload\" data-lazyload=\"\/\/reha-flex.de\/physiotherapie-rueckenzentrum-halle-saale\/wp-content\/uploads\/sites\/7\/2021\/03\/IMG_1112_T-RENA.jpg\" data-bg=\"p:0% 20%;\" data-no-retina>\n<!---->\t\t\t\t\t<\/rs-slide>\n\t\t\t\t\t\t<rs-slide style=\"position: absolute;\" data-key=\"rs-35\" data-title=\"Slide\" data-thumb=\"\/\/reha-flex.de\/physiotherapie-rueckenzentrum-halle-saale\/wp-content\/uploads\/sites\/7\/2020\/12\/IMG_0189.jpg\" data-anim=\"ms:1000;r:0;\" data-in=\"o:0;\" data-out=\"a:false;\">\n\t\t\t\t\t\t\t<img decoding=\"async\" src=\"\/\/reha-flex.de\/wp-content\/plugins\/revslider\/sr6\/assets\/assets\/dummy.png\" alt=\"\" title=\"R\u00fcckentherapie\" width=\"2000\" height=\"1333\" class=\"rev-slidebg tp-rs-img rs-lazyload\" data-lazyload=\"\/\/reha-flex.de\/physiotherapie-rueckenzentrum-halle-saale\/wp-content\/uploads\/sites\/7\/2020\/12\/IMG_0189.jpg\" data-bg=\"p:0% 20%;\" data-no-retina>\n<!---->\t\t\t\t\t<\/rs-slide>\n\t\t\t\t\t<\/rs-slides>\n\t\t\t\t<\/rs-module>\n\t\t\t\t<script>\n\t\t\t\t\tsetREVStartSize({c: 'rev_slider_5_1',rl:[1240,1024,778,480],el:[800,768,960,720],gw:[1920,1024,778,480],gh:[800,500,450,300],type:'standard',justify:'',layout:'fullwidth',mh:\"0\"});if (window.RS_MODULES!==undefined && window.RS_MODULES.modules!==undefined && window.RS_MODULES.modules[\"revslider51\"]!==undefined) {window.RS_MODULES.modules[\"revslider51\"].once = false;window.revapi5 = undefined;if (window.RS_MODULES.checkMinimal!==undefined) window.RS_MODULES.checkMinimal()}\n\t\t\t\t<\/script>\n\t\t\t<\/rs-module-wrap>\n\t\t\t<!-- END REVOLUTION SLIDER -->\n<\/div>\n<\/div><\/div>\n<\/div>\n<\/div>\n<\/div>\n<\/div>\n<\/div>\n<div id=\"cmsmasters_row_cqlvid3dsg\" class=\"cmsmasters_row cmsmasters_color_scheme_default cmsmasters_row_top_default cmsmasters_row_bot_default cmsmasters_row_boxed\">\n<div class=\"cmsmasters_row_outer_parent\">\n<div class=\"cmsmasters_row_outer\">\n<div class=\"cmsmasters_row_inner\">\n<div class=\"cmsmasters_row_margin\">\n<div id=\"cmsmasters_column_myu89rrdy\" class=\"cmsmasters_column two_third\">\n<div class=\"cmsmasters_column_inner\"><div id=\"cmsmasters_heading_zxeeipc3i8\" class=\"cmsmasters_heading_wrap cmsmasters_heading_align_left\">\n\t<h2 class=\"cmsmasters_heading\">Die Rehabilitative Nachsorge T-RENA<\/h2>\n<\/div><div id=\"cmsmasters_heading_oexv72xhqm\" class=\"cmsmasters_heading_wrap cmsmasters_heading_align_left\">\n\t<h6 class=\"cmsmasters_heading\">Sichern Sie Ihren Rehabilitationserfolg nach der medizinischen Rehabilitation mit T-RENA, einem Nachsorge-Programm der Deutschen Rentenver\u00adsicherung.<\/h6>\n<\/div>\n<\/div><\/div>\n<div id=\"cmsmasters_column_2dvvd50r8k\" class=\"cmsmasters_column one_third\">\n<div class=\"cmsmasters_column_inner\"><\/div><\/div>\n<\/div>\n<\/div>\n<\/div>\n<\/div>\n<\/div>\n<div id=\"cmsmasters_row_gno8jq5my\" class=\"cmsmasters_row cmsmasters_color_scheme_default cmsmasters_row_top_default cmsmasters_row_bot_default cmsmasters_row_boxed\">\n<div class=\"cmsmasters_row_outer_parent\">\n<div class=\"cmsmasters_row_outer\">\n<div class=\"cmsmasters_row_inner\">\n<div class=\"cmsmasters_row_margin\">\n<div id=\"cmsmasters_column_uucj6axla\" class=\"cmsmasters_column two_third\">\n<div class=\"cmsmasters_column_inner\"><div class=\"cmsmasters_text\">\n<p class=\"p1\"><span class=\"s1\"><b>Nachsorgeleistungen<br \/>\n<\/b><\/span><span class=\"s2\">Die Reha-Nachsorgeleistungen nach \u00a7 17 SGB VI schlie\u00dfen sich an eine medizinische Rehabilitation nach \u00a7 15 SGB VI an. Sie soll m\u00f6glichst in einer Einrichtung in Wohnort-N\u00e4he durchgef\u00fchrt werden.<\/span><\/p>\n<p class=\"p1\"><span class=\"s1\"><b>Ziel<br \/>\n<\/b><\/span><span class=\"s2\">Die Nachsorge dient der nachhaltigen Sicherung und Stabilisierung der bereits w\u00e4hrend der station\u00e4ren bzw. ambulanten Rehabilitationsma\u00dfnahme erreichten Ergebnisse.<\/span><\/p>\n<p class=\"p2\"><span class=\"s2\">Dazu geh\u00f6ren der Transfer des Erlernten in den Alltag, die weitere Verbesserung der noch eingeschr\u00e4nkten k\u00f6rperlichen F\u00e4higkeiten sowie die Verstetigung und Verst\u00e4rkung der Selbstmanagementkompetenz. <\/span><\/p>\n<p class=\"p1\"><span class=\"s3\"><b>Empfehlung<br \/>\n<\/b><\/span><span class=\"s1\">Die Empfehlung zur Nachsorge erfolgt durch den Reha-Arzt (w\u00e4hrend der ambulanten bzw. station\u00e4ren Rehabilitationsma\u00dfnahme).<\/span><\/p>\n<p class=\"p3\"><span class=\"s2\"><b>T-RENA \u2013 T<\/b>rainingstherapeutische\u00a0<b>Re<\/b>ha-<b>Na<\/b>chsorge<\/span><\/p>\n<ul>\n<li class=\"p1\"><span class=\"s1\">die Nachsorgeprogramme sind durch die Rentenversicherung ausschlie\u00dflich als\u00a0<\/span><span class=\"s2\">Gruppen\u00adbehandlung<\/span><span class=\"s1\">\u00a0kon\u00adzipiert und sollen\u00a0<\/span><span class=\"s2\">berufsbegleitend durchgef\u00fchrt<\/span><span class=\"s1\">\u00a0werden<\/span><\/li>\n<li class=\"p1\"><span class=\"s1\">ist\u00a0<\/span><span class=\"s3\">ein ger\u00e4tegest\u00fctztes Trainingsangebot in der Gruppe<\/span><\/li>\n<li class=\"p1\"><span class=\"s3\">beinhaltet maximal\u00a0<\/span><span class=\"s4\">26 Termine<\/span><span class=\"s3\">\u00a0\u00e0\u00a0<\/span><span class=\"s4\">60 Minuten<\/span><\/li>\n<li class=\"p1\"><span class=\"s1\">wird\u00a0<\/span><span class=\"s4\">2 x pro Woche<\/span><span class=\"s3\">\u00a0an nicht aufeinander \u00adfolgenden Tagen durchgef\u00fchrt<\/span><\/li>\n<li class=\"p1\"><span class=\"s3\">Beginn innerhalb von\u00a0<\/span><span class=\"s4\">vier Wochen<\/span><span class=\"s3\">, jedoch\u00a0<\/span><span class=\"s4\">sp\u00e4testens 6 Wochen nach Reha-Ende<\/span><\/li>\n<\/ul>\n<p class=\"p1\"><span class=\"s1\"><b>Unterbrechung<br \/>\n<\/b><\/span><span class=\"s2\">Bei einer Unterbrechung der Nachsorgebehandlung von mehr als sechs Wochen ist die Ma\u00dfnahme zwingend zu beenden.<\/span><\/p>\n<p class=\"p1\"><span class=\"s1\"><b>Fahrkosten und Zuzahlung<br \/>\n<\/b><\/span><span class=\"s2\">Patienten des T-RENA-Nachsorgeprogramms erhalten <\/span>die Fahrkosten zur Nachsorge mit jeweils 5 Euro pro <span class=\"s2\">in Anspruch genommene Therapieeinheit erstattet.<br \/>\n<\/span><span class=\"s2\">Es ist <b>keine<\/b> Zuzahlung zu leisten.<\/span><\/p>\n<\/div>\n<\/div><\/div>\n<div id=\"cmsmasters_column_ezx9hz2gsq\" class=\"cmsmasters_column one_third\">\n<div class=\"cmsmasters_column_inner\"><\/div><\/div>\n<\/div>\n<\/div>\n<\/div>\n<\/div>\n<\/div>\n<div id=\"cmsmasters_row_12vsftwbx8\" class=\"cmsmasters_row cmsmasters_color_scheme_default cmsmasters_row_top_default cmsmasters_row_bot_default cmsmasters_row_boxed\">\n<div class=\"cmsmasters_row_outer_parent\">\n<div class=\"cmsmasters_row_outer\">\n<div class=\"cmsmasters_row_inner\">\n<div class=\"cmsmasters_row_margin\">\n<div id=\"cmsmasters_column_z0ikt7flqq\" class=\"cmsmasters_column two_third\">\n<div class=\"cmsmasters_column_inner\">\n<div id=\"cmsmasters_divider_hm15wduzye\" class=\"cmsmasters_divider cmsmasters_divider_width_long cmsmasters_divider_pos_center\"><\/div>\n<div id=\"cmsmasters_notice_l12nvx3r4\" class=\"cmsmasters_notice cmsmasters_notice_info cmsmasters-icon-info-3 r\u00fccken\">\n<div class=\"notice_content\">\n<p>Mehr Infos unter: <a href=\"http:\/\/www.nachderreha.de\" target=\"_blank\" rel=\"noopener noreferrer\"><strong>www.nachderreha.de<\/strong><\/a><\/p>\n<\/div>\n<\/div>\n<\/div><\/div>\n<div id=\"cmsmasters_column_tuxrq6rh74\" class=\"cmsmasters_column one_third\">\n<div class=\"cmsmasters_column_inner\"><\/div><\/div>\n<\/div>\n<\/div>\n<\/div>\n<\/div>\n<\/div>\n\n","protected":false},"excerpt":{"rendered":"","protected":false},"author":1,"featured_media":0,"parent":0,"menu_order":400,"comment_status":"closed","ping_status":"closed","template":"","meta":{"footnotes":""},"class_list":["post-521","page","type-page","status-publish","hentry"],"yoast_head":"<!-- This site is optimized with the Yoast SEO plugin v26.9 - https:\/\/yoast.com\/product\/yoast-seo-wordpress\/ -->\n<title>Nachsorge - Physiotherapie- u. R\u00fcckenzentrum Halle\/Saale<\/title>\n<meta name=\"robots\" content=\"index, follow, max-snippet:-1, max-image-preview:large, max-video-preview:-1\" \/>\n<link rel=\"canonical\" href=\"https:\/\/reha-flex.de\/physiotherapie-rueckenzentrum-halle-saale\/nachsorge\/\" \/>\n<meta property=\"og:locale\" content=\"de_DE\" \/>\n<meta property=\"og:type\" content=\"article\" \/>\n<meta property=\"og:title\" content=\"Nachsorge - Physiotherapie- u. R\u00fcckenzentrum Halle\/Saale\" \/>\n<meta property=\"og:url\" content=\"https:\/\/reha-flex.de\/physiotherapie-rueckenzentrum-halle-saale\/nachsorge\/\" \/>\n<meta property=\"og:site_name\" content=\"Physiotherapie- u. R\u00fcckenzentrum Halle\/Saale\" \/>\n<meta property=\"article:modified_time\" content=\"2021-03-02T14:32:09+00:00\" \/>\n<meta name=\"twitter:card\" content=\"summary_large_image\" \/>\n<meta name=\"twitter:label1\" content=\"Gesch\u00e4tzte Lesezeit\" \/>\n\t<meta name=\"twitter:data1\" content=\"2\u00a0Minuten\" \/>\n<script type=\"application\/ld+json\" class=\"yoast-schema-graph\">{\"@context\":\"https:\/\/schema.org\",\"@graph\":[{\"@type\":\"WebPage\",\"@id\":\"https:\/\/reha-flex.de\/physiotherapie-rueckenzentrum-halle-saale\/nachsorge\/\",\"url\":\"https:\/\/reha-flex.de\/physiotherapie-rueckenzentrum-halle-saale\/nachsorge\/\",\"name\":\"Nachsorge - Physiotherapie- u. R\u00fcckenzentrum Halle\/Saale\",\"isPartOf\":{\"@id\":\"https:\/\/reha-flex.de\/physiotherapie-rueckenzentrum-halle-saale\/#website\"},\"datePublished\":\"2021-01-24T16:06:09+00:00\",\"dateModified\":\"2021-03-02T14:32:09+00:00\",\"breadcrumb\":{\"@id\":\"https:\/\/reha-flex.de\/physiotherapie-rueckenzentrum-halle-saale\/nachsorge\/#breadcrumb\"},\"inLanguage\":\"de\",\"potentialAction\":[{\"@type\":\"ReadAction\",\"target\":[\"https:\/\/reha-flex.de\/physiotherapie-rueckenzentrum-halle-saale\/nachsorge\/\"]}]},{\"@type\":\"BreadcrumbList\",\"@id\":\"https:\/\/reha-flex.de\/physiotherapie-rueckenzentrum-halle-saale\/nachsorge\/#breadcrumb\",\"itemListElement\":[{\"@type\":\"ListItem\",\"position\":1,\"name\":\"Startseite\",\"item\":\"https:\/\/reha-flex.de\/physiotherapie-rueckenzentrum-halle-saale\/\"},{\"@type\":\"ListItem\",\"position\":2,\"name\":\"Nachsorge\"}]},{\"@type\":\"WebSite\",\"@id\":\"https:\/\/reha-flex.de\/physiotherapie-rueckenzentrum-halle-saale\/#website\",\"url\":\"https:\/\/reha-flex.de\/physiotherapie-rueckenzentrum-halle-saale\/\",\"name\":\"Physiotherapie- u. R\u00fcckenzentrum Halle\/Saale\",\"description\":\"\",\"potentialAction\":[{\"@type\":\"SearchAction\",\"target\":{\"@type\":\"EntryPoint\",\"urlTemplate\":\"https:\/\/reha-flex.de\/physiotherapie-rueckenzentrum-halle-saale\/?s={search_term_string}\"},\"query-input\":{\"@type\":\"PropertyValueSpecification\",\"valueRequired\":true,\"valueName\":\"search_term_string\"}}],\"inLanguage\":\"de\"}]}<\/script>\n<!-- \/ Yoast SEO plugin. -->","yoast_head_json":{"title":"Nachsorge - Physiotherapie- u. R\u00fcckenzentrum Halle\/Saale","robots":{"index":"index","follow":"follow","max-snippet":"max-snippet:-1","max-image-preview":"max-image-preview:large","max-video-preview":"max-video-preview:-1"},"canonical":"https:\/\/reha-flex.de\/physiotherapie-rueckenzentrum-halle-saale\/nachsorge\/","og_locale":"de_DE","og_type":"article","og_title":"Nachsorge - Physiotherapie- u. R\u00fcckenzentrum Halle\/Saale","og_url":"https:\/\/reha-flex.de\/physiotherapie-rueckenzentrum-halle-saale\/nachsorge\/","og_site_name":"Physiotherapie- u. R\u00fcckenzentrum Halle\/Saale","article_modified_time":"2021-03-02T14:32:09+00:00","twitter_card":"summary_large_image","twitter_misc":{"Gesch\u00e4tzte Lesezeit":"2\u00a0Minuten"},"schema":{"@context":"https:\/\/schema.org","@graph":[{"@type":"WebPage","@id":"https:\/\/reha-flex.de\/physiotherapie-rueckenzentrum-halle-saale\/nachsorge\/","url":"https:\/\/reha-flex.de\/physiotherapie-rueckenzentrum-halle-saale\/nachsorge\/","name":"Nachsorge - Physiotherapie- u. R\u00fcckenzentrum Halle\/Saale","isPartOf":{"@id":"https:\/\/reha-flex.de\/physiotherapie-rueckenzentrum-halle-saale\/#website"},"datePublished":"2021-01-24T16:06:09+00:00","dateModified":"2021-03-02T14:32:09+00:00","breadcrumb":{"@id":"https:\/\/reha-flex.de\/physiotherapie-rueckenzentrum-halle-saale\/nachsorge\/#breadcrumb"},"inLanguage":"de","potentialAction":[{"@type":"ReadAction","target":["https:\/\/reha-flex.de\/physiotherapie-rueckenzentrum-halle-saale\/nachsorge\/"]}]},{"@type":"BreadcrumbList","@id":"https:\/\/reha-flex.de\/physiotherapie-rueckenzentrum-halle-saale\/nachsorge\/#breadcrumb","itemListElement":[{"@type":"ListItem","position":1,"name":"Startseite","item":"https:\/\/reha-flex.de\/physiotherapie-rueckenzentrum-halle-saale\/"},{"@type":"ListItem","position":2,"name":"Nachsorge"}]},{"@type":"WebSite","@id":"https:\/\/reha-flex.de\/physiotherapie-rueckenzentrum-halle-saale\/#website","url":"https:\/\/reha-flex.de\/physiotherapie-rueckenzentrum-halle-saale\/","name":"Physiotherapie- u. R\u00fcckenzentrum Halle\/Saale","description":"","potentialAction":[{"@type":"SearchAction","target":{"@type":"EntryPoint","urlTemplate":"https:\/\/reha-flex.de\/physiotherapie-rueckenzentrum-halle-saale\/?s={search_term_string}"},"query-input":{"@type":"PropertyValueSpecification","valueRequired":true,"valueName":"search_term_string"}}],"inLanguage":"de"}]}},"_links":{"self":[{"href":"https:\/\/reha-flex.de\/physiotherapie-rueckenzentrum-halle-saale\/wp-json\/wp\/v2\/pages\/521","targetHints":{"allow":["GET"]}}],"collection":[{"href":"https:\/\/reha-flex.de\/physiotherapie-rueckenzentrum-halle-saale\/wp-json\/wp\/v2\/pages"}],"about":[{"href":"https:\/\/reha-flex.de\/physiotherapie-rueckenzentrum-halle-saale\/wp-json\/wp\/v2\/types\/page"}],"author":[{"embeddable":true,"href":"https:\/\/reha-flex.de\/physiotherapie-rueckenzentrum-halle-saale\/wp-json\/wp\/v2\/users\/1"}],"replies":[{"embeddable":true,"href":"https:\/\/reha-flex.de\/physiotherapie-rueckenzentrum-halle-saale\/wp-json\/wp\/v2\/comments?post=521"}],"version-history":[{"count":28,"href":"https:\/\/reha-flex.de\/physiotherapie-rueckenzentrum-halle-saale\/wp-json\/wp\/v2\/pages\/521\/revisions"}],"predecessor-version":[{"id":616,"href":"https:\/\/reha-flex.de\/physiotherapie-rueckenzentrum-halle-saale\/wp-json\/wp\/v2\/pages\/521\/revisions\/616"}],"wp:attachment":[{"href":"https:\/\/reha-flex.de\/physiotherapie-rueckenzentrum-halle-saale\/wp-json\/wp\/v2\/media?parent=521"}],"curies":[{"name":"wp","href":"https:\/\/api.w.org\/{rel}","templated":true}]}}