{"id":228,"date":"2020-11-09T15:26:13","date_gmt":"2020-11-09T14:26:13","guid":{"rendered":"https:\/\/reha-flex.de\/rehabilitationsklinik-sangerhausen\/?page_id=228"},"modified":"2021-11-30T18:43:09","modified_gmt":"2021-11-30T17:43:09","slug":"praxis-fuer-physiotherapie","status":"publish","type":"page","link":"https:\/\/reha-flex.de\/rehabilitationsklinik-sangerhausen\/therapieangebote\/praxis-fuer-physiotherapie\/","title":{"rendered":"Praxis f\u00fcr Physiotherapie"},"content":{"rendered":"<div id=\"cmsmasters_row_lhwbgip2g8\" class=\"cmsmasters_row cmsmasters_color_scheme_default rehaflex-sidebar-wrapper cmsmasters_row_top_default cmsmasters_row_bot_default cmsmasters_row_boxed\">\n<div class=\"cmsmasters_row_outer_parent\">\n<div class=\"cmsmasters_row_outer\">\n<div class=\"cmsmasters_row_inner\">\n<div class=\"cmsmasters_row_margin\">\n<div id=\"cmsmasters_column_zg9nbpm85\" class=\"cmsmasters_column two_third rehaflex-content-sidebar\">\n<div class=\"cmsmasters_column_inner\"><div id=\"cmsmasters_heading_5l2pjgvqs\" class=\"cmsmasters_heading_wrap cmsmasters_heading_align_left\">\n\t<h2 class=\"cmsmasters_heading\">Praxis f\u00fcr Physiotherapie<\/h2>\n<\/div><div id=\"cmsmasters_heading_sv9rd9e2qj\" class=\"cmsmasters_heading_wrap cmsmasters_heading_align_left\">\n\t<h6 class=\"cmsmasters_heading\">Wir helfen Ihnen, gr\u00f6\u00dftm\u00f6gliche Selbstst\u00e4ndigkeit im Alltag zu erreichen mit optimaler Beweglichkeit, Kraft, Koordination und Ausdauer.<\/h6>\n<\/div><div class=\"cmsmasters_text\">\n<p><strong>Unser Therapieangebot<\/strong><\/p>\n<ul>\n<li>Manuelle Therapie<\/li>\n<li>Krankengymnastik<\/li>\n<li>Krankengymnastik am Ger\u00e4t<\/li>\n<li>Bobath f\u00fcr Erwachsene<\/li>\n<li>Heilmittelkombination D1<\/li>\n<li>Krankengymnastik auf neurophysiologischer Grundlage (PNF)<\/li>\n<li>Kiefergelenksbehandlung (CMD)<\/li>\n<li>Manuelle Lymphdrainage und \u00d6dembehandlungen<\/li>\n<li>verschiedene Massagen einschlie\u00dflich Fu\u00dfreflexzonentherapie<\/li>\n<li>Elektro-\/W\u00e4rme-\/K\u00e4ltetherapie<\/li>\n<li>Kinesio-Taping<\/li>\n<\/ul>\n<p><strong>Spezielle Wassertherapie<\/strong><\/p>\n<ul>\n<li>Krankengymnastik im Wasser (Einzel\/Gruppe)<\/li>\n<li>Unterwasserdruckstrahlmassage (UWM)<\/li>\n<li>Stangerbad<\/li>\n<li>Medizinische B\u00e4der<\/li>\n<li>2-\/4-Zellenbad<\/li>\n<\/ul>\n<\/div>\n<\/div><\/div>\n<div id=\"cmsmasters_column_fy36nilcgi\" class=\"cmsmasters_column one_third rehaflex-sidebar\">\n<div class=\"cmsmasters_column_inner\">\n<div class=\"cmsmasters_sidebar sidebar_layout_11\"><aside id=\"nav_menu-6\" class=\"widget widget_nav_menu\"><h3 class=\"widgettitle\">Therapie-Angebote<\/h3><div class=\"menu-reha-flex-therapieangebote-sidebar-container\"><ul id=\"menu-reha-flex-therapieangebote-sidebar\" class=\"menu\"><li id=\"menu-item-261\" class=\"menu-item menu-item-type-post_type menu-item-object-page menu-item-261\"><a href=\"https:\/\/reha-flex.de\/rehabilitationsklinik-sangerhausen\/therapieangebote\/praxis-fuer-physiotherapie\/\">Praxis f\u00fcr Physiotherapie<\/a><\/li>\n<li id=\"menu-item-262\" class=\"menu-item menu-item-type-post_type menu-item-object-page menu-item-262\"><a href=\"https:\/\/reha-flex.de\/rehabilitationsklinik-sangerhausen\/therapieangebote\/praxis-fuer-ergotherapie\/\">Praxis f\u00fcr Ergotherapie<\/a><\/li>\n<li id=\"menu-item-264\" class=\"menu-item menu-item-type-post_type menu-item-object-page menu-item-264\"><a href=\"https:\/\/reha-flex.de\/rehabilitationsklinik-sangerhausen\/therapieangebote\/privatarztpraxis-fuer-orthopaedie\/\">Privatarztpraxis f\u00fcr Orthop\u00e4die<\/a><\/li>\n<li id=\"menu-item-265\" class=\"menu-item menu-item-type-post_type menu-item-object-page menu-item-265\"><a href=\"https:\/\/reha-flex.de\/rehabilitationsklinik-sangerhausen\/therapieangebote\/ambulante-ernaehrungsberatung-lehrkueche\/\">Ambulante Ern\u00e4hrungsberatung<\/a><\/li>\n<li id=\"menu-item-701\" class=\"menu-item menu-item-type-post_type menu-item-object-page menu-item-701\"><a href=\"https:\/\/reha-flex.de\/rehabilitationsklinik-sangerhausen\/therapieangebote\/weitere-angebote\/\">Weitere Angebote<\/a><\/li>\n<\/ul><\/div><\/aside><div class=\"cl\"><\/div>\n<\/div>\n<\/div><\/div>\n<\/div>\n<\/div>\n<\/div>\n<\/div>\n<\/div>\n\n","protected":false},"excerpt":{"rendered":"","protected":false},"author":1,"featured_media":0,"parent":24,"menu_order":100,"comment_status":"closed","ping_status":"closed","template":"","meta":{"footnotes":""},"class_list":["post-228","page","type-page","status-publish","hentry"],"yoast_head":"<!-- This site is optimized with the Yoast SEO plugin v26.9 - https:\/\/yoast.com\/product\/yoast-seo-wordpress\/ -->\n<title>Praxis f\u00fcr Physiotherapie - Rehabilitationsklinik Sangerhausen<\/title>\n<meta name=\"robots\" content=\"index, follow, max-snippet:-1, max-image-preview:large, max-video-preview:-1\" \/>\n<link rel=\"canonical\" href=\"https:\/\/reha-flex.de\/rehabilitationsklinik-sangerhausen\/therapieangebote\/praxis-fuer-physiotherapie\/\" \/>\n<meta property=\"og:locale\" content=\"de_DE\" \/>\n<meta property=\"og:type\" content=\"article\" \/>\n<meta property=\"og:title\" content=\"Praxis f\u00fcr Physiotherapie - Rehabilitationsklinik Sangerhausen\" \/>\n<meta property=\"og:url\" content=\"https:\/\/reha-flex.de\/rehabilitationsklinik-sangerhausen\/therapieangebote\/praxis-fuer-physiotherapie\/\" \/>\n<meta property=\"og:site_name\" content=\"Rehabilitationsklinik Sangerhausen\" \/>\n<meta property=\"article:modified_time\" content=\"2021-11-30T17:43:09+00:00\" \/>\n<meta name=\"twitter:card\" content=\"summary_large_image\" \/>\n<meta name=\"twitter:label1\" content=\"Gesch\u00e4tzte Lesezeit\" \/>\n\t<meta name=\"twitter:data1\" content=\"1\u00a0Minute\" \/>\n<script type=\"application\/ld+json\" class=\"yoast-schema-graph\">{\"@context\":\"https:\/\/schema.org\",\"@graph\":[{\"@type\":\"WebPage\",\"@id\":\"https:\/\/reha-flex.de\/rehabilitationsklinik-sangerhausen\/therapieangebote\/praxis-fuer-physiotherapie\/\",\"url\":\"https:\/\/reha-flex.de\/rehabilitationsklinik-sangerhausen\/therapieangebote\/praxis-fuer-physiotherapie\/\",\"name\":\"Praxis f\u00fcr Physiotherapie - Rehabilitationsklinik Sangerhausen\",\"isPartOf\":{\"@id\":\"https:\/\/reha-flex.de\/rehabilitationsklinik-sangerhausen\/#website\"},\"datePublished\":\"2020-11-09T14:26:13+00:00\",\"dateModified\":\"2021-11-30T17:43:09+00:00\",\"breadcrumb\":{\"@id\":\"https:\/\/reha-flex.de\/rehabilitationsklinik-sangerhausen\/therapieangebote\/praxis-fuer-physiotherapie\/#breadcrumb\"},\"inLanguage\":\"de\",\"potentialAction\":[{\"@type\":\"ReadAction\",\"target\":[\"https:\/\/reha-flex.de\/rehabilitationsklinik-sangerhausen\/therapieangebote\/praxis-fuer-physiotherapie\/\"]}]},{\"@type\":\"BreadcrumbList\",\"@id\":\"https:\/\/reha-flex.de\/rehabilitationsklinik-sangerhausen\/therapieangebote\/praxis-fuer-physiotherapie\/#breadcrumb\",\"itemListElement\":[{\"@type\":\"ListItem\",\"position\":1,\"name\":\"Startseite\",\"item\":\"https:\/\/reha-flex.de\/rehabilitationsklinik-sangerhausen\/\"},{\"@type\":\"ListItem\",\"position\":2,\"name\":\"Therapieangebote\",\"item\":\"https:\/\/reha-flex.de\/rehabilitationsklinik-sangerhausen\/therapieangebote\/\"},{\"@type\":\"ListItem\",\"position\":3,\"name\":\"Praxis f\u00fcr Physiotherapie\"}]},{\"@type\":\"WebSite\",\"@id\":\"https:\/\/reha-flex.de\/rehabilitationsklinik-sangerhausen\/#website\",\"url\":\"https:\/\/reha-flex.de\/rehabilitationsklinik-sangerhausen\/\",\"name\":\"Rehabilitationsklinik Sangerhausen\",\"description\":\"\",\"potentialAction\":[{\"@type\":\"SearchAction\",\"target\":{\"@type\":\"EntryPoint\",\"urlTemplate\":\"https:\/\/reha-flex.de\/rehabilitationsklinik-sangerhausen\/?s={search_term_string}\"},\"query-input\":{\"@type\":\"PropertyValueSpecification\",\"valueRequired\":true,\"valueName\":\"search_term_string\"}}],\"inLanguage\":\"de\"}]}<\/script>\n<!-- \/ Yoast SEO plugin. -->","yoast_head_json":{"title":"Praxis f\u00fcr Physiotherapie - Rehabilitationsklinik Sangerhausen","robots":{"index":"index","follow":"follow","max-snippet":"max-snippet:-1","max-image-preview":"max-image-preview:large","max-video-preview":"max-video-preview:-1"},"canonical":"https:\/\/reha-flex.de\/rehabilitationsklinik-sangerhausen\/therapieangebote\/praxis-fuer-physiotherapie\/","og_locale":"de_DE","og_type":"article","og_title":"Praxis f\u00fcr Physiotherapie - Rehabilitationsklinik Sangerhausen","og_url":"https:\/\/reha-flex.de\/rehabilitationsklinik-sangerhausen\/therapieangebote\/praxis-fuer-physiotherapie\/","og_site_name":"Rehabilitationsklinik Sangerhausen","article_modified_time":"2021-11-30T17:43:09+00:00","twitter_card":"summary_large_image","twitter_misc":{"Gesch\u00e4tzte Lesezeit":"1\u00a0Minute"},"schema":{"@context":"https:\/\/schema.org","@graph":[{"@type":"WebPage","@id":"https:\/\/reha-flex.de\/rehabilitationsklinik-sangerhausen\/therapieangebote\/praxis-fuer-physiotherapie\/","url":"https:\/\/reha-flex.de\/rehabilitationsklinik-sangerhausen\/therapieangebote\/praxis-fuer-physiotherapie\/","name":"Praxis f\u00fcr Physiotherapie - Rehabilitationsklinik Sangerhausen","isPartOf":{"@id":"https:\/\/reha-flex.de\/rehabilitationsklinik-sangerhausen\/#website"},"datePublished":"2020-11-09T14:26:13+00:00","dateModified":"2021-11-30T17:43:09+00:00","breadcrumb":{"@id":"https:\/\/reha-flex.de\/rehabilitationsklinik-sangerhausen\/therapieangebote\/praxis-fuer-physiotherapie\/#breadcrumb"},"inLanguage":"de","potentialAction":[{"@type":"ReadAction","target":["https:\/\/reha-flex.de\/rehabilitationsklinik-sangerhausen\/therapieangebote\/praxis-fuer-physiotherapie\/"]}]},{"@type":"BreadcrumbList","@id":"https:\/\/reha-flex.de\/rehabilitationsklinik-sangerhausen\/therapieangebote\/praxis-fuer-physiotherapie\/#breadcrumb","itemListElement":[{"@type":"ListItem","position":1,"name":"Startseite","item":"https:\/\/reha-flex.de\/rehabilitationsklinik-sangerhausen\/"},{"@type":"ListItem","position":2,"name":"Therapieangebote","item":"https:\/\/reha-flex.de\/rehabilitationsklinik-sangerhausen\/therapieangebote\/"},{"@type":"ListItem","position":3,"name":"Praxis f\u00fcr Physiotherapie"}]},{"@type":"WebSite","@id":"https:\/\/reha-flex.de\/rehabilitationsklinik-sangerhausen\/#website","url":"https:\/\/reha-flex.de\/rehabilitationsklinik-sangerhausen\/","name":"Rehabilitationsklinik Sangerhausen","description":"","potentialAction":[{"@type":"SearchAction","target":{"@type":"EntryPoint","urlTemplate":"https:\/\/reha-flex.de\/rehabilitationsklinik-sangerhausen\/?s={search_term_string}"},"query-input":{"@type":"PropertyValueSpecification","valueRequired":true,"valueName":"search_term_string"}}],"inLanguage":"de"}]}},"_links":{"self":[{"href":"https:\/\/reha-flex.de\/rehabilitationsklinik-sangerhausen\/wp-json\/wp\/v2\/pages\/228","targetHints":{"allow":["GET"]}}],"collection":[{"href":"https:\/\/reha-flex.de\/rehabilitationsklinik-sangerhausen\/wp-json\/wp\/v2\/pages"}],"about":[{"href":"https:\/\/reha-flex.de\/rehabilitationsklinik-sangerhausen\/wp-json\/wp\/v2\/types\/page"}],"author":[{"embeddable":true,"href":"https:\/\/reha-flex.de\/rehabilitationsklinik-sangerhausen\/wp-json\/wp\/v2\/users\/1"}],"replies":[{"embeddable":true,"href":"https:\/\/reha-flex.de\/rehabilitationsklinik-sangerhausen\/wp-json\/wp\/v2\/comments?post=228"}],"version-history":[{"count":20,"href":"https:\/\/reha-flex.de\/rehabilitationsklinik-sangerhausen\/wp-json\/wp\/v2\/pages\/228\/revisions"}],"predecessor-version":[{"id":874,"href":"https:\/\/reha-flex.de\/rehabilitationsklinik-sangerhausen\/wp-json\/wp\/v2\/pages\/228\/revisions\/874"}],"up":[{"embeddable":true,"href":"https:\/\/reha-flex.de\/rehabilitationsklinik-sangerhausen\/wp-json\/wp\/v2\/pages\/24"}],"wp:attachment":[{"href":"https:\/\/reha-flex.de\/rehabilitationsklinik-sangerhausen\/wp-json\/wp\/v2\/media?parent=228"}],"curies":[{"name":"wp","href":"https:\/\/api.w.org\/{rel}","templated":true}]}}