{"id":24,"date":"2020-10-06T09:15:57","date_gmt":"2020-10-06T07:15:57","guid":{"rendered":"https:\/\/reha-flex.de\/rehabilitationsklinik-sangerhausen\/?page_id=24"},"modified":"2021-03-18T13:19:46","modified_gmt":"2021-03-18T12:19:46","slug":"therapieangebote","status":"publish","type":"page","link":"https:\/\/reha-flex.de\/rehabilitationsklinik-sangerhausen\/therapieangebote\/","title":{"rendered":"Therapieangebote"},"content":{"rendered":"<div id=\"cmsmasters_row_7xgwdhrxab\" class=\"cmsmasters_row cmsmasters_color_scheme_default cmsmasters_row_top_default cmsmasters_row_bot_default cmsmasters_row_fullwidth\">\n<div class=\"cmsmasters_row_outer_parent\">\n<div class=\"cmsmasters_row_outer\">\n<div class=\"cmsmasters_row_inner cmsmasters_row_fullwidth\">\n<div class=\"cmsmasters_row_margin\">\n<div id=\"cmsmasters_column_w6fruudujp\" class=\"cmsmasters_column one_first\">\n<div class=\"cmsmasters_column_inner\">\n<div class=\"cmsmasters_slider\">\n\t\t\t<!-- START reha FLEX Slider SGH Therapieangebote REVOLUTION SLIDER 6.7.40 --><p class=\"rs-p-wp-fix\"><\/p>\n\t\t\t<rs-module-wrap id=\"rev_slider_4_1_wrapper\" data-source=\"gallery\" style=\"visibility:hidden;background:transparent;padding:0;margin:0px auto;margin-top:0;margin-bottom:0;\">\n\t\t\t\t<rs-module id=\"rev_slider_4_1\" style=\"\" data-version=\"6.7.40\">\n\t\t\t\t\t<rs-slides style=\"overflow: hidden; position: absolute;\">\n\t\t\t\t\t\t<rs-slide style=\"position: absolute;\" data-key=\"rs-23\" data-title=\"Slide\" data-thumb=\"\/\/reha-flex.de\/rehabilitationsklinik-sangerhausen\/wp-content\/uploads\/sites\/8\/2020\/10\/Krankengymnastik-SGH.jpg\" data-anim=\"ms:600;r:0;\" data-in=\"o:0;\" data-out=\"a:false;\">\n\t\t\t\t\t\t\t<img decoding=\"async\" src=\"\/\/reha-flex.de\/wp-content\/plugins\/revslider\/sr6\/assets\/assets\/dummy.png\" alt=\"Krankengymnastik in Sangerhausen\" title=\"Krankengymnastik in Sangerhausen\" width=\"1920\" height=\"1278\" class=\"rev-slidebg tp-rs-img rs-lazyload\" data-lazyload=\"\/\/reha-flex.de\/rehabilitationsklinik-sangerhausen\/wp-content\/uploads\/sites\/8\/2020\/10\/Krankengymnastik-SGH.jpg\" data-bg=\"p:0% 45%;\" data-parallax=\"14\" data-no-retina>\n<!---->\t\t\t\t\t<\/rs-slide>\n\t\t\t\t\t\t<rs-slide style=\"position: absolute;\" data-key=\"rs-24\" data-title=\"Slide\" data-thumb=\"\/\/reha-flex.de\/wp-content\/uploads\/sites\/8\/2021\/11\/krankengymnastik-am-geraet-100x50.jpg\" data-anim=\"ms:600;r:0;\" data-in=\"o:0;\" data-out=\"a:false;\">\n\t\t\t\t\t\t\t<img decoding=\"async\" src=\"\/\/reha-flex.de\/wp-content\/plugins\/revslider\/sr6\/assets\/assets\/dummy.png\" alt=\"\" title=\"Krankengymnastik am Ger\u00e4t\" width=\"1928\" height=\"1146\" class=\"rev-slidebg tp-rs-img rs-lazyload\" data-lazyload=\"\/\/reha-flex.de\/wp-content\/uploads\/sites\/8\/2021\/11\/krankengymnastik-am-geraet.jpg\" data-parallax=\"off\" data-no-retina>\n<!---->\t\t\t\t\t<\/rs-slide>\n\t\t\t\t\t\t<rs-slide style=\"position: absolute;\" data-key=\"rs-46\" data-title=\"Slide\" data-thumb=\"\/\/reha-flex.de\/wp-content\/uploads\/sites\/8\/2021\/11\/ergotherapie_knete-100x50.jpg\" data-anim=\"ms:1000;r:0;\" data-in=\"o:0;\" data-out=\"a:false;\">\n\t\t\t\t\t\t\t<img decoding=\"async\" src=\"\/\/reha-flex.de\/wp-content\/plugins\/revslider\/sr6\/assets\/assets\/dummy.png\" alt=\"\" title=\"Ergotherapie\" width=\"2126\" height=\"1770\" class=\"rev-slidebg tp-rs-img rs-lazyload\" data-lazyload=\"\/\/reha-flex.de\/wp-content\/uploads\/sites\/8\/2021\/11\/ergotherapie_knete.jpg\" data-parallax=\"off\" data-no-retina>\n<!---->\t\t\t\t\t<\/rs-slide>\n\t\t\t\t\t\t<rs-slide style=\"position: absolute;\" data-key=\"rs-26\" data-title=\"Slide\" data-thumb=\"\/\/reha-flex.de\/rehabilitationsklinik-sangerhausen\/wp-content\/uploads\/sites\/8\/2020\/10\/Physikalische-Therapie.jpg\" data-anim=\"ms:1000;r:0;\" data-in=\"o:0;\" data-out=\"a:false;\">\n\t\t\t\t\t\t\t<img decoding=\"async\" src=\"\/\/reha-flex.de\/wp-content\/plugins\/revslider\/sr6\/assets\/assets\/dummy.png\" alt=\"Physikalische Therapie\" title=\"Physikalische Therapie\" width=\"1920\" height=\"1407\" class=\"rev-slidebg tp-rs-img rs-lazyload\" data-lazyload=\"\/\/reha-flex.de\/rehabilitationsklinik-sangerhausen\/wp-content\/uploads\/sites\/8\/2020\/10\/Physikalische-Therapie.jpg\" data-bg=\"p:0% 40%;\" data-parallax=\"off\" data-no-retina>\n<!---->\t\t\t\t\t<\/rs-slide>\n\t\t\t\t\t\t<rs-slide style=\"position: absolute;\" data-key=\"rs-44\" data-title=\"Slide\" data-thumb=\"\/\/reha-flex.de\/wp-content\/uploads\/sites\/8\/2020\/10\/Heilmittelbuero-100x50.jpg\" data-anim=\"ms:1000;r:0;\" data-in=\"o:0;\" data-out=\"a:false;\">\n\t\t\t\t\t\t\t<img decoding=\"async\" src=\"\/\/reha-flex.de\/wp-content\/plugins\/revslider\/sr6\/assets\/assets\/dummy.png\" alt=\"Heilmittelbu\u0308ro\" title=\"Heilmittelbu\u0308ro\" width=\"1920\" height=\"1109\" class=\"rev-slidebg tp-rs-img rs-lazyload\" data-lazyload=\"\/\/reha-flex.de\/wp-content\/uploads\/sites\/8\/2020\/10\/Heilmittelbuero.jpg\" data-parallax=\"off\" data-no-retina>\n<!---->\t\t\t\t\t<\/rs-slide>\n\t\t\t\t\t\t<rs-slide style=\"position: absolute;\" data-key=\"rs-45\" data-title=\"Slide\" data-thumb=\"\/\/reha-flex.de\/wp-content\/uploads\/sites\/8\/2021\/11\/manuelle-therapie-100x50.jpg\" data-anim=\"ms:1000;r:0;\" data-in=\"o:0;\" data-out=\"a:false;\">\n\t\t\t\t\t\t\t<img decoding=\"async\" src=\"\/\/reha-flex.de\/wp-content\/plugins\/revslider\/sr6\/assets\/assets\/dummy.png\" alt=\"\" title=\"Manuelle Therapie\" width=\"2126\" height=\"1417\" class=\"rev-slidebg tp-rs-img rs-lazyload\" data-lazyload=\"\/\/reha-flex.de\/wp-content\/uploads\/sites\/8\/2021\/11\/manuelle-therapie.jpg\" data-parallax=\"off\" data-no-retina>\n<!---->\t\t\t\t\t<\/rs-slide>\n\t\t\t\t\t\t<rs-slide style=\"position: absolute;\" data-key=\"rs-29\" data-title=\"Slide\" data-thumb=\"\/\/reha-flex.de\/wp-content\/uploads\/sites\/8\/2021\/11\/Strom_2021-100x50.jpg\" data-anim=\"ms:1000;r:0;\" data-in=\"o:0;\" data-out=\"a:false;\">\n\t\t\t\t\t\t\t<img decoding=\"async\" src=\"\/\/reha-flex.de\/wp-content\/plugins\/revslider\/sr6\/assets\/assets\/dummy.png\" alt=\"\" title=\"Physikalische Therapie mit Strom\" width=\"2126\" height=\"1557\" class=\"rev-slidebg tp-rs-img rs-lazyload\" data-lazyload=\"\/\/reha-flex.de\/wp-content\/uploads\/sites\/8\/2021\/11\/Strom_2021.jpg\" data-bg=\"p:0% 30%;\" data-parallax=\"off\" data-no-retina>\n<!---->\t\t\t\t\t<\/rs-slide>\n\t\t\t\t\t\t<rs-slide style=\"position: absolute;\" data-key=\"rs-36\" data-title=\"Slide\" data-thumb=\"\/\/reha-flex.de\/wp-content\/uploads\/sites\/8\/2021\/11\/ergotherapie_steine-100x50.jpg\" data-anim=\"ms:1000;r:0;\" data-in=\"o:0;\" data-out=\"a:false;\">\n\t\t\t\t\t\t\t<img decoding=\"async\" src=\"\/\/reha-flex.de\/wp-content\/plugins\/revslider\/sr6\/assets\/assets\/dummy.png\" alt=\"Kiesbad bei der Ergotherapie\" title=\"Kiesbad Ergotherapie\" width=\"2126\" height=\"1417\" class=\"rev-slidebg tp-rs-img rs-lazyload\" data-lazyload=\"\/\/reha-flex.de\/wp-content\/uploads\/sites\/8\/2021\/11\/ergotherapie_steine.jpg\" data-parallax=\"off\" data-no-retina>\n<!---->\t\t\t\t\t<\/rs-slide>\n\t\t\t\t\t<\/rs-slides>\n\t\t\t\t<\/rs-module>\n\t\t\t\t<script>\n\t\t\t\t\tsetREVStartSize({c: 'rev_slider_4_1',rl:[1240,1024,778,480],el:[800,768,960,720],gw:[1920,1024,778,480],gh:[800,500,450,300],type:'standard',justify:'',layout:'fullwidth',mh:\"0\"});if (window.RS_MODULES!==undefined && window.RS_MODULES.modules!==undefined && window.RS_MODULES.modules[\"revslider41\"]!==undefined) {window.RS_MODULES.modules[\"revslider41\"].once = false;window.revapi4 = undefined;if (window.RS_MODULES.checkMinimal!==undefined) window.RS_MODULES.checkMinimal()}\n\t\t\t\t<\/script>\n\t\t\t<\/rs-module-wrap>\n\t\t\t<!-- END REVOLUTION SLIDER -->\n<\/div>\n<\/div><\/div>\n<\/div>\n<\/div>\n<\/div>\n<\/div>\n<\/div>\n<div id=\"cmsmasters_row_lhwbgip2g8\" class=\"cmsmasters_row cmsmasters_color_scheme_default rehaflex-sidebar-wrapper cmsmasters_row_top_default cmsmasters_row_bot_default cmsmasters_row_boxed\">\n<div class=\"cmsmasters_row_outer_parent\">\n<div class=\"cmsmasters_row_outer\">\n<div class=\"cmsmasters_row_inner\">\n<div class=\"cmsmasters_row_margin\">\n<div id=\"cmsmasters_column_zg9nbpm85\" class=\"cmsmasters_column two_third rehaflex-content-sidebar\">\n<div class=\"cmsmasters_column_inner\"><div id=\"cmsmasters_heading_5l2pjgvqs\" class=\"cmsmasters_heading_wrap cmsmasters_heading_align_left\">\n\t<h2 class=\"cmsmasters_heading\">Vielf\u00e4ltige Therapiem\u00f6glichkeiten<\/h2>\n<\/div><div class=\"cmsmasters_text\">\n<p>Auf Rezeptverordnung Ihres Haus- oder\u00a0Facharztes\u00a0k\u00f6nnen Sie sich auch bei reha\u00a0FLEX in der Praxis fu\u0308r Physio- und Ergotherapie\u00a0behandeln lassen. Gleichwohl hat\u00a0reha FLEX viele weitere therapeutische Angebote, wie z. B. die Osteopathie oder die ambulante Ern\u00e4hrungsberatung.<\/p>\n<\/div>\n<div id=\"cmsmasters_divider_o26i3sfk7l\" class=\"cmsmasters_divider cmsmasters_divider_width_long cmsmasters_divider_pos_center\"><\/div>\n<div id=\"cmsmasters_heading_329apwni9\" class=\"cmsmasters_heading_wrap cmsmasters_heading_align_left\">\n\t<h2 class=\"cmsmasters_heading\">HEILMITTELVERORDNUNG \/ REZEPT<\/h2>\n<\/div><div class=\"cmsmasters_text\">\n<p class=\"p1\">Per Heilmittelverordnung\/Rezept werden physiotherapeutische und ergotherapeutische Behandlungen \u00e4rztlich verordnet. Die reha FLEX Rehabilitationsklinik Sangerhausen ist gleichfalls nach \u00a7 <span class=\"s1\">124 <\/span>SGB V zur Erbringung von Heilmittelleistungen f\u00fcr alle gesetzlichen Krankenkassen, Berufsgenossenschaften und f\u00fcr Privatpatienten\/Heilf\u00fcrsorge zugelassen.<\/p>\n<\/div>\n<div class=\"cmsmasters_text\">\n<p><strong>Wir bemu\u0308hen uns im Interesse Ihrer Gesundheit um beste Behandlungsbedingungen und Service, bitte unterstu\u0308tzen Sie uns dabei.<\/strong><\/p>\n<\/div>\n<div id=\"cmsmasters_divider_ey8xv0v5p\" class=\"cl\"><\/div>\n<div class=\"cmsmasters_toggles toggles_mode_toggle\">\n<div class=\"cmsmasters_toggle_wrap\" data-tags=\"all \">\n<div class=\"cmsmasters_toggle_title\">\n<span class=\"cmsmasters_toggle_plus\">\n<span class=\"cmsmasters_toggle_plus_hor\"><\/span>\n<span class=\"cmsmasters_toggle_plus_vert\"><\/span>\n<\/span>\n<a href=\"#\">Allgemeine Behandlungsbedingungen<\/a>\n<\/div>\n<div class=\"cmsmasters_toggle\">\n<div class=\"cmsmasters_toggle_inner\">\n<ol>\n<li>Die Verordnungen\/Rezepte m\u00fcssen vom behandelnden Arzt korrekt ausgef\u00fcllt sein:<br \/>\n1.1 Ausstellungsdatum<br \/>\n1.2. Diagnose mit entsprechendem ICD-10-Code und Diagnosegruppe<br \/>\n1.3. Heilmittel inkl. Anzahl und Wiederholung Nicht korrekt ausgef\u00fcllte Rezepte m\u00fcssen wir abweisen. F\u00fcr fehlerhaft ausgestellte Verordnungen erh\u00e4lt der Patient von uns f\u00fcr seinen Arzt einen entsprechenden Hinweiszettel mit der Bitte um Korrektur. Die durchgef\u00fchrten Korrekturen sind durch den Arzt mit Unterschrift und Stempel zu best\u00e4tigen. Erst bei Vorliegen der richtig korrigierten Verordnung ist ein Behandlungsbeginn m\u00f6glich.<\/li>\n<li>Die Behandlung muss nach Ausstellung des Rezeptes innerhalb von 28 Kalender<span class=\"s1\">tagen, bei dringlichem Behandlungsbedarf innerhalb von 14 Tagen begonnen werden.<\/span><\/li>\n<li>Die Behandlungsintervalle m\u00fcssen gem\u00e4\u00df den Vorgaben des Arztes erfolgen.<\/li>\n<li>Bei einer Behandlungsunterbrechung von mehr als 14 Tagen ist das Rezept abzubrechen.<\/li>\n<li>Die Leistungen f\u00fcr gesetzlich versicherte Patienten werden mit den Krankenkassen abgerechnet. Aktuelle Preislisten sind nach R\u00fccksprache beim Patientenservice einsehbar.<\/li>\n<li>Die seit 2004 gesetzlich vorgeschriebene Zuzahlung (10\u2009% des Rezeptwertes) zzgl. Rezeptgeb\u00fchr (10,- \u20ac) pro Verordnung ist bei der Terminvereinbarung sofort, sp\u00e4testens aber im Verlauf des Behandlungszeitraumes, im Patientenservice in bar zu entrichten. Bei Erstellung einer nachtr\u00e4glichen Zuzahlungsrechnung wird eine zus\u00e4tzliche Verwaltungsgeb\u00fchr von 5,- \u20ac erhoben. Befreiungsausweise sind unmittelbar bei der Terminvereinbarung vorzulegen. Sie verlieren automatisch zum 31.12. des Jahres ihre G\u00fcltigkeit. Kinder und Jugendliche bis zum 18. Lebensjahr und BG-Patienten sind von der Zuzahlungspflicht befreit.<\/li>\n<li>Die Abrechnung f\u00fcr Privatpatienten er\u00adfolgt entsprechend den Honorars\u00e4tzen laut Aushang und stichtagsgenau. Die Honorars\u00e4tze gelten als vereinbart und sind durch den Patienten zu begleichen, unabh\u00e4ngig davon, ob eine Versicherung des Patienten diese ganz, nicht oder nur teilweise erstattet.\u2028Es gilt jeweils die zum Zeitpunkt der tats\u00e4chlichen Behandlung g\u00fcltige Fassung der Honorars\u00e4tze.<\/li>\n<li>Im Sinne des \u00a7 302 SGB V i.V.m. Art. 6 Abs. 1 a-f DSGVO werden Daten des Patienten f\u00fcr die Abrechnung gegen\u00fcber dem Kostentr\u00e4ger gespeichert, ge\u00e4ndert bzw. gel\u00f6scht und im Rahmen der Zweckbestimmung an Dritte (z.\u2009B. externe Abrechnungsgesellschaften) \u00fcbermittelt (siehe Dokument: Information, Einverst\u00e4ndniserkl\u00e4rung und Widerspruchsrecht zur Datenverarbeitung gem\u00e4\u00df der Datenschutzgrundverordnung).<\/li>\n<li>Behandlungen erfolgen ausschlie\u00dflich nach vorheriger Terminabsprache mit dem Patienten. Die Behandlungszeit entspricht den Vorgaben der Kostentr\u00e4ger und beinhaltet die Aus- und Anziehzeit.<\/li>\n<li>Durch den Patienten ist ein rechtzeitiges Erscheinen vor dem Behandlungstermin in der Einrichtung zu sichern. Versp\u00e4tungen haben eine k\u00fcrzere Behandlung zur Folge.<\/li>\n<li>Bei 2-maligem Fehlen von vereinbarten Terminen wird die Behandlung abgebrochen und die erbrachte Leistung abgerechnet.<\/li>\n<li>Gem\u00e4\u00df \u00a7 615 BGB behalten wir uns das Recht zur Stellung von Ausfallrechnungen in H\u00f6he des tats\u00e4chlichen Behandlungstarifes ausdr\u00fccklich vor, wenn die Absage des Termins nicht 24 Stunden vorher erfolgt.<\/li>\n<li>Die Aufsichtspflicht besteht ausschlie\u00dflich f\u00fcr die Therapie. Vor und nach der Therapie sind die Erziehungsberechtigten bzw. Begleitpersonen aufsichtspflichtig und demnach voll haftbar.<\/li>\n<li>F\u00fcr die Behandlung hat der Patient grunds\u00e4tzlich 1 Handtuch als Unterlage mitzubringen, f\u00fcr Wasserbehandlungen und Behandlungen mit aktivem Anteil (z.\u2009B. KG Ger\u00e4t) entsprechende Wechselsachen und Waschutensilien.<\/li>\n<li>In den Umkleidebereichen stehen ab\u00adschlie\u00dfbare Umkleideschr\u00e4nke kostenlos zur Verf\u00fcgung. F\u00fcr die Benutzung der Umkleideschr\u00e4nke ben\u00f6tigt der Patient 1,- \u20ac zum Verschlie\u00dfen des Pfandschlosses. Das Pfandschloss gibt nach Freigabe des Schrankes den 1,- \u20ac Pfand automatisch zur\u00fcck. F\u00fcr nicht weggeschlossene abhanden gekommene Gegenst\u00e4nde und Geld \u00fcbernehmen wir keine Haftung. Der Umkleideschrank ist kein Safe.<\/li>\n<li>Die Hausordnung und die Bewegungsbadordnung sind Bestandteil der Behandlungsbedingungen und durch den Patienten zu beachten. Flucht und Rettungspl\u00e4ne h\u00e4ngen im Treppen\u00adbereich auf jeder Etage aus. Bitte informieren Sie sich. Im Brandfall ist die Benutzung des Fahrstuhles verboten.<\/li>\n<\/ol>\n<\/div>\n<\/div>\n<\/div><\/div>\n<\/div><\/div>\n<div id=\"cmsmasters_column_u6qlipkqi\" class=\"cmsmasters_column one_third rehaflex-sidebar\">\n<div class=\"cmsmasters_column_inner\">\n<div class=\"cmsmasters_sidebar sidebar_layout_11\"><aside id=\"nav_menu-6\" class=\"widget widget_nav_menu\"><h3 class=\"widgettitle\">Therapie-Angebote<\/h3><div class=\"menu-reha-flex-therapieangebote-sidebar-container\"><ul id=\"menu-reha-flex-therapieangebote-sidebar\" class=\"menu\"><li id=\"menu-item-261\" class=\"menu-item menu-item-type-post_type menu-item-object-page menu-item-261\"><a href=\"https:\/\/reha-flex.de\/rehabilitationsklinik-sangerhausen\/therapieangebote\/praxis-fuer-physiotherapie\/\">Praxis f\u00fcr Physiotherapie<\/a><\/li>\n<li id=\"menu-item-262\" class=\"menu-item menu-item-type-post_type menu-item-object-page menu-item-262\"><a href=\"https:\/\/reha-flex.de\/rehabilitationsklinik-sangerhausen\/therapieangebote\/praxis-fuer-ergotherapie\/\">Praxis f\u00fcr Ergotherapie<\/a><\/li>\n<li id=\"menu-item-264\" class=\"menu-item menu-item-type-post_type menu-item-object-page menu-item-264\"><a href=\"https:\/\/reha-flex.de\/rehabilitationsklinik-sangerhausen\/therapieangebote\/privatarztpraxis-fuer-orthopaedie\/\">Privatarztpraxis f\u00fcr Orthop\u00e4die<\/a><\/li>\n<li id=\"menu-item-265\" class=\"menu-item menu-item-type-post_type menu-item-object-page menu-item-265\"><a href=\"https:\/\/reha-flex.de\/rehabilitationsklinik-sangerhausen\/therapieangebote\/ambulante-ernaehrungsberatung-lehrkueche\/\">Ambulante Ern\u00e4hrungsberatung<\/a><\/li>\n<li id=\"menu-item-701\" class=\"menu-item menu-item-type-post_type menu-item-object-page menu-item-701\"><a href=\"https:\/\/reha-flex.de\/rehabilitationsklinik-sangerhausen\/therapieangebote\/weitere-angebote\/\">Weitere Angebote<\/a><\/li>\n<\/ul><\/div><\/aside><div class=\"cl\"><\/div>\n<\/div>\n<\/div><\/div>\n<\/div>\n<\/div>\n<\/div>\n<\/div>\n<\/div>\n\n","protected":false},"excerpt":{"rendered":"","protected":false},"author":1,"featured_media":0,"parent":0,"menu_order":400,"comment_status":"closed","ping_status":"closed","template":"","meta":{"footnotes":""},"class_list":["post-24","page","type-page","status-publish","hentry"],"yoast_head":"<!-- This site is optimized with the Yoast SEO plugin v26.9 - https:\/\/yoast.com\/product\/yoast-seo-wordpress\/ -->\n<title>Therapieangebote - Rehabilitationsklinik Sangerhausen<\/title>\n<meta name=\"robots\" content=\"index, follow, max-snippet:-1, max-image-preview:large, max-video-preview:-1\" \/>\n<link rel=\"canonical\" href=\"https:\/\/reha-flex.de\/rehabilitationsklinik-sangerhausen\/therapieangebote\/\" \/>\n<meta property=\"og:locale\" content=\"de_DE\" \/>\n<meta property=\"og:type\" content=\"article\" \/>\n<meta property=\"og:title\" content=\"Therapieangebote - Rehabilitationsklinik Sangerhausen\" \/>\n<meta property=\"og:url\" content=\"https:\/\/reha-flex.de\/rehabilitationsklinik-sangerhausen\/therapieangebote\/\" \/>\n<meta property=\"og:site_name\" content=\"Rehabilitationsklinik Sangerhausen\" \/>\n<meta property=\"article:modified_time\" content=\"2021-03-18T12:19:46+00:00\" \/>\n<meta name=\"twitter:card\" content=\"summary_large_image\" \/>\n<meta name=\"twitter:label1\" content=\"Gesch\u00e4tzte Lesezeit\" \/>\n\t<meta name=\"twitter:data1\" content=\"5\u00a0Minuten\" \/>\n<script type=\"application\/ld+json\" class=\"yoast-schema-graph\">{\"@context\":\"https:\/\/schema.org\",\"@graph\":[{\"@type\":\"WebPage\",\"@id\":\"https:\/\/reha-flex.de\/rehabilitationsklinik-sangerhausen\/therapieangebote\/\",\"url\":\"https:\/\/reha-flex.de\/rehabilitationsklinik-sangerhausen\/therapieangebote\/\",\"name\":\"Therapieangebote - Rehabilitationsklinik Sangerhausen\",\"isPartOf\":{\"@id\":\"https:\/\/reha-flex.de\/rehabilitationsklinik-sangerhausen\/#website\"},\"datePublished\":\"2020-10-06T07:15:57+00:00\",\"dateModified\":\"2021-03-18T12:19:46+00:00\",\"breadcrumb\":{\"@id\":\"https:\/\/reha-flex.de\/rehabilitationsklinik-sangerhausen\/therapieangebote\/#breadcrumb\"},\"inLanguage\":\"de\",\"potentialAction\":[{\"@type\":\"ReadAction\",\"target\":[\"https:\/\/reha-flex.de\/rehabilitationsklinik-sangerhausen\/therapieangebote\/\"]}]},{\"@type\":\"BreadcrumbList\",\"@id\":\"https:\/\/reha-flex.de\/rehabilitationsklinik-sangerhausen\/therapieangebote\/#breadcrumb\",\"itemListElement\":[{\"@type\":\"ListItem\",\"position\":1,\"name\":\"Startseite\",\"item\":\"https:\/\/reha-flex.de\/rehabilitationsklinik-sangerhausen\/\"},{\"@type\":\"ListItem\",\"position\":2,\"name\":\"Therapieangebote\"}]},{\"@type\":\"WebSite\",\"@id\":\"https:\/\/reha-flex.de\/rehabilitationsklinik-sangerhausen\/#website\",\"url\":\"https:\/\/reha-flex.de\/rehabilitationsklinik-sangerhausen\/\",\"name\":\"Rehabilitationsklinik Sangerhausen\",\"description\":\"\",\"potentialAction\":[{\"@type\":\"SearchAction\",\"target\":{\"@type\":\"EntryPoint\",\"urlTemplate\":\"https:\/\/reha-flex.de\/rehabilitationsklinik-sangerhausen\/?s={search_term_string}\"},\"query-input\":{\"@type\":\"PropertyValueSpecification\",\"valueRequired\":true,\"valueName\":\"search_term_string\"}}],\"inLanguage\":\"de\"}]}<\/script>\n<!-- \/ Yoast SEO plugin. -->","yoast_head_json":{"title":"Therapieangebote - Rehabilitationsklinik Sangerhausen","robots":{"index":"index","follow":"follow","max-snippet":"max-snippet:-1","max-image-preview":"max-image-preview:large","max-video-preview":"max-video-preview:-1"},"canonical":"https:\/\/reha-flex.de\/rehabilitationsklinik-sangerhausen\/therapieangebote\/","og_locale":"de_DE","og_type":"article","og_title":"Therapieangebote - Rehabilitationsklinik Sangerhausen","og_url":"https:\/\/reha-flex.de\/rehabilitationsklinik-sangerhausen\/therapieangebote\/","og_site_name":"Rehabilitationsklinik Sangerhausen","article_modified_time":"2021-03-18T12:19:46+00:00","twitter_card":"summary_large_image","twitter_misc":{"Gesch\u00e4tzte Lesezeit":"5\u00a0Minuten"},"schema":{"@context":"https:\/\/schema.org","@graph":[{"@type":"WebPage","@id":"https:\/\/reha-flex.de\/rehabilitationsklinik-sangerhausen\/therapieangebote\/","url":"https:\/\/reha-flex.de\/rehabilitationsklinik-sangerhausen\/therapieangebote\/","name":"Therapieangebote - Rehabilitationsklinik Sangerhausen","isPartOf":{"@id":"https:\/\/reha-flex.de\/rehabilitationsklinik-sangerhausen\/#website"},"datePublished":"2020-10-06T07:15:57+00:00","dateModified":"2021-03-18T12:19:46+00:00","breadcrumb":{"@id":"https:\/\/reha-flex.de\/rehabilitationsklinik-sangerhausen\/therapieangebote\/#breadcrumb"},"inLanguage":"de","potentialAction":[{"@type":"ReadAction","target":["https:\/\/reha-flex.de\/rehabilitationsklinik-sangerhausen\/therapieangebote\/"]}]},{"@type":"BreadcrumbList","@id":"https:\/\/reha-flex.de\/rehabilitationsklinik-sangerhausen\/therapieangebote\/#breadcrumb","itemListElement":[{"@type":"ListItem","position":1,"name":"Startseite","item":"https:\/\/reha-flex.de\/rehabilitationsklinik-sangerhausen\/"},{"@type":"ListItem","position":2,"name":"Therapieangebote"}]},{"@type":"WebSite","@id":"https:\/\/reha-flex.de\/rehabilitationsklinik-sangerhausen\/#website","url":"https:\/\/reha-flex.de\/rehabilitationsklinik-sangerhausen\/","name":"Rehabilitationsklinik Sangerhausen","description":"","potentialAction":[{"@type":"SearchAction","target":{"@type":"EntryPoint","urlTemplate":"https:\/\/reha-flex.de\/rehabilitationsklinik-sangerhausen\/?s={search_term_string}"},"query-input":{"@type":"PropertyValueSpecification","valueRequired":true,"valueName":"search_term_string"}}],"inLanguage":"de"}]}},"_links":{"self":[{"href":"https:\/\/reha-flex.de\/rehabilitationsklinik-sangerhausen\/wp-json\/wp\/v2\/pages\/24","targetHints":{"allow":["GET"]}}],"collection":[{"href":"https:\/\/reha-flex.de\/rehabilitationsklinik-sangerhausen\/wp-json\/wp\/v2\/pages"}],"about":[{"href":"https:\/\/reha-flex.de\/rehabilitationsklinik-sangerhausen\/wp-json\/wp\/v2\/types\/page"}],"author":[{"embeddable":true,"href":"https:\/\/reha-flex.de\/rehabilitationsklinik-sangerhausen\/wp-json\/wp\/v2\/users\/1"}],"replies":[{"embeddable":true,"href":"https:\/\/reha-flex.de\/rehabilitationsklinik-sangerhausen\/wp-json\/wp\/v2\/comments?post=24"}],"version-history":[{"count":23,"href":"https:\/\/reha-flex.de\/rehabilitationsklinik-sangerhausen\/wp-json\/wp\/v2\/pages\/24\/revisions"}],"predecessor-version":[{"id":873,"href":"https:\/\/reha-flex.de\/rehabilitationsklinik-sangerhausen\/wp-json\/wp\/v2\/pages\/24\/revisions\/873"}],"wp:attachment":[{"href":"https:\/\/reha-flex.de\/rehabilitationsklinik-sangerhausen\/wp-json\/wp\/v2\/media?parent=24"}],"curies":[{"name":"wp","href":"https:\/\/api.w.org\/{rel}","templated":true}]}}