{"id":242,"date":"2020-11-17T15:37:26","date_gmt":"2020-11-17T14:37:26","guid":{"rendered":"https:\/\/reha-flex.de\/rehabilitationsklinik-sangerhausen\/?page_id=242"},"modified":"2021-11-30T18:47:46","modified_gmt":"2021-11-30T17:47:46","slug":"ambulante-ernaehrungsberatung-lehrkueche","status":"publish","type":"page","link":"https:\/\/reha-flex.de\/rehabilitationsklinik-sangerhausen\/therapieangebote\/ambulante-ernaehrungsberatung-lehrkueche\/","title":{"rendered":"Ambulante Ern\u00e4hrungsberatung"},"content":{"rendered":"<div id=\"cmsmasters_row_lhwbgip2g8\" class=\"cmsmasters_row cmsmasters_color_scheme_default rehaflex-sidebar-wrapper cmsmasters_row_top_default cmsmasters_row_bot_default cmsmasters_row_boxed\">\n<div class=\"cmsmasters_row_outer_parent\">\n<div class=\"cmsmasters_row_outer\">\n<div class=\"cmsmasters_row_inner\">\n<div class=\"cmsmasters_row_margin\">\n<div id=\"cmsmasters_column_zg9nbpm85\" class=\"cmsmasters_column two_third rehaflex-content-sidebar\">\n<div class=\"cmsmasters_column_inner\"><div id=\"cmsmasters_heading_5l2pjgvqs\" class=\"cmsmasters_heading_wrap cmsmasters_heading_align_left\">\n\t<h2 class=\"cmsmasters_heading\">Ambulante Ern\u00e4hrungsberatung\/Lehrk\u00fcche<\/h2>\n<\/div><div id=\"cmsmasters_heading_mh56d4odhr\" class=\"cmsmasters_heading_wrap cmsmasters_heading_align_left\">\n\t<h6 class=\"cmsmasters_heading\">Abnehmen ohne strikte Di\u00e4t \u2013 das ist das Motto in den Ern\u00e4hrungskursen<\/h6>\n<\/div><div class=\"cmsmasters_text\">\n<p>Falsches Essverhalten und wenig Bewegung sind nicht nur Gr\u00fcnde f\u00fcr \u00dcbergewicht, sondern k\u00f6nnen auch mitentscheidend f\u00fcr Erkrankungen sein. \u00dcbergewicht belastet den Halteapparat. Deshalb geh\u00f6rt bei reha FLEX die Ern\u00e4hrungsberatung zur Therapie. Neue gesunde Rezepte, welche die Patienten in der Lehrk\u00fcche selbst ausprobieren, k\u00f6nnen Sie daheim gleich nachkochen. In Einzelgespr\u00e4chen und Seminaren vermitteln wir Kenntnisse, wie die Ern\u00e4hrung beispielsweise bei rheumatischen Erkrankungen oder Diabetes umgestellt werden kann. Abnehmen ohne strikte Di\u00e4t \u2013 das ist das Motto in den Ern\u00e4hrungskursen. Denn: Selbst wenn bei einer Di\u00e4t in kurzer Zeit einige Kilos purzeln, reagiert der K\u00f6rper danach auf das pl\u00f6tzliche \u00dcberangebot, speichert die Energie und f\u00fcllt das Fettdepot auf.<br \/>\nDer so genannte Jo-Jo-Effekt stellt sich ein, viele haben Monate nach einer Di\u00e4t mehr Gewicht als zuvor. Stattdessen werden in den Kursen Erkenntnisse \u00fcber die Inhaltsstoffe der Lebensmittel aufgezeigt, die Umstellung des Essverhaltens auf eine ausgewogene Ern\u00e4hrung forciert sowie auf den Zusammenhang von Bewegung, Sport und Ern\u00e4hrung verwiesen.<\/p>\n<p>Unser Ern\u00e4hrungscoach Diplom-Trophologe <strong>Marko Schilling<\/strong> hat an der Friedrich Schiller Universit\u00e4t in Jena Ern\u00e4hrungswissenschaft studiert und eine Ausbildung zum Ern\u00e4hrungsberater\/DGE an das Studium angeh\u00e4ngt und kann Ihnen so die gr\u00f6\u00dftm\u00f6gliche Qualit\u00e4t in der Ern\u00e4hrungsberatung bieten.<\/p>\n<\/div>\n<\/div><\/div>\n<div id=\"cmsmasters_column_1r8pk1vxrc\" class=\"cmsmasters_column one_third rehaflex-sidebar\">\n<div class=\"cmsmasters_column_inner\">\n<div class=\"cmsmasters_sidebar sidebar_layout_11\"><aside id=\"nav_menu-6\" class=\"widget widget_nav_menu\"><h3 class=\"widgettitle\">Therapie-Angebote<\/h3><div class=\"menu-reha-flex-therapieangebote-sidebar-container\"><ul id=\"menu-reha-flex-therapieangebote-sidebar\" class=\"menu\"><li id=\"menu-item-261\" class=\"menu-item menu-item-type-post_type menu-item-object-page menu-item-261\"><a href=\"https:\/\/reha-flex.de\/rehabilitationsklinik-sangerhausen\/therapieangebote\/praxis-fuer-physiotherapie\/\">Praxis f\u00fcr Physiotherapie<\/a><\/li>\n<li id=\"menu-item-262\" class=\"menu-item menu-item-type-post_type menu-item-object-page menu-item-262\"><a href=\"https:\/\/reha-flex.de\/rehabilitationsklinik-sangerhausen\/therapieangebote\/praxis-fuer-ergotherapie\/\">Praxis f\u00fcr Ergotherapie<\/a><\/li>\n<li id=\"menu-item-264\" class=\"menu-item menu-item-type-post_type menu-item-object-page menu-item-264\"><a href=\"https:\/\/reha-flex.de\/rehabilitationsklinik-sangerhausen\/therapieangebote\/privatarztpraxis-fuer-orthopaedie\/\">Privatarztpraxis f\u00fcr Orthop\u00e4die<\/a><\/li>\n<li id=\"menu-item-265\" class=\"menu-item menu-item-type-post_type menu-item-object-page menu-item-265\"><a href=\"https:\/\/reha-flex.de\/rehabilitationsklinik-sangerhausen\/therapieangebote\/ambulante-ernaehrungsberatung-lehrkueche\/\">Ambulante Ern\u00e4hrungsberatung<\/a><\/li>\n<li id=\"menu-item-701\" class=\"menu-item menu-item-type-post_type menu-item-object-page menu-item-701\"><a href=\"https:\/\/reha-flex.de\/rehabilitationsklinik-sangerhausen\/therapieangebote\/weitere-angebote\/\">Weitere Angebote<\/a><\/li>\n<\/ul><\/div><\/aside><div class=\"cl\"><\/div>\n<\/div>\n<\/div><\/div>\n<\/div>\n<\/div>\n<\/div>\n<\/div>\n<\/div>\n<div id=\"cmsmasters_row_h4cg1de59t\" class=\"cmsmasters_row cmsmasters_color_scheme_default cmsmasters_row_top_default cmsmasters_row_bot_default cmsmasters_row_boxed\">\n<div class=\"cmsmasters_row_outer_parent\">\n<div class=\"cmsmasters_row_outer\">\n<div class=\"cmsmasters_row_inner\">\n<div class=\"cmsmasters_row_margin\">\n<div id=\"cmsmasters_column_yp73rykd\" class=\"cmsmasters_column two_third\">\n<div class=\"cmsmasters_column_inner\"><div class=\"cmsmasters_toggles toggles_mode_toggle\">\n<div class=\"cmsmasters_toggle_wrap\" data-tags=\"all \">\n<div class=\"cmsmasters_toggle_title\">\n<span class=\"cmsmasters_toggle_plus\">\n<span class=\"cmsmasters_toggle_plus_hor\"><\/span>\n<span class=\"cmsmasters_toggle_plus_vert\"><\/span>\n<\/span>\n<a href=\"#\">\u00dcbernimmt die Krankenkasse die Kosten f\u00fcr die Behandlung?<\/a>\n<\/div>\n<div class=\"cmsmasters_toggle\">\n<div class=\"cmsmasters_toggle_inner\">\n<p>Eine Kosten\u00fcbernahme durch die Krankenkasse ist nur m\u00f6glich, wenn die Ern\u00e4hrungstherapie durch den behandelnden Haus- oder Facharzt auf einem formlosen Schreiben oder Rezept verordnet wurde. Mit der \u00e4rztlichen Verordnung und einem Kostenvoranschlag von reha FLEX \u00fcber die geplanten Leistungen kann eine Kosten\u00ad\u00fcbernahme bei der Krankenkasse \u2013 vor Beginn der Ma\u00dfnahme \u2013 erfragt werden. In den meisten F\u00e4llen wird dies auch gew\u00e4hrt, in seltenen F\u00e4llen verlangt die Kasse jedoch noch ein Schulungskonzept von der behandelnden Stelle, welches Sie dann \u00fcber uns beziehen k\u00f6nnen.<\/p>\n<\/div>\n<\/div>\n<\/div><div class=\"cmsmasters_toggle_wrap\" data-tags=\"all \">\n<div class=\"cmsmasters_toggle_title\">\n<span class=\"cmsmasters_toggle_plus\">\n<span class=\"cmsmasters_toggle_plus_hor\"><\/span>\n<span class=\"cmsmasters_toggle_plus_vert\"><\/span>\n<\/span>\n<a href=\"#\">Wie hoch ist der Beitrag zur Behandlung durch meine Krankenkasse?<\/a>\n<\/div>\n<div class=\"cmsmasters_toggle\">\n<div class=\"cmsmasters_toggle_inner\">\n<p>In der Regel werden die Kosten anteilig zu etwa 80 % \u00fcbernommen, meist werden 5 Termine \u00e0 30 Minuten verordnet.<br \/>\nDie begleitende BIA-Messung (bioelektrische Impedanz\u00adanalyse \u2013 K\u00f6rperfettmessung) ist im Rahmen der Ern\u00e4hrungsberatung m\u00f6glich. Die Kosten k\u00f6nnen Sie vor Ort erfragen.<\/p>\n<\/div>\n<\/div>\n<\/div><div class=\"cmsmasters_toggle_wrap\" data-tags=\"all \">\n<div class=\"cmsmasters_toggle_title\">\n<span class=\"cmsmasters_toggle_plus\">\n<span class=\"cmsmasters_toggle_plus_hor\"><\/span>\n<span class=\"cmsmasters_toggle_plus_vert\"><\/span>\n<\/span>\n<a href=\"#\">Geeignete Indikationen der Ern\u00e4hrungstherapie (Verordnungsf\u00e4hig, \u00a7 43 Abs. 1 Nr. 2 SGB V):<\/a>\n<\/div>\n<div class=\"cmsmasters_toggle\">\n<div class=\"cmsmasters_toggle_inner\">\n<ul>\n<li>Adipositas (Kinder, Jugendliche, Erwachsene)<\/li>\n<li>Diabetes mellitus Typ 1 und 2<\/li>\n<li>Bluthochdruck\/Hypertonie<\/li>\n<li>Fettstoffwechselst\u00f6rungen<\/li>\n<li>Herz-Kreislauf-Erkrankungen<\/li>\n<li>Rheumatische Erkrankungen<\/li>\n<li>Hyperurik\u00e4mie und Gicht<\/li>\n<li>Bauchspeicheldr\u00fcsenerkrankungen<\/li>\n<li>Nahrungsmittelallergien und \u2013intoleranzen<\/li>\n<li>Z\u00f6liakie\/Sprue<\/li>\n<li>Hauterkrankungen (Psoriasis, Neurodermitis, Urtikaria\/Nesselsucht)<\/li>\n<li>Mund-, Magen- und Darmerkrankungen, inkl. Zustand nach Operation<\/li>\n<li>Reizdarmsyndrom<\/li>\n<li>Chronisch entz\u00fcndliche Darmerkrankungen (Colitis Ulcerosa und Morbus Crohn)<\/li>\n<li>Leber- und Gallenblasenerkrankungen<\/li>\n<li>Nierenerkrankungen\/Ern\u00e4hrung bei Dialyse<\/li>\n<li>Osteoporose<\/li>\n<li>Krebs\/Ern\u00e4hrung bei onkologischen Erkrankungen<\/li>\n<li>Mangelern\u00e4hrung<\/li>\n<\/ul>\n<\/div>\n<\/div>\n<\/div><\/div>\n<\/div><\/div>\n<div id=\"cmsmasters_column_m8fp58y5i9\" class=\"cmsmasters_column one_third\">\n<div class=\"cmsmasters_column_inner\"><\/div><\/div>\n<\/div>\n<\/div>\n<\/div>\n<\/div>\n<\/div>\n\n","protected":false},"excerpt":{"rendered":"","protected":false},"author":1,"featured_media":179,"parent":24,"menu_order":500,"comment_status":"closed","ping_status":"closed","template":"","meta":{"footnotes":""},"class_list":["post-242","page","type-page","status-publish","has-post-thumbnail","hentry"],"yoast_head":"<!-- This site is optimized with the Yoast SEO plugin v26.9 - https:\/\/yoast.com\/product\/yoast-seo-wordpress\/ -->\n<title>Ambulante Ern\u00e4hrungsberatung - Rehabilitationsklinik Sangerhausen<\/title>\n<meta name=\"robots\" content=\"index, follow, max-snippet:-1, max-image-preview:large, max-video-preview:-1\" \/>\n<link rel=\"canonical\" href=\"https:\/\/reha-flex.de\/rehabilitationsklinik-sangerhausen\/therapieangebote\/ambulante-ernaehrungsberatung-lehrkueche\/\" \/>\n<meta property=\"og:locale\" content=\"de_DE\" \/>\n<meta property=\"og:type\" content=\"article\" \/>\n<meta property=\"og:title\" content=\"Ambulante Ern\u00e4hrungsberatung - Rehabilitationsklinik Sangerhausen\" \/>\n<meta property=\"og:url\" content=\"https:\/\/reha-flex.de\/rehabilitationsklinik-sangerhausen\/therapieangebote\/ambulante-ernaehrungsberatung-lehrkueche\/\" \/>\n<meta property=\"og:site_name\" content=\"Rehabilitationsklinik Sangerhausen\" \/>\n<meta property=\"article:modified_time\" content=\"2021-11-30T17:47:46+00:00\" \/>\n<meta property=\"og:image\" content=\"https:\/\/reha-flex.de\/wp-content\/uploads\/sites\/8\/2020\/10\/Ernaehrungsberatung_SGH.jpg\" \/>\n\t<meta property=\"og:image:width\" content=\"1920\" \/>\n\t<meta property=\"og:image:height\" content=\"1345\" \/>\n\t<meta property=\"og:image:type\" content=\"image\/jpeg\" \/>\n<meta name=\"twitter:card\" content=\"summary_large_image\" \/>\n<meta name=\"twitter:label1\" content=\"Gesch\u00e4tzte Lesezeit\" \/>\n\t<meta name=\"twitter:data1\" content=\"4\u00a0Minuten\" \/>\n<script type=\"application\/ld+json\" class=\"yoast-schema-graph\">{\"@context\":\"https:\/\/schema.org\",\"@graph\":[{\"@type\":\"WebPage\",\"@id\":\"https:\/\/reha-flex.de\/rehabilitationsklinik-sangerhausen\/therapieangebote\/ambulante-ernaehrungsberatung-lehrkueche\/\",\"url\":\"https:\/\/reha-flex.de\/rehabilitationsklinik-sangerhausen\/therapieangebote\/ambulante-ernaehrungsberatung-lehrkueche\/\",\"name\":\"Ambulante Ern\u00e4hrungsberatung - Rehabilitationsklinik Sangerhausen\",\"isPartOf\":{\"@id\":\"https:\/\/reha-flex.de\/rehabilitationsklinik-sangerhausen\/#website\"},\"primaryImageOfPage\":{\"@id\":\"https:\/\/reha-flex.de\/rehabilitationsklinik-sangerhausen\/therapieangebote\/ambulante-ernaehrungsberatung-lehrkueche\/#primaryimage\"},\"image\":{\"@id\":\"https:\/\/reha-flex.de\/rehabilitationsklinik-sangerhausen\/therapieangebote\/ambulante-ernaehrungsberatung-lehrkueche\/#primaryimage\"},\"thumbnailUrl\":\"https:\/\/reha-flex.de\/wp-content\/uploads\/sites\/8\/2020\/10\/Ernaehrungsberatung_SGH.jpg\",\"datePublished\":\"2020-11-17T14:37:26+00:00\",\"dateModified\":\"2021-11-30T17:47:46+00:00\",\"breadcrumb\":{\"@id\":\"https:\/\/reha-flex.de\/rehabilitationsklinik-sangerhausen\/therapieangebote\/ambulante-ernaehrungsberatung-lehrkueche\/#breadcrumb\"},\"inLanguage\":\"de\",\"potentialAction\":[{\"@type\":\"ReadAction\",\"target\":[\"https:\/\/reha-flex.de\/rehabilitationsklinik-sangerhausen\/therapieangebote\/ambulante-ernaehrungsberatung-lehrkueche\/\"]}]},{\"@type\":\"ImageObject\",\"inLanguage\":\"de\",\"@id\":\"https:\/\/reha-flex.de\/rehabilitationsklinik-sangerhausen\/therapieangebote\/ambulante-ernaehrungsberatung-lehrkueche\/#primaryimage\",\"url\":\"https:\/\/reha-flex.de\/wp-content\/uploads\/sites\/8\/2020\/10\/Ernaehrungsberatung_SGH.jpg\",\"contentUrl\":\"https:\/\/reha-flex.de\/wp-content\/uploads\/sites\/8\/2020\/10\/Ernaehrungsberatung_SGH.jpg\",\"width\":1920,\"height\":1345,\"caption\":\"Ernaehrungsberatung in Sangerhausen\"},{\"@type\":\"BreadcrumbList\",\"@id\":\"https:\/\/reha-flex.de\/rehabilitationsklinik-sangerhausen\/therapieangebote\/ambulante-ernaehrungsberatung-lehrkueche\/#breadcrumb\",\"itemListElement\":[{\"@type\":\"ListItem\",\"position\":1,\"name\":\"Startseite\",\"item\":\"https:\/\/reha-flex.de\/rehabilitationsklinik-sangerhausen\/\"},{\"@type\":\"ListItem\",\"position\":2,\"name\":\"Therapieangebote\",\"item\":\"https:\/\/reha-flex.de\/rehabilitationsklinik-sangerhausen\/therapieangebote\/\"},{\"@type\":\"ListItem\",\"position\":3,\"name\":\"Ambulante Ern\u00e4hrungsberatung\"}]},{\"@type\":\"WebSite\",\"@id\":\"https:\/\/reha-flex.de\/rehabilitationsklinik-sangerhausen\/#website\",\"url\":\"https:\/\/reha-flex.de\/rehabilitationsklinik-sangerhausen\/\",\"name\":\"Rehabilitationsklinik Sangerhausen\",\"description\":\"\",\"potentialAction\":[{\"@type\":\"SearchAction\",\"target\":{\"@type\":\"EntryPoint\",\"urlTemplate\":\"https:\/\/reha-flex.de\/rehabilitationsklinik-sangerhausen\/?s={search_term_string}\"},\"query-input\":{\"@type\":\"PropertyValueSpecification\",\"valueRequired\":true,\"valueName\":\"search_term_string\"}}],\"inLanguage\":\"de\"}]}<\/script>\n<!-- \/ Yoast SEO plugin. -->","yoast_head_json":{"title":"Ambulante Ern\u00e4hrungsberatung - Rehabilitationsklinik Sangerhausen","robots":{"index":"index","follow":"follow","max-snippet":"max-snippet:-1","max-image-preview":"max-image-preview:large","max-video-preview":"max-video-preview:-1"},"canonical":"https:\/\/reha-flex.de\/rehabilitationsklinik-sangerhausen\/therapieangebote\/ambulante-ernaehrungsberatung-lehrkueche\/","og_locale":"de_DE","og_type":"article","og_title":"Ambulante Ern\u00e4hrungsberatung - Rehabilitationsklinik Sangerhausen","og_url":"https:\/\/reha-flex.de\/rehabilitationsklinik-sangerhausen\/therapieangebote\/ambulante-ernaehrungsberatung-lehrkueche\/","og_site_name":"Rehabilitationsklinik Sangerhausen","article_modified_time":"2021-11-30T17:47:46+00:00","og_image":[{"width":1920,"height":1345,"url":"https:\/\/reha-flex.de\/wp-content\/uploads\/sites\/8\/2020\/10\/Ernaehrungsberatung_SGH.jpg","type":"image\/jpeg"}],"twitter_card":"summary_large_image","twitter_misc":{"Gesch\u00e4tzte Lesezeit":"4\u00a0Minuten"},"schema":{"@context":"https:\/\/schema.org","@graph":[{"@type":"WebPage","@id":"https:\/\/reha-flex.de\/rehabilitationsklinik-sangerhausen\/therapieangebote\/ambulante-ernaehrungsberatung-lehrkueche\/","url":"https:\/\/reha-flex.de\/rehabilitationsklinik-sangerhausen\/therapieangebote\/ambulante-ernaehrungsberatung-lehrkueche\/","name":"Ambulante Ern\u00e4hrungsberatung - Rehabilitationsklinik Sangerhausen","isPartOf":{"@id":"https:\/\/reha-flex.de\/rehabilitationsklinik-sangerhausen\/#website"},"primaryImageOfPage":{"@id":"https:\/\/reha-flex.de\/rehabilitationsklinik-sangerhausen\/therapieangebote\/ambulante-ernaehrungsberatung-lehrkueche\/#primaryimage"},"image":{"@id":"https:\/\/reha-flex.de\/rehabilitationsklinik-sangerhausen\/therapieangebote\/ambulante-ernaehrungsberatung-lehrkueche\/#primaryimage"},"thumbnailUrl":"https:\/\/reha-flex.de\/wp-content\/uploads\/sites\/8\/2020\/10\/Ernaehrungsberatung_SGH.jpg","datePublished":"2020-11-17T14:37:26+00:00","dateModified":"2021-11-30T17:47:46+00:00","breadcrumb":{"@id":"https:\/\/reha-flex.de\/rehabilitationsklinik-sangerhausen\/therapieangebote\/ambulante-ernaehrungsberatung-lehrkueche\/#breadcrumb"},"inLanguage":"de","potentialAction":[{"@type":"ReadAction","target":["https:\/\/reha-flex.de\/rehabilitationsklinik-sangerhausen\/therapieangebote\/ambulante-ernaehrungsberatung-lehrkueche\/"]}]},{"@type":"ImageObject","inLanguage":"de","@id":"https:\/\/reha-flex.de\/rehabilitationsklinik-sangerhausen\/therapieangebote\/ambulante-ernaehrungsberatung-lehrkueche\/#primaryimage","url":"https:\/\/reha-flex.de\/wp-content\/uploads\/sites\/8\/2020\/10\/Ernaehrungsberatung_SGH.jpg","contentUrl":"https:\/\/reha-flex.de\/wp-content\/uploads\/sites\/8\/2020\/10\/Ernaehrungsberatung_SGH.jpg","width":1920,"height":1345,"caption":"Ernaehrungsberatung in Sangerhausen"},{"@type":"BreadcrumbList","@id":"https:\/\/reha-flex.de\/rehabilitationsklinik-sangerhausen\/therapieangebote\/ambulante-ernaehrungsberatung-lehrkueche\/#breadcrumb","itemListElement":[{"@type":"ListItem","position":1,"name":"Startseite","item":"https:\/\/reha-flex.de\/rehabilitationsklinik-sangerhausen\/"},{"@type":"ListItem","position":2,"name":"Therapieangebote","item":"https:\/\/reha-flex.de\/rehabilitationsklinik-sangerhausen\/therapieangebote\/"},{"@type":"ListItem","position":3,"name":"Ambulante Ern\u00e4hrungsberatung"}]},{"@type":"WebSite","@id":"https:\/\/reha-flex.de\/rehabilitationsklinik-sangerhausen\/#website","url":"https:\/\/reha-flex.de\/rehabilitationsklinik-sangerhausen\/","name":"Rehabilitationsklinik Sangerhausen","description":"","potentialAction":[{"@type":"SearchAction","target":{"@type":"EntryPoint","urlTemplate":"https:\/\/reha-flex.de\/rehabilitationsklinik-sangerhausen\/?s={search_term_string}"},"query-input":{"@type":"PropertyValueSpecification","valueRequired":true,"valueName":"search_term_string"}}],"inLanguage":"de"}]}},"_links":{"self":[{"href":"https:\/\/reha-flex.de\/rehabilitationsklinik-sangerhausen\/wp-json\/wp\/v2\/pages\/242","targetHints":{"allow":["GET"]}}],"collection":[{"href":"https:\/\/reha-flex.de\/rehabilitationsklinik-sangerhausen\/wp-json\/wp\/v2\/pages"}],"about":[{"href":"https:\/\/reha-flex.de\/rehabilitationsklinik-sangerhausen\/wp-json\/wp\/v2\/types\/page"}],"author":[{"embeddable":true,"href":"https:\/\/reha-flex.de\/rehabilitationsklinik-sangerhausen\/wp-json\/wp\/v2\/users\/1"}],"replies":[{"embeddable":true,"href":"https:\/\/reha-flex.de\/rehabilitationsklinik-sangerhausen\/wp-json\/wp\/v2\/comments?post=242"}],"version-history":[{"count":13,"href":"https:\/\/reha-flex.de\/rehabilitationsklinik-sangerhausen\/wp-json\/wp\/v2\/pages\/242\/revisions"}],"predecessor-version":[{"id":877,"href":"https:\/\/reha-flex.de\/rehabilitationsklinik-sangerhausen\/wp-json\/wp\/v2\/pages\/242\/revisions\/877"}],"up":[{"embeddable":true,"href":"https:\/\/reha-flex.de\/rehabilitationsklinik-sangerhausen\/wp-json\/wp\/v2\/pages\/24"}],"wp:featuredmedia":[{"embeddable":true,"href":"https:\/\/reha-flex.de\/rehabilitationsklinik-sangerhausen\/wp-json\/wp\/v2\/media\/179"}],"wp:attachment":[{"href":"https:\/\/reha-flex.de\/rehabilitationsklinik-sangerhausen\/wp-json\/wp\/v2\/media?parent=242"}],"curies":[{"name":"wp","href":"https:\/\/api.w.org\/{rel}","templated":true}]}}