{"id":250,"date":"2020-11-17T15:49:47","date_gmt":"2020-11-17T14:49:47","guid":{"rendered":"https:\/\/reha-flex.de\/rehabilitationsklinik-sangerhausen\/?page_id=250"},"modified":"2024-10-18T11:03:13","modified_gmt":"2024-10-18T09:03:13","slug":"unser-team","status":"publish","type":"page","link":"https:\/\/reha-flex.de\/rehabilitationsklinik-sangerhausen\/unsere-klinik\/unser-team\/","title":{"rendered":"Unser Team"},"content":{"rendered":"<div id=\"cmsmasters_row_p0z3xjc43q\" class=\"cmsmasters_row cmsmasters_color_scheme_default rehaflex-sidebar-wrapper cmsmasters_row_top_default cmsmasters_row_bot_default cmsmasters_row_boxed\">\n<div class=\"cmsmasters_row_outer_parent\">\n<div class=\"cmsmasters_row_outer\">\n<div class=\"cmsmasters_row_inner\">\n<div class=\"cmsmasters_row_margin\">\n<div id=\"cmsmasters_column_nvyrvu8hgo\" class=\"cmsmasters_column two_third rehaflex-content-sidebar\">\n<div class=\"cmsmasters_column_inner\"><div id=\"cmsmasters_heading_ht4fm7kjbn\" class=\"cmsmasters_heading_wrap cmsmasters_heading_align_left\">\n\t<h2 class=\"cmsmasters_heading\">Unser Team<\/h2>\n<\/div><div class=\"cmsmasters_text\">\n<p class=\"p1\"><span class=\"s1\">Seit Dezember 2012 sorgt das Team der reha FLEX Rehabilitations\u00adklinik Sanger\u00adhausen daf\u00fcr, dass hier in der Rosenstadt ambulante Rehabilitation von Patienten mit orthop\u00e4dischen Erkrankungen m\u00f6glich ist.<span class=\"Apple-converted-space\">\u00a0 \u00a0<\/span><\/span><\/p>\n<p class=\"p1\"><span class=\"s1\">Ein interdisziplin\u00e4res Team von ca. 20 Mitarbeitern, bestehend aus \u00c4rzten, Therapeuten und Servicepersonal, bietet <\/span><span class=\"s2\">das ganze \u00adSpektrum der <\/span><span class=\"s1\">modernen medizinischen Reha\u00adbilitation an. J\u00e4hrlich nutzen viele \u00adPatienten aus Sangerhausen und Umgebung das \u00e4rztliche Wissen und K\u00f6nnen und die hervorragende Qualit\u00e4t der Therapeuten. <\/span><\/p>\n<\/div>\n<\/div><\/div>\n<div id=\"cmsmasters_column_v41v1d5ikl\" class=\"cmsmasters_column one_third rehaflex-sidebar\">\n<div class=\"cmsmasters_column_inner\">\n<div class=\"cmsmasters_sidebar sidebar_layout_11\"><aside id=\"nav_menu-7\" class=\"widget widget_nav_menu\"><h3 class=\"widgettitle\">Unsere Klinik<\/h3><div class=\"menu-reha-flex-unsere-klinik-sidebar-container\"><ul id=\"menu-reha-flex-unsere-klinik-sidebar\" class=\"menu\"><li id=\"menu-item-266\" class=\"menu-item menu-item-type-post_type menu-item-object-page menu-item-266\"><a href=\"https:\/\/reha-flex.de\/rehabilitationsklinik-sangerhausen\/unsere-klinik\/aktuelles\/\">Aktuelles<\/a><\/li>\n<li id=\"menu-item-267\" class=\"menu-item menu-item-type-post_type menu-item-object-page menu-item-267\"><a href=\"https:\/\/reha-flex.de\/rehabilitationsklinik-sangerhausen\/unsere-klinik\/jobs-karriere\/\">Jobs\/Karriere<\/a><\/li>\n<li id=\"menu-item-1304\" class=\"menu-item menu-item-type-post_type menu-item-object-page menu-item-1304\"><a href=\"https:\/\/reha-flex.de\/rehabilitationsklinik-sangerhausen\/praktika\/\">Praktika<\/a><\/li>\n<li id=\"menu-item-1188\" class=\"menu-item menu-item-type-post_type menu-item-object-page menu-item-1188\"><a href=\"https:\/\/reha-flex.de\/rehabilitationsklinik-sangerhausen\/unsere-klinik\/der-chefarzt-raet\/\">Der Chefarzt r\u00e4t<\/a><\/li>\n<li id=\"menu-item-268\" class=\"menu-item menu-item-type-post_type menu-item-object-page menu-item-268\"><a href=\"https:\/\/reha-flex.de\/rehabilitationsklinik-sangerhausen\/unsere-klinik\/unser-team\/\">Unser Team<\/a><\/li>\n<li id=\"menu-item-269\" class=\"menu-item menu-item-type-post_type menu-item-object-page menu-item-269\"><a href=\"https:\/\/reha-flex.de\/rehabilitationsklinik-sangerhausen\/unsere-klinik\/unser-leitbild\/\">Unser Leitbild<\/a><\/li>\n<li id=\"menu-item-270\" class=\"menu-item menu-item-type-post_type menu-item-object-page menu-item-270\"><a href=\"https:\/\/reha-flex.de\/rehabilitationsklinik-sangerhausen\/unsere-klinik\/historie\/\">Historie<\/a><\/li>\n<\/ul><\/div><\/aside><div class=\"cl\"><\/div>\n<\/div>\n<\/div><\/div>\n<\/div>\n<\/div>\n<\/div>\n<\/div>\n<\/div>\n\n","protected":false},"excerpt":{"rendered":"","protected":false},"author":1,"featured_media":0,"parent":30,"menu_order":300,"comment_status":"closed","ping_status":"closed","template":"","meta":{"footnotes":""},"class_list":["post-250","page","type-page","status-publish","hentry"],"yoast_head":"<!-- This site is optimized with the Yoast SEO plugin v26.9 - https:\/\/yoast.com\/product\/yoast-seo-wordpress\/ -->\n<title>Unser Team - Rehabilitationsklinik Sangerhausen<\/title>\n<meta name=\"robots\" content=\"index, follow, max-snippet:-1, max-image-preview:large, max-video-preview:-1\" \/>\n<link rel=\"canonical\" href=\"https:\/\/reha-flex.de\/rehabilitationsklinik-sangerhausen\/unsere-klinik\/unser-team\/\" \/>\n<meta property=\"og:locale\" content=\"de_DE\" \/>\n<meta property=\"og:type\" content=\"article\" \/>\n<meta property=\"og:title\" content=\"Unser Team - Rehabilitationsklinik Sangerhausen\" \/>\n<meta property=\"og:url\" content=\"https:\/\/reha-flex.de\/rehabilitationsklinik-sangerhausen\/unsere-klinik\/unser-team\/\" \/>\n<meta property=\"og:site_name\" content=\"Rehabilitationsklinik Sangerhausen\" \/>\n<meta property=\"article:modified_time\" content=\"2024-10-18T09:03:13+00:00\" \/>\n<meta name=\"twitter:card\" content=\"summary_large_image\" \/>\n<meta name=\"twitter:label1\" content=\"Gesch\u00e4tzte Lesezeit\" \/>\n\t<meta name=\"twitter:data1\" content=\"1\u00a0Minute\" \/>\n<script type=\"application\/ld+json\" class=\"yoast-schema-graph\">{\"@context\":\"https:\/\/schema.org\",\"@graph\":[{\"@type\":\"WebPage\",\"@id\":\"https:\/\/reha-flex.de\/rehabilitationsklinik-sangerhausen\/unsere-klinik\/unser-team\/\",\"url\":\"https:\/\/reha-flex.de\/rehabilitationsklinik-sangerhausen\/unsere-klinik\/unser-team\/\",\"name\":\"Unser Team - Rehabilitationsklinik Sangerhausen\",\"isPartOf\":{\"@id\":\"https:\/\/reha-flex.de\/rehabilitationsklinik-sangerhausen\/#website\"},\"datePublished\":\"2020-11-17T14:49:47+00:00\",\"dateModified\":\"2024-10-18T09:03:13+00:00\",\"breadcrumb\":{\"@id\":\"https:\/\/reha-flex.de\/rehabilitationsklinik-sangerhausen\/unsere-klinik\/unser-team\/#breadcrumb\"},\"inLanguage\":\"de\",\"potentialAction\":[{\"@type\":\"ReadAction\",\"target\":[\"https:\/\/reha-flex.de\/rehabilitationsklinik-sangerhausen\/unsere-klinik\/unser-team\/\"]}]},{\"@type\":\"BreadcrumbList\",\"@id\":\"https:\/\/reha-flex.de\/rehabilitationsklinik-sangerhausen\/unsere-klinik\/unser-team\/#breadcrumb\",\"itemListElement\":[{\"@type\":\"ListItem\",\"position\":1,\"name\":\"Startseite\",\"item\":\"https:\/\/reha-flex.de\/rehabilitationsklinik-sangerhausen\/\"},{\"@type\":\"ListItem\",\"position\":2,\"name\":\"Unsere Klinik\",\"item\":\"https:\/\/reha-flex.de\/rehabilitationsklinik-sangerhausen\/unsere-klinik\/\"},{\"@type\":\"ListItem\",\"position\":3,\"name\":\"Unser Team\"}]},{\"@type\":\"WebSite\",\"@id\":\"https:\/\/reha-flex.de\/rehabilitationsklinik-sangerhausen\/#website\",\"url\":\"https:\/\/reha-flex.de\/rehabilitationsklinik-sangerhausen\/\",\"name\":\"Rehabilitationsklinik Sangerhausen\",\"description\":\"\",\"potentialAction\":[{\"@type\":\"SearchAction\",\"target\":{\"@type\":\"EntryPoint\",\"urlTemplate\":\"https:\/\/reha-flex.de\/rehabilitationsklinik-sangerhausen\/?s={search_term_string}\"},\"query-input\":{\"@type\":\"PropertyValueSpecification\",\"valueRequired\":true,\"valueName\":\"search_term_string\"}}],\"inLanguage\":\"de\"}]}<\/script>\n<!-- \/ Yoast SEO plugin. -->","yoast_head_json":{"title":"Unser Team - Rehabilitationsklinik Sangerhausen","robots":{"index":"index","follow":"follow","max-snippet":"max-snippet:-1","max-image-preview":"max-image-preview:large","max-video-preview":"max-video-preview:-1"},"canonical":"https:\/\/reha-flex.de\/rehabilitationsklinik-sangerhausen\/unsere-klinik\/unser-team\/","og_locale":"de_DE","og_type":"article","og_title":"Unser Team - Rehabilitationsklinik Sangerhausen","og_url":"https:\/\/reha-flex.de\/rehabilitationsklinik-sangerhausen\/unsere-klinik\/unser-team\/","og_site_name":"Rehabilitationsklinik Sangerhausen","article_modified_time":"2024-10-18T09:03:13+00:00","twitter_card":"summary_large_image","twitter_misc":{"Gesch\u00e4tzte Lesezeit":"1\u00a0Minute"},"schema":{"@context":"https:\/\/schema.org","@graph":[{"@type":"WebPage","@id":"https:\/\/reha-flex.de\/rehabilitationsklinik-sangerhausen\/unsere-klinik\/unser-team\/","url":"https:\/\/reha-flex.de\/rehabilitationsklinik-sangerhausen\/unsere-klinik\/unser-team\/","name":"Unser Team - Rehabilitationsklinik Sangerhausen","isPartOf":{"@id":"https:\/\/reha-flex.de\/rehabilitationsklinik-sangerhausen\/#website"},"datePublished":"2020-11-17T14:49:47+00:00","dateModified":"2024-10-18T09:03:13+00:00","breadcrumb":{"@id":"https:\/\/reha-flex.de\/rehabilitationsklinik-sangerhausen\/unsere-klinik\/unser-team\/#breadcrumb"},"inLanguage":"de","potentialAction":[{"@type":"ReadAction","target":["https:\/\/reha-flex.de\/rehabilitationsklinik-sangerhausen\/unsere-klinik\/unser-team\/"]}]},{"@type":"BreadcrumbList","@id":"https:\/\/reha-flex.de\/rehabilitationsklinik-sangerhausen\/unsere-klinik\/unser-team\/#breadcrumb","itemListElement":[{"@type":"ListItem","position":1,"name":"Startseite","item":"https:\/\/reha-flex.de\/rehabilitationsklinik-sangerhausen\/"},{"@type":"ListItem","position":2,"name":"Unsere Klinik","item":"https:\/\/reha-flex.de\/rehabilitationsklinik-sangerhausen\/unsere-klinik\/"},{"@type":"ListItem","position":3,"name":"Unser Team"}]},{"@type":"WebSite","@id":"https:\/\/reha-flex.de\/rehabilitationsklinik-sangerhausen\/#website","url":"https:\/\/reha-flex.de\/rehabilitationsklinik-sangerhausen\/","name":"Rehabilitationsklinik Sangerhausen","description":"","potentialAction":[{"@type":"SearchAction","target":{"@type":"EntryPoint","urlTemplate":"https:\/\/reha-flex.de\/rehabilitationsklinik-sangerhausen\/?s={search_term_string}"},"query-input":{"@type":"PropertyValueSpecification","valueRequired":true,"valueName":"search_term_string"}}],"inLanguage":"de"}]}},"_links":{"self":[{"href":"https:\/\/reha-flex.de\/rehabilitationsklinik-sangerhausen\/wp-json\/wp\/v2\/pages\/250","targetHints":{"allow":["GET"]}}],"collection":[{"href":"https:\/\/reha-flex.de\/rehabilitationsklinik-sangerhausen\/wp-json\/wp\/v2\/pages"}],"about":[{"href":"https:\/\/reha-flex.de\/rehabilitationsklinik-sangerhausen\/wp-json\/wp\/v2\/types\/page"}],"author":[{"embeddable":true,"href":"https:\/\/reha-flex.de\/rehabilitationsklinik-sangerhausen\/wp-json\/wp\/v2\/users\/1"}],"replies":[{"embeddable":true,"href":"https:\/\/reha-flex.de\/rehabilitationsklinik-sangerhausen\/wp-json\/wp\/v2\/comments?post=250"}],"version-history":[{"count":10,"href":"https:\/\/reha-flex.de\/rehabilitationsklinik-sangerhausen\/wp-json\/wp\/v2\/pages\/250\/revisions"}],"predecessor-version":[{"id":1221,"href":"https:\/\/reha-flex.de\/rehabilitationsklinik-sangerhausen\/wp-json\/wp\/v2\/pages\/250\/revisions\/1221"}],"up":[{"embeddable":true,"href":"https:\/\/reha-flex.de\/rehabilitationsklinik-sangerhausen\/wp-json\/wp\/v2\/pages\/30"}],"wp:attachment":[{"href":"https:\/\/reha-flex.de\/rehabilitationsklinik-sangerhausen\/wp-json\/wp\/v2\/media?parent=250"}],"curies":[{"name":"wp","href":"https:\/\/api.w.org\/{rel}","templated":true}]}}