{"id":610,"date":"2020-12-12T21:19:32","date_gmt":"2020-12-12T20:19:32","guid":{"rendered":"https:\/\/reha-flex.de\/rehabilitationsklinik-sangerhausen\/?page_id=610"},"modified":"2022-07-27T11:39:50","modified_gmt":"2022-07-27T09:39:50","slug":"weitere-angebote","status":"publish","type":"page","link":"https:\/\/reha-flex.de\/rehabilitationsklinik-sangerhausen\/therapieangebote\/weitere-angebote\/","title":{"rendered":"Weitere Angebote"},"content":{"rendered":"<div id=\"cmsmasters_row_s9vda3b7r\" class=\"cmsmasters_row cmsmasters_color_scheme_default cmsmasters_row_top_default cmsmasters_row_bot_default cmsmasters_row_fullwidth\">\n<div class=\"cmsmasters_row_outer_parent\">\n<div class=\"cmsmasters_row_outer\">\n<div class=\"cmsmasters_row_inner cmsmasters_row_fullwidth\">\n<div class=\"cmsmasters_row_margin\">\n<div id=\"cmsmasters_column_m7boun7eto\" class=\"cmsmasters_column one_first\">\n<div class=\"cmsmasters_column_inner\">\n<div class=\"cmsmasters_slider\">\n\t\t\t<!-- START reha FLEX Slider SGH Weitere Angebote REVOLUTION SLIDER 6.7.40 --><p class=\"rs-p-wp-fix\"><\/p>\n\t\t\t<rs-module-wrap id=\"rev_slider_5_1_wrapper\" data-source=\"gallery\" style=\"visibility:hidden;background:transparent;padding:0;margin:0px auto;margin-top:0;margin-bottom:0;\">\n\t\t\t\t<rs-module id=\"rev_slider_5_1\" style=\"\" data-version=\"6.7.40\">\n\t\t\t\t\t<rs-slides style=\"overflow: hidden; position: absolute;\">\n\t\t\t\t\t\t<rs-slide style=\"position: absolute;\" data-key=\"rs-31\" data-title=\"Slide\" data-thumb=\"\/\/reha-flex.de\/wp-content\/uploads\/sites\/8\/2021\/11\/SGH-Babyschwimmen_2021-100x50.jpg\" data-anim=\"ms:600;r:0;\" data-in=\"o:0;\" data-out=\"a:false;\">\n\t\t\t\t\t\t\t<img decoding=\"async\" src=\"\/\/reha-flex.de\/wp-content\/plugins\/revslider\/sr6\/assets\/assets\/dummy.png\" alt=\"\" title=\"Babyschwimmen\" width=\"1920\" height=\"1272\" class=\"rev-slidebg tp-rs-img rs-lazyload\" data-lazyload=\"\/\/reha-flex.de\/wp-content\/uploads\/sites\/8\/2021\/11\/SGH-Babyschwimmen_2021.jpg\" data-bg=\"p:0% 25%;\" data-parallax=\"14\" data-no-retina>\n<!---->\t\t\t\t\t<\/rs-slide>\n\t\t\t\t\t\t<rs-slide style=\"position: absolute;\" data-key=\"rs-32\" data-title=\"Slide\" data-thumb=\"\/\/reha-flex.de\/wp-content\/uploads\/sites\/8\/2021\/01\/ruheraum_2021-100x50.jpg\" data-anim=\"ms:600;r:0;\" data-in=\"o:0;\" data-out=\"a:false;\">\n\t\t\t\t\t\t\t<img decoding=\"async\" src=\"\/\/reha-flex.de\/wp-content\/plugins\/revslider\/sr6\/assets\/assets\/dummy.png\" alt=\"\" title=\"Ruheraum_2021\" width=\"1900\" height=\"1330\" class=\"rev-slidebg tp-rs-img rs-lazyload\" data-lazyload=\"\/\/reha-flex.de\/wp-content\/uploads\/sites\/8\/2021\/01\/ruheraum_2021.jpg\" data-parallax=\"off\" data-no-retina>\n<!---->\t\t\t\t\t<\/rs-slide>\n\t\t\t\t\t\t<rs-slide style=\"position: absolute;\" data-key=\"rs-47\" data-title=\"Slide\" data-thumb=\"\/\/reha-flex.de\/wp-content\/uploads\/sites\/8\/2021\/11\/KG-Geraet_2021-100x50.jpg\" data-anim=\"ms:1000;r:0;\" data-in=\"o:0;\" data-out=\"a:false;\">\n\t\t\t\t\t\t\t<img decoding=\"async\" src=\"\/\/reha-flex.de\/wp-content\/plugins\/revslider\/sr6\/assets\/assets\/dummy.png\" alt=\"\" title=\"Krankengymnastik am Ger\u00e4t\" width=\"2126\" height=\"1417\" class=\"rev-slidebg tp-rs-img rs-lazyload\" data-lazyload=\"\/\/reha-flex.de\/wp-content\/uploads\/sites\/8\/2021\/11\/KG-Geraet_2021.jpg\" data-parallax=\"off\" data-no-retina>\n<!---->\t\t\t\t\t<\/rs-slide>\n\t\t\t\t\t\t<rs-slide style=\"position: absolute;\" data-key=\"rs-50\" data-title=\"Slide\" data-thumb=\"\/\/reha-flex.de\/wp-content\/uploads\/sites\/8\/2021\/11\/raucherpavillon-100x50.jpg\" data-anim=\"ms:1000;r:0;\" data-in=\"o:0;\" data-out=\"a:false;\">\n\t\t\t\t\t\t\t<img decoding=\"async\" src=\"\/\/reha-flex.de\/wp-content\/plugins\/revslider\/sr6\/assets\/assets\/dummy.png\" alt=\"\" title=\"Raucherpavillon\" width=\"2126\" height=\"1417\" class=\"rev-slidebg tp-rs-img rs-lazyload\" data-lazyload=\"\/\/reha-flex.de\/wp-content\/uploads\/sites\/8\/2021\/11\/raucherpavillon.jpg\" data-parallax=\"off\" data-no-retina>\n<!---->\t\t\t\t\t<\/rs-slide>\n\t\t\t\t\t\t<rs-slide style=\"position: absolute;\" data-key=\"rs-34\" data-title=\"Slide\" data-thumb=\"\/\/reha-flex.de\/rehabilitationsklinik-sangerhausen\/wp-content\/uploads\/sites\/8\/2020\/12\/MedyJet.jpg\" data-anim=\"ms:1000;r:0;\" data-in=\"o:0;\" data-out=\"a:false;\">\n\t\t\t\t\t\t\t<img decoding=\"async\" src=\"\/\/reha-flex.de\/wp-content\/plugins\/revslider\/sr6\/assets\/assets\/dummy.png\" alt=\"\" title=\"MedyJet\" width=\"1900\" height=\"1258\" class=\"rev-slidebg tp-rs-img rs-lazyload\" data-lazyload=\"\/\/reha-flex.de\/rehabilitationsklinik-sangerhausen\/wp-content\/uploads\/sites\/8\/2020\/12\/MedyJet.jpg\" data-bg=\"p:0% 30%;\" data-parallax=\"off\" data-no-retina>\n<!---->\t\t\t\t\t<\/rs-slide>\n\t\t\t\t\t\t<rs-slide style=\"position: absolute;\" data-key=\"rs-35\" data-title=\"Slide\" data-thumb=\"\/\/reha-flex.de\/rehabilitationsklinik-sangerhausen\/wp-content\/uploads\/sites\/8\/2020\/12\/Carfeteria.jpg\" data-anim=\"ms:1000;r:0;\" data-in=\"o:0;\" data-out=\"a:false;\">\n\t\t\t\t\t\t\t<img decoding=\"async\" src=\"\/\/reha-flex.de\/wp-content\/plugins\/revslider\/sr6\/assets\/assets\/dummy.png\" alt=\"\" title=\"Kaffee-Ecke\" width=\"1900\" height=\"1315\" class=\"rev-slidebg tp-rs-img rs-lazyload\" data-lazyload=\"\/\/reha-flex.de\/rehabilitationsklinik-sangerhausen\/wp-content\/uploads\/sites\/8\/2020\/12\/Carfeteria.jpg\" data-bg=\"p:center bottom;\" data-parallax=\"off\" data-no-retina>\n<!---->\t\t\t\t\t<\/rs-slide>\n\t\t\t\t\t\t<rs-slide style=\"position: absolute;\" data-key=\"rs-49\" data-title=\"Slide\" data-thumb=\"\/\/reha-flex.de\/wp-content\/uploads\/sites\/8\/2022\/02\/Spa-Hot-Stone-Massage-100x50.jpg\" data-anim=\"ms:1000;r:0;\" data-in=\"o:0;\" data-out=\"a:false;\">\n\t\t\t\t\t\t\t<img decoding=\"async\" src=\"\/\/reha-flex.de\/wp-content\/plugins\/revslider\/sr6\/assets\/assets\/dummy.png\" alt=\"\" title=\"Spa-Hot-Stone-Massage\" width=\"1920\" height=\"1278\" class=\"rev-slidebg tp-rs-img rs-lazyload\" data-lazyload=\"\/\/reha-flex.de\/wp-content\/uploads\/sites\/8\/2022\/02\/Spa-Hot-Stone-Massage.jpg\" data-parallax=\"off\" data-no-retina>\n<!---->\t\t\t\t\t<\/rs-slide>\n\t\t\t\t\t\t<rs-slide style=\"position: absolute;\" data-key=\"rs-48\" data-title=\"Slide\" data-thumb=\"\/\/reha-flex.de\/wp-content\/uploads\/sites\/8\/2021\/01\/Waerme-100x50.jpg\" data-anim=\"ms:1000;r:0;\" data-in=\"o:0;\" data-out=\"a:false;\">\n\t\t\t\t\t\t\t<img decoding=\"async\" src=\"\/\/reha-flex.de\/wp-content\/plugins\/revslider\/sr6\/assets\/assets\/dummy.png\" alt=\"W\u00e4rmebehandlung\" title=\"W\u00e4rmebehandlung\" width=\"1920\" height=\"1280\" class=\"rev-slidebg tp-rs-img rs-lazyload\" data-lazyload=\"\/\/reha-flex.de\/wp-content\/uploads\/sites\/8\/2021\/01\/Waerme.jpg\" data-parallax=\"off\" data-no-retina>\n<!---->\t\t\t\t\t<\/rs-slide>\n\t\t\t\t\t<\/rs-slides>\n\t\t\t\t<\/rs-module>\n\t\t\t\t<script>\n\t\t\t\t\tsetREVStartSize({c: 'rev_slider_5_1',rl:[1240,1024,778,480],el:[800,768,960,720],gw:[1920,1024,778,480],gh:[800,500,450,300],type:'standard',justify:'',layout:'fullwidth',mh:\"0\"});if (window.RS_MODULES!==undefined && window.RS_MODULES.modules!==undefined && window.RS_MODULES.modules[\"revslider51\"]!==undefined) {window.RS_MODULES.modules[\"revslider51\"].once = false;window.revapi5 = undefined;if (window.RS_MODULES.checkMinimal!==undefined) window.RS_MODULES.checkMinimal()}\n\t\t\t\t<\/script>\n\t\t\t<\/rs-module-wrap>\n\t\t\t<!-- END REVOLUTION SLIDER -->\n<\/div>\n<\/div><\/div>\n<\/div>\n<\/div>\n<\/div>\n<\/div>\n<\/div>\n<div id=\"cmsmasters_row_lhwbgip2g8\" class=\"cmsmasters_row cmsmasters_color_scheme_default rehaflex-sidebar-wrapper cmsmasters_row_top_default cmsmasters_row_bot_default cmsmasters_row_boxed\">\n<div class=\"cmsmasters_row_outer_parent\">\n<div class=\"cmsmasters_row_outer\">\n<div class=\"cmsmasters_row_inner\">\n<div class=\"cmsmasters_row_margin\">\n<div id=\"cmsmasters_column_zg9nbpm85\" class=\"cmsmasters_column two_third rehaflex-content-sidebar\">\n<div class=\"cmsmasters_column_inner\"><div id=\"cmsmasters_heading_5l2pjgvqs\" class=\"cmsmasters_heading_wrap cmsmasters_heading_align_left wohlbefinden\">\n\t<h2 class=\"cmsmasters_heading\">Medizinische Trainingstherapie<\/h2>\n<\/div><div class=\"cmsmasters_text\">\n<p class=\"p1\"><span class=\"s1\">Vor allem Bewegungsmangel und ungesunde Ern\u00e4hrung k\u00f6nnen zu Erkrankungen f\u00fchren. Sie haben die Chance, selbst etwas dagegen zu unternehmen. Ihre individuelle Therapie an speziellen Trainingsger\u00e4ten.<br \/>\n<\/span><strong>10er-Karte<\/strong> (10 Einheiten \u00e0 90 Min.)<\/p>\n<p><a href=\"https:\/\/reha-flex.de\/rehabilitationsklinik-sangerhausen\/angebote-kurse\/medizinische-trainingstherapie\/\">Hier geht&#8217;s zum Kurs<\/a><\/p>\n<p>&nbsp;<\/p>\n<\/div>\n<div id=\"cmsmasters_divider_z22ufwtka\" class=\"cmsmasters_divider cmsmasters_divider_width_long cmsmasters_divider_pos_center\"><\/div>\n<div id=\"cmsmasters_heading_ey1iiq5hlf\" class=\"cmsmasters_heading_wrap cmsmasters_heading_align_left wohlbefinden\">\n\t<h2 class=\"cmsmasters_heading\">Baby- und Kleinkindschwimmen<\/h2>\n<\/div><div class=\"cmsmasters_text\">\n<p class=\"p1\">Sehr gro\u00dfer Beliebtheit erfreut sich das Babyschwimmen.<br \/>\nFu\u0308r den 4 bis 12 Monate alten\u00a0Nachwuchs werden zu unterschiedlichen\u00a0Zeiten Kurse unter therapeutischer Anleitung\u00a0im Bewegungsbecken von reha FLEX angeboten.\u00a0In den zehn Kurseinheiten zu je 30\u00a0Minuten soll den Kleinen die Angst vor dem\u00a0Nass genommen sowie Freude und Spa\u00df am\u00a0Wasser vermittelt werden. Gleichzeitig f\u00f6rdert\u00a0der Kurs den Bewegungsdrang und das\u00a0Bewegungsgefu\u0308hl sowie das fru\u0308hkindliche\u00a0Lernverhalten.<br \/>\n<strong>10er-Karte<\/strong> (10 Einheiten \u00e0 30 Min.)<\/p>\n<p><a href=\"https:\/\/reha-flex.de\/rehabilitationsklinik-sangerhausen\/angebote-kurse\/baby-und-kleinkindschwimmen\/\">Hier geht&#8217;s zum Kurs<\/a><\/p>\n<p>&nbsp;<\/p>\n<\/div>\n<div id=\"cmsmasters_divider_3pg2m46gc8\" class=\"cmsmasters_divider cmsmasters_divider_width_long cmsmasters_divider_pos_center\"><\/div>\n<div id=\"cmsmasters_heading_qtt9pm81op\" class=\"cmsmasters_heading_wrap cmsmasters_heading_align_left wohlbefinden\">\n\t<h2 class=\"cmsmasters_heading\">Ganzk\u00f6rpermassage<\/h2>\n<\/div><div class=\"cmsmasters_text\">\n<p class=\"p1\">Eine wohltuende, sanfte, regenerierende<span class=\"Apple-converted-space\">\u00a0 <\/span>Massage der Beine, Arme, R\u00fccken, Nacken und Schulter f\u00fcr Ruhe und Wohlbefinden.<br \/>\n<strong>Dauer: 50 Min.<\/strong><span class=\"Apple-converted-space\">\u00a0<\/span><\/p>\n<p>&nbsp;<\/p>\n<\/div>\n<div id=\"cmsmasters_divider_786i3y9r1i\" class=\"cmsmasters_divider cmsmasters_divider_width_long cmsmasters_divider_pos_center\"><\/div>\n<div id=\"cmsmasters_heading_w3ipmm12vc\" class=\"cmsmasters_heading_wrap cmsmasters_heading_align_left wohlbefinden\">\n\t<h2 class=\"cmsmasters_heading\">Teilk\u00f6rpermassage<\/h2>\n<\/div><div class=\"cmsmasters_text\">\n<p class=\"p1\"><span class=\"s1\">Klassische Teilk\u00f6rpermassage zur L\u00f6sung von akuten Verspannungen und zur Lockerung der Muskulatur. Wahlweise Kopf- und Nackenbereich, R\u00fccken oder Beine.<br \/>\n<\/span><strong>Dauer: 25 Min.<\/strong><span class=\"Apple-converted-space\">\u00a0<\/span><\/p>\n<p>&nbsp;<\/p>\n<\/div>\n<div id=\"cmsmasters_divider_jb7pem1f8v\" class=\"cmsmasters_divider cmsmasters_divider_width_long cmsmasters_divider_pos_center\"><\/div>\n<div id=\"cmsmasters_heading_ro7148332o\" class=\"cmsmasters_heading_wrap cmsmasters_heading_align_left wohlbefinden\">\n\t<h2 class=\"cmsmasters_heading\">Lymphdrainage<\/h2>\n<\/div><div class=\"cmsmasters_text\">\n<p class=\"p1\"><span class=\"s1\">Die entspannende und beruhigende Lymphdrainage ist eine sehr sanfte Massage mit speziellen, pumpenden und schiebenden Griffen. Sie hilft besonders bei \u00fcberanstrengten Beinen, Venenproblemen, Migr\u00e4ne und dient der allgemeinen St\u00e4rkung des Immunsystems (Entschlackung und Entgiftung).<br \/>\n<strong>Dauer: <\/strong><\/span><strong>25 Min.<\/strong><\/p>\n<p>&nbsp;<\/p>\n<\/div>\n<div id=\"cmsmasters_divider_w9an9vbpy\" class=\"cmsmasters_divider cmsmasters_divider_width_long cmsmasters_divider_pos_center\"><\/div>\n<div id=\"cmsmasters_heading_f049v7l6ix\" class=\"cmsmasters_heading_wrap cmsmasters_heading_align_left wohlbefinden\">\n\t<h2 class=\"cmsmasters_heading\">Fu\u00dfreflexzonen-Massage<\/h2>\n<\/div><div class=\"cmsmasters_text\">\n<p class=\"p1\"><span class=\"s1\">Das gezielte Massieren der Reflexpunkte aktiviert die Selbstheilungskr\u00e4fte des K\u00f6rpers.<br \/>\n<\/span><span class=\"s1\"><strong>Dauer: 30<\/strong><\/span><strong>\u00a0Min.<\/strong><\/p>\n<p>&nbsp;<\/p>\n<\/div>\n<div id=\"cmsmasters_divider_r6yylplqb\" class=\"cmsmasters_divider cmsmasters_divider_width_long cmsmasters_divider_pos_center\"><\/div>\n<div id=\"cmsmasters_heading_4qwqf5ppeh\" class=\"cmsmasters_heading_wrap cmsmasters_heading_align_left wohlbefinden\">\n\t<h2 class=\"cmsmasters_heading\">Hot Stone-Massage<\/h2>\n<\/div><div class=\"cmsmasters_text\">\n<p class=\"p1\">Ein faszinierendes Ritual aus Massage, Energiearbeit und Wirkung von warmen Basalt. Der K\u00f6rper wird von Kopf bis Fu\u00df in einem angenehmen Rhythmus massiert, der Stoffwechsel und der Blutkreislauf werden dabei angeregt und die Muskulatur entspannt.<br \/>\n<span class=\"s1\"><strong>Dauer: 30<\/strong><\/span><strong>\u00a0Min.<\/strong><\/p>\n<p>&nbsp;<\/p>\n<\/div>\n<div id=\"cmsmasters_divider_uz9yqnbzg\" class=\"cmsmasters_divider cmsmasters_divider_width_long cmsmasters_divider_pos_center\"><\/div>\n<div id=\"cmsmasters_heading_aa3trl8q1v\" class=\"cmsmasters_heading_wrap cmsmasters_heading_align_left wohlbefinden\">\n\t<h2 class=\"cmsmasters_heading\">Fango-Packung<\/h2>\n<\/div><div class=\"cmsmasters_text\">\n<p class=\"p1\"><span class=\"s1\">Die Fango-Heilerde reinigt die Haut bis in die Tiefe, entschlackt und entgiftet, t\u00f6tet Bakterien ab, hemmt Entz\u00fcndungen, reguliert den Stoffwechsel und steigert die Durchblutung.<br \/>\n<\/span><span class=\"s1\"><strong>Dauer: 20<\/strong><\/span><strong>\u00a0Min.<\/strong><\/p>\n<p>&nbsp;<\/p>\n<\/div>\n<div id=\"cmsmasters_divider_yzruar5zjr\" class=\"cmsmasters_divider cmsmasters_divider_width_long cmsmasters_divider_pos_center\"><\/div>\n<div id=\"cmsmasters_heading_6r03w181jq\" class=\"cmsmasters_heading_wrap cmsmasters_heading_align_left wohlbefinden\">\n\t<h2 class=\"cmsmasters_heading\">MedyJet<\/h2>\n<\/div><div class=\"cmsmasters_text\">\n<p class=\"p1\">Beim MedyJet massieren Wasserstrahlen\u00a0im Ger\u00e4tebauch computergesteuert\u00a0von unten durch die weiche Auflage\u00a0einzelne Partien oder den ganzen K\u00f6rper.\u00a0Die wohltuende W\u00e4rme des Wassers (bis\u00a0zu 40 \u00b0C) erweitert die Blutgef\u00e4\u00dfe, f\u00f6rdert die Durchblutung, lockert die Muskulatur,\u00a0l\u00f6st Verspannungen, Verh\u00e4rtungen und Verkrampfungen.\u00a0Es sollten \u2013 je nach Behandlungsziel\u00a0\u2013 fu\u0308nf bis zehn Behandlungen eingeplant\u00a0werden.<br \/>\n<strong>Dauer: 25 Min.<\/strong><\/p>\n<\/div>\n<div id=\"cmsmasters_divider_pyqrq1zkbk\" class=\"cmsmasters_divider cmsmasters_divider_width_long cmsmasters_divider_pos_center\"><\/div>\n<div class=\"cmsmasters_text\">\n<p class=\"p1\">F\u00fcr die erforderlichen Pausen zwischen den <span class=\"s1\">Therapien k\u00f6nnen Sie gern unseren Lese- und Ruheraum, unsere Kaffee-Ecke sowie die Au\u00dfenterrassen nutzen. <\/span><\/p>\n<\/div>\n<\/div><\/div>\n<div id=\"cmsmasters_column_1r8pk1vxrc\" class=\"cmsmasters_column one_third rehaflex-sidebar\">\n<div class=\"cmsmasters_column_inner\">\n<div class=\"cmsmasters_sidebar sidebar_layout_11\"><aside id=\"nav_menu-6\" class=\"widget widget_nav_menu\"><h3 class=\"widgettitle\">Therapie-Angebote<\/h3><div class=\"menu-reha-flex-therapieangebote-sidebar-container\"><ul id=\"menu-reha-flex-therapieangebote-sidebar\" class=\"menu\"><li id=\"menu-item-261\" class=\"menu-item menu-item-type-post_type menu-item-object-page menu-item-261\"><a href=\"https:\/\/reha-flex.de\/rehabilitationsklinik-sangerhausen\/therapieangebote\/praxis-fuer-physiotherapie\/\">Praxis f\u00fcr Physiotherapie<\/a><\/li>\n<li id=\"menu-item-262\" class=\"menu-item menu-item-type-post_type menu-item-object-page menu-item-262\"><a href=\"https:\/\/reha-flex.de\/rehabilitationsklinik-sangerhausen\/therapieangebote\/praxis-fuer-ergotherapie\/\">Praxis f\u00fcr Ergotherapie<\/a><\/li>\n<li id=\"menu-item-264\" class=\"menu-item menu-item-type-post_type menu-item-object-page menu-item-264\"><a href=\"https:\/\/reha-flex.de\/rehabilitationsklinik-sangerhausen\/therapieangebote\/privatarztpraxis-fuer-orthopaedie\/\">Privatarztpraxis f\u00fcr Orthop\u00e4die<\/a><\/li>\n<li id=\"menu-item-265\" class=\"menu-item menu-item-type-post_type menu-item-object-page menu-item-265\"><a href=\"https:\/\/reha-flex.de\/rehabilitationsklinik-sangerhausen\/therapieangebote\/ambulante-ernaehrungsberatung-lehrkueche\/\">Ambulante Ern\u00e4hrungsberatung<\/a><\/li>\n<li id=\"menu-item-701\" class=\"menu-item menu-item-type-post_type menu-item-object-page menu-item-701\"><a href=\"https:\/\/reha-flex.de\/rehabilitationsklinik-sangerhausen\/therapieangebote\/weitere-angebote\/\">Weitere Angebote<\/a><\/li>\n<\/ul><\/div><\/aside><div class=\"cl\"><\/div>\n<\/div>\n<\/div><\/div>\n<\/div>\n<\/div>\n<\/div>\n<\/div>\n<\/div>\n\n","protected":false},"excerpt":{"rendered":"","protected":false},"author":2,"featured_media":179,"parent":24,"menu_order":500,"comment_status":"closed","ping_status":"closed","template":"","meta":{"footnotes":""},"class_list":["post-610","page","type-page","status-publish","has-post-thumbnail","hentry"],"yoast_head":"<!-- This site is optimized with the Yoast SEO plugin v26.9 - https:\/\/yoast.com\/product\/yoast-seo-wordpress\/ -->\n<title>Weitere Angebote - Rehabilitationsklinik Sangerhausen<\/title>\n<meta name=\"robots\" content=\"index, follow, max-snippet:-1, max-image-preview:large, max-video-preview:-1\" \/>\n<link rel=\"canonical\" href=\"https:\/\/reha-flex.de\/rehabilitationsklinik-sangerhausen\/therapieangebote\/weitere-angebote\/\" \/>\n<meta property=\"og:locale\" content=\"de_DE\" \/>\n<meta property=\"og:type\" content=\"article\" \/>\n<meta property=\"og:title\" content=\"Weitere Angebote - Rehabilitationsklinik Sangerhausen\" \/>\n<meta property=\"og:url\" content=\"https:\/\/reha-flex.de\/rehabilitationsklinik-sangerhausen\/therapieangebote\/weitere-angebote\/\" \/>\n<meta property=\"og:site_name\" content=\"Rehabilitationsklinik Sangerhausen\" \/>\n<meta property=\"article:modified_time\" content=\"2022-07-27T09:39:50+00:00\" \/>\n<meta property=\"og:image\" content=\"http:\/\/reha-flex.de\/wp-content\/uploads\/sites\/8\/2020\/10\/Ernaehrungsberatung_SGH.jpg\" \/>\n\t<meta property=\"og:image:width\" content=\"1920\" \/>\n\t<meta property=\"og:image:height\" content=\"1345\" \/>\n\t<meta property=\"og:image:type\" content=\"image\/jpeg\" \/>\n<meta name=\"twitter:card\" content=\"summary_large_image\" \/>\n<meta name=\"twitter:label1\" content=\"Gesch\u00e4tzte Lesezeit\" \/>\n\t<meta name=\"twitter:data1\" content=\"4\u00a0Minuten\" \/>\n<script type=\"application\/ld+json\" class=\"yoast-schema-graph\">{\"@context\":\"https:\/\/schema.org\",\"@graph\":[{\"@type\":\"WebPage\",\"@id\":\"https:\/\/reha-flex.de\/rehabilitationsklinik-sangerhausen\/therapieangebote\/weitere-angebote\/\",\"url\":\"https:\/\/reha-flex.de\/rehabilitationsklinik-sangerhausen\/therapieangebote\/weitere-angebote\/\",\"name\":\"Weitere Angebote - Rehabilitationsklinik Sangerhausen\",\"isPartOf\":{\"@id\":\"https:\/\/reha-flex.de\/rehabilitationsklinik-sangerhausen\/#website\"},\"primaryImageOfPage\":{\"@id\":\"https:\/\/reha-flex.de\/rehabilitationsklinik-sangerhausen\/therapieangebote\/weitere-angebote\/#primaryimage\"},\"image\":{\"@id\":\"https:\/\/reha-flex.de\/rehabilitationsklinik-sangerhausen\/therapieangebote\/weitere-angebote\/#primaryimage\"},\"thumbnailUrl\":\"https:\/\/reha-flex.de\/wp-content\/uploads\/sites\/8\/2020\/10\/Ernaehrungsberatung_SGH.jpg\",\"datePublished\":\"2020-12-12T20:19:32+00:00\",\"dateModified\":\"2022-07-27T09:39:50+00:00\",\"breadcrumb\":{\"@id\":\"https:\/\/reha-flex.de\/rehabilitationsklinik-sangerhausen\/therapieangebote\/weitere-angebote\/#breadcrumb\"},\"inLanguage\":\"de\",\"potentialAction\":[{\"@type\":\"ReadAction\",\"target\":[\"https:\/\/reha-flex.de\/rehabilitationsklinik-sangerhausen\/therapieangebote\/weitere-angebote\/\"]}]},{\"@type\":\"ImageObject\",\"inLanguage\":\"de\",\"@id\":\"https:\/\/reha-flex.de\/rehabilitationsklinik-sangerhausen\/therapieangebote\/weitere-angebote\/#primaryimage\",\"url\":\"https:\/\/reha-flex.de\/wp-content\/uploads\/sites\/8\/2020\/10\/Ernaehrungsberatung_SGH.jpg\",\"contentUrl\":\"https:\/\/reha-flex.de\/wp-content\/uploads\/sites\/8\/2020\/10\/Ernaehrungsberatung_SGH.jpg\",\"width\":1920,\"height\":1345,\"caption\":\"Ernaehrungsberatung in Sangerhausen\"},{\"@type\":\"BreadcrumbList\",\"@id\":\"https:\/\/reha-flex.de\/rehabilitationsklinik-sangerhausen\/therapieangebote\/weitere-angebote\/#breadcrumb\",\"itemListElement\":[{\"@type\":\"ListItem\",\"position\":1,\"name\":\"Startseite\",\"item\":\"https:\/\/reha-flex.de\/rehabilitationsklinik-sangerhausen\/\"},{\"@type\":\"ListItem\",\"position\":2,\"name\":\"Therapieangebote\",\"item\":\"https:\/\/reha-flex.de\/rehabilitationsklinik-sangerhausen\/therapieangebote\/\"},{\"@type\":\"ListItem\",\"position\":3,\"name\":\"Weitere Angebote\"}]},{\"@type\":\"WebSite\",\"@id\":\"https:\/\/reha-flex.de\/rehabilitationsklinik-sangerhausen\/#website\",\"url\":\"https:\/\/reha-flex.de\/rehabilitationsklinik-sangerhausen\/\",\"name\":\"Rehabilitationsklinik Sangerhausen\",\"description\":\"\",\"potentialAction\":[{\"@type\":\"SearchAction\",\"target\":{\"@type\":\"EntryPoint\",\"urlTemplate\":\"https:\/\/reha-flex.de\/rehabilitationsklinik-sangerhausen\/?s={search_term_string}\"},\"query-input\":{\"@type\":\"PropertyValueSpecification\",\"valueRequired\":true,\"valueName\":\"search_term_string\"}}],\"inLanguage\":\"de\"}]}<\/script>\n<!-- \/ Yoast SEO plugin. -->","yoast_head_json":{"title":"Weitere Angebote - Rehabilitationsklinik Sangerhausen","robots":{"index":"index","follow":"follow","max-snippet":"max-snippet:-1","max-image-preview":"max-image-preview:large","max-video-preview":"max-video-preview:-1"},"canonical":"https:\/\/reha-flex.de\/rehabilitationsklinik-sangerhausen\/therapieangebote\/weitere-angebote\/","og_locale":"de_DE","og_type":"article","og_title":"Weitere Angebote - Rehabilitationsklinik Sangerhausen","og_url":"https:\/\/reha-flex.de\/rehabilitationsklinik-sangerhausen\/therapieangebote\/weitere-angebote\/","og_site_name":"Rehabilitationsklinik Sangerhausen","article_modified_time":"2022-07-27T09:39:50+00:00","og_image":[{"width":1920,"height":1345,"url":"http:\/\/reha-flex.de\/wp-content\/uploads\/sites\/8\/2020\/10\/Ernaehrungsberatung_SGH.jpg","type":"image\/jpeg"}],"twitter_card":"summary_large_image","twitter_misc":{"Gesch\u00e4tzte Lesezeit":"4\u00a0Minuten"},"schema":{"@context":"https:\/\/schema.org","@graph":[{"@type":"WebPage","@id":"https:\/\/reha-flex.de\/rehabilitationsklinik-sangerhausen\/therapieangebote\/weitere-angebote\/","url":"https:\/\/reha-flex.de\/rehabilitationsklinik-sangerhausen\/therapieangebote\/weitere-angebote\/","name":"Weitere Angebote - Rehabilitationsklinik Sangerhausen","isPartOf":{"@id":"https:\/\/reha-flex.de\/rehabilitationsklinik-sangerhausen\/#website"},"primaryImageOfPage":{"@id":"https:\/\/reha-flex.de\/rehabilitationsklinik-sangerhausen\/therapieangebote\/weitere-angebote\/#primaryimage"},"image":{"@id":"https:\/\/reha-flex.de\/rehabilitationsklinik-sangerhausen\/therapieangebote\/weitere-angebote\/#primaryimage"},"thumbnailUrl":"https:\/\/reha-flex.de\/wp-content\/uploads\/sites\/8\/2020\/10\/Ernaehrungsberatung_SGH.jpg","datePublished":"2020-12-12T20:19:32+00:00","dateModified":"2022-07-27T09:39:50+00:00","breadcrumb":{"@id":"https:\/\/reha-flex.de\/rehabilitationsklinik-sangerhausen\/therapieangebote\/weitere-angebote\/#breadcrumb"},"inLanguage":"de","potentialAction":[{"@type":"ReadAction","target":["https:\/\/reha-flex.de\/rehabilitationsklinik-sangerhausen\/therapieangebote\/weitere-angebote\/"]}]},{"@type":"ImageObject","inLanguage":"de","@id":"https:\/\/reha-flex.de\/rehabilitationsklinik-sangerhausen\/therapieangebote\/weitere-angebote\/#primaryimage","url":"https:\/\/reha-flex.de\/wp-content\/uploads\/sites\/8\/2020\/10\/Ernaehrungsberatung_SGH.jpg","contentUrl":"https:\/\/reha-flex.de\/wp-content\/uploads\/sites\/8\/2020\/10\/Ernaehrungsberatung_SGH.jpg","width":1920,"height":1345,"caption":"Ernaehrungsberatung in Sangerhausen"},{"@type":"BreadcrumbList","@id":"https:\/\/reha-flex.de\/rehabilitationsklinik-sangerhausen\/therapieangebote\/weitere-angebote\/#breadcrumb","itemListElement":[{"@type":"ListItem","position":1,"name":"Startseite","item":"https:\/\/reha-flex.de\/rehabilitationsklinik-sangerhausen\/"},{"@type":"ListItem","position":2,"name":"Therapieangebote","item":"https:\/\/reha-flex.de\/rehabilitationsklinik-sangerhausen\/therapieangebote\/"},{"@type":"ListItem","position":3,"name":"Weitere Angebote"}]},{"@type":"WebSite","@id":"https:\/\/reha-flex.de\/rehabilitationsklinik-sangerhausen\/#website","url":"https:\/\/reha-flex.de\/rehabilitationsklinik-sangerhausen\/","name":"Rehabilitationsklinik Sangerhausen","description":"","potentialAction":[{"@type":"SearchAction","target":{"@type":"EntryPoint","urlTemplate":"https:\/\/reha-flex.de\/rehabilitationsklinik-sangerhausen\/?s={search_term_string}"},"query-input":{"@type":"PropertyValueSpecification","valueRequired":true,"valueName":"search_term_string"}}],"inLanguage":"de"}]}},"_links":{"self":[{"href":"https:\/\/reha-flex.de\/rehabilitationsklinik-sangerhausen\/wp-json\/wp\/v2\/pages\/610","targetHints":{"allow":["GET"]}}],"collection":[{"href":"https:\/\/reha-flex.de\/rehabilitationsklinik-sangerhausen\/wp-json\/wp\/v2\/pages"}],"about":[{"href":"https:\/\/reha-flex.de\/rehabilitationsklinik-sangerhausen\/wp-json\/wp\/v2\/types\/page"}],"author":[{"embeddable":true,"href":"https:\/\/reha-flex.de\/rehabilitationsklinik-sangerhausen\/wp-json\/wp\/v2\/users\/2"}],"replies":[{"embeddable":true,"href":"https:\/\/reha-flex.de\/rehabilitationsklinik-sangerhausen\/wp-json\/wp\/v2\/comments?post=610"}],"version-history":[{"count":31,"href":"https:\/\/reha-flex.de\/rehabilitationsklinik-sangerhausen\/wp-json\/wp\/v2\/pages\/610\/revisions"}],"predecessor-version":[{"id":1099,"href":"https:\/\/reha-flex.de\/rehabilitationsklinik-sangerhausen\/wp-json\/wp\/v2\/pages\/610\/revisions\/1099"}],"up":[{"embeddable":true,"href":"https:\/\/reha-flex.de\/rehabilitationsklinik-sangerhausen\/wp-json\/wp\/v2\/pages\/24"}],"wp:featuredmedia":[{"embeddable":true,"href":"https:\/\/reha-flex.de\/rehabilitationsklinik-sangerhausen\/wp-json\/wp\/v2\/media\/179"}],"wp:attachment":[{"href":"https:\/\/reha-flex.de\/rehabilitationsklinik-sangerhausen\/wp-json\/wp\/v2\/media?parent=610"}],"curies":[{"name":"wp","href":"https:\/\/api.w.org\/{rel}","templated":true}]}}