{"id":18,"date":"2020-10-06T09:14:54","date_gmt":"2020-10-06T07:14:54","guid":{"rendered":"https:\/\/reha-flex.de\/saline-rehabilitationsklinik-halle-saale\/?page_id=18"},"modified":"2021-03-18T12:21:37","modified_gmt":"2021-03-18T11:21:37","slug":"ambulante-reha","status":"publish","type":"page","link":"https:\/\/reha-flex.de\/saline-rehabilitationsklinik-halle-saale\/ambulante-reha\/","title":{"rendered":"Ambulante Reha"},"content":{"rendered":"<div id=\"cmsmasters_row_eb4kizkxaj\" class=\"cmsmasters_row cmsmasters_color_scheme_default cmsmasters_row_top_default cmsmasters_row_bot_default cmsmasters_row_fullwidth\">\n<div class=\"cmsmasters_row_outer_parent\">\n<div class=\"cmsmasters_row_outer\">\n<div class=\"cmsmasters_row_inner cmsmasters_row_fullwidth\">\n<div class=\"cmsmasters_row_margin\">\n<div id=\"cmsmasters_column_cq045hfci9\" class=\"cmsmasters_column one_first\">\n<div class=\"cmsmasters_column_inner\">\n<div class=\"cmsmasters_slider\">\n\t\t\t<!-- START reha FLEXSlider Ambulante Reha REVOLUTION SLIDER 6.7.40 --><p class=\"rs-p-wp-fix\"><\/p>\n\t\t\t<rs-module-wrap id=\"rev_slider_4_1_wrapper\" data-source=\"gallery\" style=\"visibility:hidden;background:transparent;padding:0;margin:0px auto;margin-top:0;margin-bottom:0;\">\n\t\t\t\t<rs-module id=\"rev_slider_4_1\" style=\"\" data-version=\"6.7.40\">\n\t\t\t\t\t<rs-slides style=\"overflow: hidden; position: absolute;\">\n\t\t\t\t\t\t<rs-slide style=\"position: absolute;\" data-key=\"rs-30\" data-title=\"Slide\" data-thumb=\"\/\/reha-flex.de\/wp-content\/uploads\/sites\/2\/2022\/06\/Rezeption_neu-100x50.jpg\" data-anim=\"adpr:false;\" data-in=\"o:0;\" data-out=\"a:false;\">\n\t\t\t\t\t\t\t<img decoding=\"async\" src=\"\/\/reha-flex.de\/wp-content\/plugins\/revslider\/sr6\/assets\/assets\/dummy.png\" alt=\"\" title=\"Rezeption\" width=\"1920\" height=\"1280\" class=\"rev-slidebg tp-rs-img rs-lazyload\" data-lazyload=\"\/\/reha-flex.de\/wp-content\/uploads\/sites\/2\/2022\/06\/Rezeption_neu.jpg\" data-bg=\"p:0% 38%;\" data-parallax=\"14\" data-no-retina>\n<!---->\t\t\t\t\t<\/rs-slide>\n\t\t\t\t\t\t<rs-slide style=\"position: absolute;\" data-key=\"rs-28\" data-title=\"Slide\" data-thumb=\"\/\/reha-flex.de\/saline-rehabilitationsklinik-halle-saale\/wp-content\/uploads\/sites\/2\/2020\/10\/Erstuntersuchung-Aufnahme-Arzt.jpg\" data-anim=\"ms:600;r:0;\" data-in=\"o:0;\" data-out=\"a:false;\">\n\t\t\t\t\t\t\t<img decoding=\"async\" src=\"\/\/reha-flex.de\/wp-content\/plugins\/revslider\/sr6\/assets\/assets\/dummy.png\" alt=\"Blutdruckmessung\" title=\"Blutdruckmessung\" width=\"1920\" height=\"1278\" class=\"rev-slidebg tp-rs-img rs-lazyload\" data-lazyload=\"\/\/reha-flex.de\/saline-rehabilitationsklinik-halle-saale\/wp-content\/uploads\/sites\/2\/2020\/10\/Erstuntersuchung-Aufnahme-Arzt.jpg\" data-parallax=\"off\" data-no-retina>\n<!---->\t\t\t\t\t<\/rs-slide>\n\t\t\t\t\t\t<rs-slide style=\"position: absolute;\" data-key=\"rs-27\" data-title=\"Slide\" data-thumb=\"\/\/reha-flex.de\/wp-content\/uploads\/sites\/2\/2025\/12\/HARTIG-Ultraschall-100x50.jpg\" data-anim=\"adpr:false;ms:600;\" data-in=\"o:0;\" data-out=\"a:false;\">\n\t\t\t\t\t\t\t<img decoding=\"async\" src=\"\/\/reha-flex.de\/wp-content\/plugins\/revslider\/sr6\/assets\/assets\/dummy.png\" alt=\"\" title=\"Arzt Ultraschall\" width=\"1871\" height=\"1242\" class=\"rev-slidebg tp-rs-img rs-lazyload\" data-lazyload=\"\/\/reha-flex.de\/wp-content\/uploads\/sites\/2\/2025\/12\/HARTIG-Ultraschall.jpg\" data-bg=\"p:center top;\" data-parallax=\"off\" data-no-retina>\n<!---->\t\t\t\t\t<\/rs-slide>\n\t\t\t\t\t\t<rs-slide style=\"position: absolute;\" data-key=\"rs-32\" data-title=\"Slide\" data-thumb=\"\/\/reha-flex.de\/saline-rehabilitationsklinik-halle-saale\/wp-content\/uploads\/sites\/2\/2020\/10\/Cafeteria_innen.jpg\" data-anim=\"ms:1000;r:0;\" data-in=\"o:0;\" data-out=\"a:false;\">\n\t\t\t\t\t\t\t<img decoding=\"async\" src=\"\/\/reha-flex.de\/wp-content\/plugins\/revslider\/sr6\/assets\/assets\/dummy.png\" alt=\"Cafeteria innen\" title=\"Cafeteria innen\" width=\"1920\" height=\"1232\" class=\"rev-slidebg tp-rs-img rs-lazyload\" data-lazyload=\"\/\/reha-flex.de\/saline-rehabilitationsklinik-halle-saale\/wp-content\/uploads\/sites\/2\/2020\/10\/Cafeteria_innen.jpg\" data-bg=\"p:0% 85%;\" data-parallax=\"off\" data-no-retina>\n<!---->\t\t\t\t\t<\/rs-slide>\n\t\t\t\t\t\t<rs-slide style=\"position: absolute;\" data-key=\"rs-33\" data-title=\"Slide\" data-thumb=\"\/\/reha-flex.de\/wp-content\/uploads\/sites\/2\/2025\/12\/Esensausgabe-100x50.jpg\" data-anim=\"adpr:false;\" data-in=\"o:0;\" data-out=\"a:false;\">\n\t\t\t\t\t\t\t<img decoding=\"async\" src=\"\/\/reha-flex.de\/wp-content\/plugins\/revslider\/sr6\/assets\/assets\/dummy.png\" alt=\"\" title=\"Esensausgabe\" width=\"1920\" height=\"1242\" class=\"rev-slidebg tp-rs-img rs-lazyload\" data-lazyload=\"\/\/reha-flex.de\/wp-content\/uploads\/sites\/2\/2025\/12\/Esensausgabe.jpg\" data-bg=\"p:0% 20%;\" data-parallax=\"off\" data-no-retina>\n<!---->\t\t\t\t\t<\/rs-slide>\n\t\t\t\t\t\t<rs-slide style=\"position: absolute;\" data-key=\"rs-41\" data-title=\"Slide\" data-thumb=\"\/\/reha-flex.de\/saline-rehabilitationsklinik-halle-saale\/wp-content\/uploads\/sites\/2\/2020\/10\/Cafeteria.jpg\" data-anim=\"ms:1000;r:0;\" data-in=\"o:0;\" data-out=\"a:false;\">\n\t\t\t\t\t\t\t<img decoding=\"async\" src=\"\/\/reha-flex.de\/wp-content\/plugins\/revslider\/sr6\/assets\/assets\/dummy.png\" alt=\"Cafeteria in der Saline-Klinik\" title=\"Cafeteria in der Saline-Klinik\" width=\"1920\" height=\"1278\" class=\"rev-slidebg tp-rs-img rs-lazyload\" data-lazyload=\"\/\/reha-flex.de\/saline-rehabilitationsklinik-halle-saale\/wp-content\/uploads\/sites\/2\/2020\/10\/Cafeteria.jpg\" data-parallax=\"off\" data-no-retina>\n<!---->\t\t\t\t\t<\/rs-slide>\n\t\t\t\t\t<\/rs-slides>\n\t\t\t\t<\/rs-module>\n\t\t\t\t<script>\n\t\t\t\t\tsetREVStartSize({c: 'rev_slider_4_1',rl:[1240,1024,778,480],el:[800,768,960,720],gw:[1920,1024,778,480],gh:[800,500,450,300],type:'standard',justify:'',layout:'fullwidth',mh:\"0\"});if (window.RS_MODULES!==undefined && window.RS_MODULES.modules!==undefined && window.RS_MODULES.modules[\"revslider41\"]!==undefined) {window.RS_MODULES.modules[\"revslider41\"].once = false;window.revapi4 = undefined;if (window.RS_MODULES.checkMinimal!==undefined) window.RS_MODULES.checkMinimal()}\n\t\t\t\t<\/script>\n\t\t\t<\/rs-module-wrap>\n\t\t\t<!-- END REVOLUTION SLIDER -->\n<\/div>\n<\/div><\/div>\n<\/div>\n<\/div>\n<\/div>\n<\/div>\n<\/div>\n<div id=\"cmsmasters_row_306f7atajf\" class=\"cmsmasters_row cmsmasters_color_scheme_default rehaflex-sidebar-wrapper cmsmasters_row_top_default cmsmasters_row_bot_default cmsmasters_row_boxed\">\n<div class=\"cmsmasters_row_outer_parent\">\n<div class=\"cmsmasters_row_outer\">\n<div class=\"cmsmasters_row_inner\">\n<div class=\"cmsmasters_row_margin\">\n<div id=\"cmsmasters_column_dzn6i9316c\" class=\"cmsmasters_column two_third rehaflex-content-sidebar\">\n<div class=\"cmsmasters_column_inner\"><div id=\"cmsmasters_heading_lxz71hvgk\" class=\"cmsmasters_heading_wrap cmsmasters_heading_align_left\">\n\t<h2 class=\"cmsmasters_heading\">Ambulante Rehabilitation in unserer Tagesklinik<\/h2>\n<\/div><div id=\"cmsmasters_heading_dgnwnao0j\" class=\"cmsmasters_heading_wrap cmsmasters_heading_align_left\">\n\t<h6 class=\"cmsmasters_heading\">DIE BREITE PALETTE AN BEHANDLUNGEN SOLL IHNEN NACH EINEM UNFALL, EINER ERKRANKUNG ODER EINER OPERATION ERM\u00d6GLICHEN WIEDER GANZ ODER WEITGEHEND BESCHWERDEFREI IN DEN PRIVATEN UND BERUFLICHEN ALLTAG ZUR\u00dcCKZUKEHREN.<\/h6>\n<\/div><div class=\"cmsmasters_text vita-liste\">\n<p><strong>Vorteile einer ambulanten Rehabilitation:<\/strong><\/p>\n<ul>\n<li>ma\u00dfgeschneiderte Therapiezeiten<\/li>\n<li>ganz auf die h\u00e4usliche Situation der Patienten zugeschnitten<\/li>\n<li>F\u00e4higkeiten und Erlerntes aus der Rehabilitation k\u00f6nnen gleich am Abend zu Hause umgesetzt werden<\/li>\n<\/ul>\n<\/div>\n<div id=\"cmsmasters_divider_9x7m51gixs\" class=\"cmsmasters_divider cmsmasters_divider_width_long cmsmasters_divider_pos_center\"><\/div>\n<div id=\"cmsmasters_heading_2b57rb9v\" class=\"cmsmasters_heading_wrap cmsmasters_heading_align_left\">\n\t<h2 class=\"cmsmasters_heading\">WER IST EIGENTLICH ZUST\u00c4NDIG?<\/h2>\n<\/div><div class=\"cmsmasters_text\">\n<ul class=\"ul1\">\n<li class=\"li1\">F\u00fcr Menschen, deren <strong>Erwerbsf\u00e4higkeit gef\u00e4hrdet<\/strong> ist, ist grunds\u00e4tzlich die <strong>Rentenversicherung<\/strong> zust\u00e4ndiger Rehatr\u00e4ger f\u00fcr medizinische Leistungen.<\/li>\n<\/ul>\n<ul class=\"ul1\">\n<li class=\"li1\">Die Tr\u00e4ger der <strong>gesetzlichen Krankenversicherung<\/strong> sind in der Regel zust\u00e4ndig bei Reha<span class=\"s1\">&#8211;<\/span>Leistungen f\u00fcr <strong>Altersrentner<\/strong> sowie f\u00fcr <strong>M\u00fctter und V\u00e4ter<\/strong> (Mutter-Vater<span class=\"s1\">&#8211;<\/span>Kind<span class=\"s2\">&#8211;<\/span>Leistungen)<span class=\"s1\">. <\/span>Sie sind ebenfalls zust\u00e4ndig bei Reha-Leistungen f\u00fcr Eltern. Diese ber\u00fccksichtigen neben der indikationsspezifischen Ausrichtung insbesondere die psychosoziale Problemsituation von M\u00fcttern und V\u00e4tern<span class=\"s1\">, <\/span>die sich aktuell in Erziehungsverantwortung befinden<span class=\"s1\">.<\/span><\/li>\n<\/ul>\n<ul class=\"ul1\">\n<li class=\"li1\">Wenn ein <strong>Arbeits-, Schul<span class=\"s1\">&#8211; <\/span>oder Wegeunfall<\/strong> oder eine Berufskrankheit ma\u00dfgeblich ist, dann erbringt die zust\u00e4ndige <strong>Berufsgenossenschaft<\/strong> oder <strong>Unfallkasse<\/strong> Leistungen<span class=\"s1\">.<\/span><\/li>\n<\/ul>\n<\/div>\n<div id=\"cmsmasters_divider_rka5axr6b\" class=\"cmsmasters_divider cmsmasters_divider_width_long cmsmasters_divider_pos_center\"><\/div>\n<div id=\"cmsmasters_heading_q50wiq1uaf\" class=\"cmsmasters_heading_wrap cmsmasters_heading_align_left\">\n\t<h2 class=\"cmsmasters_heading\">SO KOMMEN SIE ZU IHRER REHABILITATION<\/h2>\n<\/div><div class=\"cmsmasters_toggles toggles_mode_toggle\">\n<div class=\"cmsmasters_toggle_wrap\" data-tags=\"all \">\n<div class=\"cmsmasters_toggle_title\">\n<span class=\"cmsmasters_toggle_plus\">\n<span class=\"cmsmasters_toggle_plus_hor\"><\/span>\n<span class=\"cmsmasters_toggle_plus_vert\"><\/span>\n<\/span>\n<a href=\"#\">ANTRAG \u00dcBER RENTENVERSICHERUNG ODER KRANKENKASSE<\/a>\n<\/div>\n<div class=\"cmsmasters_toggle\">\n<div class=\"cmsmasters_toggle_inner\">\n<p class=\"p1\"><span class=\"s1\">Grund<\/span>s\u00e4tzlich muss ein Antrag auf Leistung zur medizinischen Rehabilitation vom Versicherten gestellt werden<span class=\"s2\">. <\/span>Ihr Haus- oder Facharzt kann Ihnen eine ambulante Rehabilitationsma\u00dfnahme empfehlen und ist sicher gern bereit, die entsprechenden Schritte mit Ihnen einzuleiten<span class=\"s2\">. <\/span>Nach der Genehmigung der Rehabilitationsma\u00dfnahme werden wir mit Ihnen den Aufnahmetermin festlegen<span class=\"s2\">. <\/span>Sie haben das Recht, Ihre Rehabilitationsklinik selbst auszuw\u00e4hlen.<\/p>\n<\/div>\n<\/div>\n<\/div><div class=\"cmsmasters_toggle_wrap\" data-tags=\"all \">\n<div class=\"cmsmasters_toggle_title\">\n<span class=\"cmsmasters_toggle_plus\">\n<span class=\"cmsmasters_toggle_plus_hor\"><\/span>\n<span class=\"cmsmasters_toggle_plus_vert\"><\/span>\n<\/span>\n<a href=\"#\">ANSCHLUSSREHABILITATION (AHB)<\/a>\n<\/div>\n<div class=\"cmsmasters_toggle\">\n<div class=\"cmsmasters_toggle_inner\">\n<p class=\"p1\">Befinden Sie sich zu einer station\u00e4ren Behandlung im Krankenhaus, kann vom Klinikarzt oder vom Sozialdienst eine Anschlussrehabilitation an den zust\u00e4ndigen Kostentr\u00e4ger gestellt werden. Bei einer Anschlussrehabilitation\u00a0durch eine Krankenkasse oder einen Rentenversicherungstr\u00e4ger sprechen wir den Aufnahmetermin mit dem Akutkrankenhaus oder mit dem Kostentr\u00e4ger ab<span class=\"s1\">.<\/span><\/p>\n<\/div>\n<\/div>\n<\/div><div class=\"cmsmasters_toggle_wrap\" data-tags=\"all \">\n<div class=\"cmsmasters_toggle_title\">\n<span class=\"cmsmasters_toggle_plus\">\n<span class=\"cmsmasters_toggle_plus_hor\"><\/span>\n<span class=\"cmsmasters_toggle_plus_vert\"><\/span>\n<\/span>\n<a href=\"#\">BERUFSGENOSSENSCHAFTEN (EAP)<\/a>\n<\/div>\n<div class=\"cmsmasters_toggle\">\n<div class=\"cmsmasters_toggle_inner\">\n<p class=\"p1\">Nach Arbeits-<span class=\"s1\">, <\/span>Wege<span class=\"s1\">&#8211; <\/span>und Schulunf\u00e4llen oder bei Berufserkrankungen wird die ambulante Reha als Erweiterte Ambulante Physiothe<span class=\"s1\">r<\/span>apie (EAP) durchgef\u00fchrt<span class=\"s1\">. <\/span>Die Verordnung erfolgt durch Ihren behandelnden Unfallchirurgen (D-Arzt).<\/p>\n<\/div>\n<\/div>\n<\/div><div class=\"cmsmasters_toggle_wrap\" data-tags=\"all \">\n<div class=\"cmsmasters_toggle_title\">\n<span class=\"cmsmasters_toggle_plus\">\n<span class=\"cmsmasters_toggle_plus_hor\"><\/span>\n<span class=\"cmsmasters_toggle_plus_vert\"><\/span>\n<\/span>\n<a href=\"#\">PRIVATPATIENTEN<\/a>\n<\/div>\n<div class=\"cmsmasters_toggle\">\n<div class=\"cmsmasters_toggle_inner\">\n<p class=\"p1\">Die Aufnahmemodalit\u00e4ten werden direkt mit Ihnen abgesprochen<span class=\"s1\">. <\/span>Kommen Sie zur AHB zu uns, erfolgt die Terminabsprache mit dem Krankenhaus<span class=\"s1\">.<br \/>\n<\/span><span class=\"s1\">Wir unterscheiden zwischen Erweiterte Ambulante Physiotherapie (EAP) und einer Ambulanten Rehabilitation.<br \/>\n<\/span>Da die Abrechnung \u00fcber Sie pers\u00f6nlich erfolgt<span class=\"s2\">, <\/span>sollten Sie vorab die Kosten\u00fcbernahme Ihrer privaten Krankenversicherung und ggf<span class=\"s2\">. <\/span>der Beihilfe einholen<span class=\"s1\">.\u00a0<\/span><\/p>\n<\/div>\n<\/div>\n<\/div><\/div>\n<div id=\"cmsmasters_divider_4rbtgga1fr\" class=\"cmsmasters_divider cmsmasters_divider_width_long cmsmasters_divider_pos_center\"><\/div>\n<div id=\"cmsmasters_heading_iag99gs559\" class=\"cmsmasters_heading_wrap cmsmasters_heading_align_left\">\n\t<h2 class=\"cmsmasters_heading\">ZUWEISUNGSF\u00c4HIGE INDIKATIONEN<\/h2>\n<\/div><div id=\"cmsmasters_heading_ebu214twh\" class=\"cmsmasters_heading_wrap cmsmasters_heading_align_left\">\n\t<h6 class=\"cmsmasters_heading\">GANZT\u00c4GIG AMBULANTE REHABILITATION UND ANSCHLUSSREHABILITATION (AHB)<\/h6>\n<\/div><div class=\"cmsmasters_text\">\n<p class=\"p1\"><strong>Orthop\u00e4dische Indikationen<\/strong><\/p>\n<p class=\"p1\">Verletzungen und Erkrankungen sowie funktionelle St\u00f6rungen und Beeintr\u00e4chtigungen des Haltungs- und Bewegungsapparates z. B.<\/p>\n<ul class=\"ul1\">\n<li class=\"li1\">Knie-, H\u00fcft- und Schulterendoprothesen sowie weitere Gelenke mit prothetischem Ersatz<\/li>\n<li>Hand- und Ellenbogenverletzungen<\/li>\n<li class=\"li1\">Wirbels\u00e4ulenstabilisierung<\/li>\n<li class=\"li1\">Bandscheibensch\u00e4den (konservativ)<\/li>\n<li class=\"li1\">Zustand nach Amputationen<\/li>\n<li class=\"li1\">Zustand nach Schulter-OP<\/li>\n<li class=\"li1\">B\u00e4nderverletzungen<\/li>\n<li class=\"li1\">Kreuzband- und Meniskusl\u00e4sionen<\/li>\n<li class=\"li1\">Achillessehnenruptur<\/li>\n<li class=\"li1\">Zustand nach Bandscheibenoperationen<\/li>\n<li class=\"li1\">funktionelle Beeintr\u00e4chtigungen bei Arthrosen<\/li>\n<li class=\"li1\">chronische Schmerzzust\u00e4nde des St\u00fctz- und Bewegungsapparates<\/li>\n<li class=\"li1\">Frakturen (Knochenbr\u00fcche)<\/li>\n<li class=\"li1\">Zustand nach Sportverletzungen<\/li>\n<\/ul>\n<\/div>\n<\/div><\/div>\n<div id=\"cmsmasters_column_g6w9002sw7\" class=\"cmsmasters_column one_third rehaflex-sidebar\">\n<div class=\"cmsmasters_column_inner\">\n<div class=\"cmsmasters_sidebar sidebar_layout_11\"><aside id=\"nav_menu-5\" class=\"widget widget_nav_menu\"><h3 class=\"widgettitle\">Ambulante Rehabilitation<\/h3><div class=\"menu-reha-flex-ambulante-reha-seiten-navigation-container\"><ul id=\"menu-reha-flex-ambulante-reha-seiten-navigation\" class=\"menu\"><li id=\"menu-item-387\" class=\"menu-item menu-item-type-post_type menu-item-object-page menu-item-387\"><a href=\"https:\/\/reha-flex.de\/saline-rehabilitationsklinik-halle-saale\/ambulante-reha\/warum-eine-tagesklinik\/\">Warum eine Tagesklinik<\/a><\/li>\n<li id=\"menu-item-388\" class=\"menu-item menu-item-type-post_type menu-item-object-page menu-item-388\"><a href=\"https:\/\/reha-flex.de\/saline-rehabilitationsklinik-halle-saale\/ambulante-reha\/aerztliche-leitung\/\">\u00c4rztliche Leitung<\/a><\/li>\n<li id=\"menu-item-389\" class=\"menu-item menu-item-type-post_type menu-item-object-page menu-item-389\"><a href=\"https:\/\/reha-flex.de\/saline-rehabilitationsklinik-halle-saale\/ambulante-reha\/ablauf-ihrer-reha\/\">Ablauf Ihrer Reha<\/a><\/li>\n<\/ul><\/div><\/aside><div class=\"cl\"><\/div>\n<\/div>\n<\/div><\/div>\n<\/div>\n<\/div>\n<\/div>\n<\/div>\n<\/div>\n\n","protected":false},"excerpt":{"rendered":"","protected":false},"author":1,"featured_media":0,"parent":0,"menu_order":200,"comment_status":"closed","ping_status":"closed","template":"","meta":{"footnotes":""},"class_list":["post-18","page","type-page","status-publish","hentry"],"yoast_head":"<!-- This site is optimized with the Yoast SEO plugin v26.9 - https:\/\/yoast.com\/product\/yoast-seo-wordpress\/ -->\n<title>Ambulante Reha - Saline Rehabilitationsklinik Halle (Saale)<\/title>\n<meta name=\"robots\" content=\"index, follow, max-snippet:-1, max-image-preview:large, max-video-preview:-1\" \/>\n<link rel=\"canonical\" href=\"https:\/\/reha-flex.de\/saline-rehabilitationsklinik-halle-saale\/ambulante-reha\/\" \/>\n<meta property=\"og:locale\" content=\"de_DE\" \/>\n<meta property=\"og:type\" content=\"article\" \/>\n<meta property=\"og:title\" content=\"Ambulante Reha - Saline Rehabilitationsklinik Halle (Saale)\" \/>\n<meta property=\"og:url\" content=\"https:\/\/reha-flex.de\/saline-rehabilitationsklinik-halle-saale\/ambulante-reha\/\" \/>\n<meta property=\"og:site_name\" content=\"Saline Rehabilitationsklinik Halle (Saale)\" \/>\n<meta property=\"article:modified_time\" content=\"2021-03-18T11:21:37+00:00\" \/>\n<meta name=\"twitter:card\" content=\"summary_large_image\" \/>\n<meta name=\"twitter:label1\" content=\"Gesch\u00e4tzte Lesezeit\" \/>\n\t<meta name=\"twitter:data1\" content=\"5\u00a0Minuten\" \/>\n<script type=\"application\/ld+json\" class=\"yoast-schema-graph\">{\"@context\":\"https:\/\/schema.org\",\"@graph\":[{\"@type\":\"WebPage\",\"@id\":\"https:\/\/reha-flex.de\/saline-rehabilitationsklinik-halle-saale\/ambulante-reha\/\",\"url\":\"https:\/\/reha-flex.de\/saline-rehabilitationsklinik-halle-saale\/ambulante-reha\/\",\"name\":\"Ambulante Reha - Saline Rehabilitationsklinik Halle (Saale)\",\"isPartOf\":{\"@id\":\"https:\/\/reha-flex.de\/saline-rehabilitationsklinik-halle-saale\/#website\"},\"datePublished\":\"2020-10-06T07:14:54+00:00\",\"dateModified\":\"2021-03-18T11:21:37+00:00\",\"breadcrumb\":{\"@id\":\"https:\/\/reha-flex.de\/saline-rehabilitationsklinik-halle-saale\/ambulante-reha\/#breadcrumb\"},\"inLanguage\":\"de\",\"potentialAction\":[{\"@type\":\"ReadAction\",\"target\":[\"https:\/\/reha-flex.de\/saline-rehabilitationsklinik-halle-saale\/ambulante-reha\/\"]}]},{\"@type\":\"BreadcrumbList\",\"@id\":\"https:\/\/reha-flex.de\/saline-rehabilitationsklinik-halle-saale\/ambulante-reha\/#breadcrumb\",\"itemListElement\":[{\"@type\":\"ListItem\",\"position\":1,\"name\":\"Startseite\",\"item\":\"https:\/\/reha-flex.de\/saline-rehabilitationsklinik-halle-saale\/\"},{\"@type\":\"ListItem\",\"position\":2,\"name\":\"Ambulante Reha\"}]},{\"@type\":\"WebSite\",\"@id\":\"https:\/\/reha-flex.de\/saline-rehabilitationsklinik-halle-saale\/#website\",\"url\":\"https:\/\/reha-flex.de\/saline-rehabilitationsklinik-halle-saale\/\",\"name\":\"Saline Rehabilitationsklinik Halle (Saale)\",\"description\":\"\",\"potentialAction\":[{\"@type\":\"SearchAction\",\"target\":{\"@type\":\"EntryPoint\",\"urlTemplate\":\"https:\/\/reha-flex.de\/saline-rehabilitationsklinik-halle-saale\/?s={search_term_string}\"},\"query-input\":{\"@type\":\"PropertyValueSpecification\",\"valueRequired\":true,\"valueName\":\"search_term_string\"}}],\"inLanguage\":\"de\"}]}<\/script>\n<!-- \/ Yoast SEO plugin. -->","yoast_head_json":{"title":"Ambulante Reha - Saline Rehabilitationsklinik Halle (Saale)","robots":{"index":"index","follow":"follow","max-snippet":"max-snippet:-1","max-image-preview":"max-image-preview:large","max-video-preview":"max-video-preview:-1"},"canonical":"https:\/\/reha-flex.de\/saline-rehabilitationsklinik-halle-saale\/ambulante-reha\/","og_locale":"de_DE","og_type":"article","og_title":"Ambulante Reha - Saline Rehabilitationsklinik Halle (Saale)","og_url":"https:\/\/reha-flex.de\/saline-rehabilitationsklinik-halle-saale\/ambulante-reha\/","og_site_name":"Saline Rehabilitationsklinik Halle (Saale)","article_modified_time":"2021-03-18T11:21:37+00:00","twitter_card":"summary_large_image","twitter_misc":{"Gesch\u00e4tzte Lesezeit":"5\u00a0Minuten"},"schema":{"@context":"https:\/\/schema.org","@graph":[{"@type":"WebPage","@id":"https:\/\/reha-flex.de\/saline-rehabilitationsklinik-halle-saale\/ambulante-reha\/","url":"https:\/\/reha-flex.de\/saline-rehabilitationsklinik-halle-saale\/ambulante-reha\/","name":"Ambulante Reha - Saline Rehabilitationsklinik Halle (Saale)","isPartOf":{"@id":"https:\/\/reha-flex.de\/saline-rehabilitationsklinik-halle-saale\/#website"},"datePublished":"2020-10-06T07:14:54+00:00","dateModified":"2021-03-18T11:21:37+00:00","breadcrumb":{"@id":"https:\/\/reha-flex.de\/saline-rehabilitationsklinik-halle-saale\/ambulante-reha\/#breadcrumb"},"inLanguage":"de","potentialAction":[{"@type":"ReadAction","target":["https:\/\/reha-flex.de\/saline-rehabilitationsklinik-halle-saale\/ambulante-reha\/"]}]},{"@type":"BreadcrumbList","@id":"https:\/\/reha-flex.de\/saline-rehabilitationsklinik-halle-saale\/ambulante-reha\/#breadcrumb","itemListElement":[{"@type":"ListItem","position":1,"name":"Startseite","item":"https:\/\/reha-flex.de\/saline-rehabilitationsklinik-halle-saale\/"},{"@type":"ListItem","position":2,"name":"Ambulante Reha"}]},{"@type":"WebSite","@id":"https:\/\/reha-flex.de\/saline-rehabilitationsklinik-halle-saale\/#website","url":"https:\/\/reha-flex.de\/saline-rehabilitationsklinik-halle-saale\/","name":"Saline Rehabilitationsklinik Halle (Saale)","description":"","potentialAction":[{"@type":"SearchAction","target":{"@type":"EntryPoint","urlTemplate":"https:\/\/reha-flex.de\/saline-rehabilitationsklinik-halle-saale\/?s={search_term_string}"},"query-input":{"@type":"PropertyValueSpecification","valueRequired":true,"valueName":"search_term_string"}}],"inLanguage":"de"}]}},"_links":{"self":[{"href":"https:\/\/reha-flex.de\/saline-rehabilitationsklinik-halle-saale\/wp-json\/wp\/v2\/pages\/18","targetHints":{"allow":["GET"]}}],"collection":[{"href":"https:\/\/reha-flex.de\/saline-rehabilitationsklinik-halle-saale\/wp-json\/wp\/v2\/pages"}],"about":[{"href":"https:\/\/reha-flex.de\/saline-rehabilitationsklinik-halle-saale\/wp-json\/wp\/v2\/types\/page"}],"author":[{"embeddable":true,"href":"https:\/\/reha-flex.de\/saline-rehabilitationsklinik-halle-saale\/wp-json\/wp\/v2\/users\/1"}],"replies":[{"embeddable":true,"href":"https:\/\/reha-flex.de\/saline-rehabilitationsklinik-halle-saale\/wp-json\/wp\/v2\/comments?post=18"}],"version-history":[{"count":55,"href":"https:\/\/reha-flex.de\/saline-rehabilitationsklinik-halle-saale\/wp-json\/wp\/v2\/pages\/18\/revisions"}],"predecessor-version":[{"id":1253,"href":"https:\/\/reha-flex.de\/saline-rehabilitationsklinik-halle-saale\/wp-json\/wp\/v2\/pages\/18\/revisions\/1253"}],"wp:attachment":[{"href":"https:\/\/reha-flex.de\/saline-rehabilitationsklinik-halle-saale\/wp-json\/wp\/v2\/media?parent=18"}],"curies":[{"name":"wp","href":"https:\/\/api.w.org\/{rel}","templated":true}]}}