{"id":380,"date":"2020-11-09T11:41:07","date_gmt":"2020-11-09T10:41:07","guid":{"rendered":"https:\/\/reha-flex.de\/saline-rehabilitationsklinik-halle-saale\/?page_id=380"},"modified":"2025-12-11T18:12:01","modified_gmt":"2025-12-11T17:12:01","slug":"aerztliche-leitung","status":"publish","type":"page","link":"https:\/\/reha-flex.de\/saline-rehabilitationsklinik-halle-saale\/ambulante-reha\/aerztliche-leitung\/","title":{"rendered":"\u00c4rztliche Leitung"},"content":{"rendered":"<div id=\"cmsmasters_row_rspqlgczh\" class=\"cmsmasters_row cmsmasters_color_scheme_default rehaflex-sidebar-wrapper cmsmasters_row_top_default cmsmasters_row_bot_default cmsmasters_row_boxed\">\n<div class=\"cmsmasters_row_outer_parent\">\n<div class=\"cmsmasters_row_outer\">\n<div class=\"cmsmasters_row_inner\">\n<div class=\"cmsmasters_row_margin\">\n<div id=\"cmsmasters_column_d5qkzc3rf\" class=\"cmsmasters_column two_third rehaflex-content-sidebar\">\n<div class=\"cmsmasters_column_inner\"><div id=\"cmsmasters_heading_v56r1hjpfa\" class=\"cmsmasters_heading_wrap cmsmasters_heading_align_left\">\n\t<h2 class=\"cmsmasters_heading\">\u00c4rztliche Leitung<\/h2>\n<\/div><div class=\"cmsmasters_text\">\n<p>Die medizinische Rehabilitation ist vor allem auf die Bew\u00e4ltigung von Krankheits\u00adfolgen gerichtet. Es wird davon ausge\u00adgangen, \u00addass im Rahmen der Akutversor\u00ad\u00adgung (\u00fcber das Krankenhaus oder den niedergelassenen Arzt) Ihr Krankheitsbild um\u00adfassend diagnostiziert wurde und alle \u00adgeeigneten Ma\u00dfnahmen zur Behandlung der Krankheit durchgef\u00fchrt oder zumindest ein\u00adgeleitet worden sind.<br \/>\nDennoch legen die \u00c4rzte der reha FLEX Saline Rehabilita\u00adtionsklinik gro\u00dfen Wert auf eine <strong>fach\u00adspezifische Eingangsuntersuchung<\/strong>, um detailliert die einzelnen Therapien festlegen zu k\u00f6nnen. Wichtig f\u00fcr den Behandlungs\u00aderfolg sind <strong>kontinuierliche \u00e4rztliche Kontrollen<\/strong>. Gleichwohl stehen den \u00c4rzten weitere erg\u00e4nzende diagnostische Ma\u00df\u00adnahmen (Ultra\u00adschall, Labor, EKG usw.) und der konsiliarische Austausch mit kooperierenden medizinischen Einrichtungen (Fach\u00e4rzte, Orthop\u00e4dietechniker, etc.) zur Verf\u00fcgung.<br \/>\nIn den w\u00f6chentlichen Rehabilitanden-Besprechungen werden in R\u00fccksprache mit allen Therapeuten unter Leitung der \u00c4rzte die Behandlungsma\u00dfnahmen dem tat\u00ads\u00e4chlichen Genesungsverlauf angepasst.<\/p>\n<\/div>\n<\/div><\/div>\n<div id=\"cmsmasters_column_xy2h2u6zql\" class=\"cmsmasters_column one_third rehaflex-sidebar\">\n<div class=\"cmsmasters_column_inner\">\n<div class=\"cmsmasters_sidebar sidebar_layout_11\"><aside id=\"nav_menu-5\" class=\"widget widget_nav_menu\"><h3 class=\"widgettitle\">Ambulante Rehabilitation<\/h3><div class=\"menu-reha-flex-ambulante-reha-seiten-navigation-container\"><ul id=\"menu-reha-flex-ambulante-reha-seiten-navigation\" class=\"menu\"><li id=\"menu-item-387\" class=\"menu-item menu-item-type-post_type menu-item-object-page menu-item-387\"><a href=\"https:\/\/reha-flex.de\/saline-rehabilitationsklinik-halle-saale\/ambulante-reha\/warum-eine-tagesklinik\/\">Warum eine Tagesklinik<\/a><\/li>\n<li id=\"menu-item-388\" class=\"menu-item menu-item-type-post_type menu-item-object-page menu-item-388\"><a href=\"https:\/\/reha-flex.de\/saline-rehabilitationsklinik-halle-saale\/ambulante-reha\/aerztliche-leitung\/\">\u00c4rztliche Leitung<\/a><\/li>\n<li id=\"menu-item-389\" class=\"menu-item menu-item-type-post_type menu-item-object-page menu-item-389\"><a href=\"https:\/\/reha-flex.de\/saline-rehabilitationsklinik-halle-saale\/ambulante-reha\/ablauf-ihrer-reha\/\">Ablauf Ihrer Reha<\/a><\/li>\n<\/ul><\/div><\/aside><div class=\"cl\"><\/div>\n<\/div>\n<\/div><\/div>\n<\/div>\n<\/div>\n<\/div>\n<\/div>\n<\/div>\n<div id=\"cmsmasters_row_af1mabk4s\" class=\"cmsmasters_row cmsmasters_color_scheme_default rehaflex-portrait-row cmsmasters_row_top_default cmsmasters_row_bot_default cmsmasters_row_boxed\">\n<div class=\"cmsmasters_row_outer_parent\">\n<div class=\"cmsmasters_row_outer\">\n<div class=\"cmsmasters_row_inner\">\n<div class=\"cmsmasters_row_margin\">\n<div id=\"cmsmasters_column_2toxvw27pr\" class=\"cmsmasters_column one_fourth\">\n<div class=\"cmsmasters_column_inner\"><div class=\"cmsmasters_img  cmsmasters_image_n with_caption\" data-animation=\"fadeInLeft\" data-delay=\"500\"><img decoding=\"async\" src=\"https:\/\/reha-flex.de\/wp-content\/uploads\/sites\/2\/2025\/04\/Holtschke_2025.png\" alt=\"Chefarzt Dr. med. S. Holtschke\" \/><p class=\"cmsmasters_img_caption\">Dr. med. S. Holtschke<\/p><\/div><div class=\"cmsmasters_text vita-liste\" data-animation=\"fadeInLeft\" data-delay=\"400\">\n<ul>\n<li>Chefarzt<\/li>\n<li>Facharzt f\u00fcr Orthop\u00e4die \/ Sozialmedizin \/ Chirotherapie<\/li>\n<li>Facharzt f\u00fcr Physikalische und Rehabilitative Medizin<\/li>\n<\/ul>\n<\/div>\n<\/div><\/div>\n<div id=\"cmsmasters_column_0jkp3rapu5\" class=\"cmsmasters_column one_fourth\">\n<div class=\"cmsmasters_column_inner\"><div class=\"cmsmasters_img  cmsmasters_image_n with_caption\" data-animation=\"fadeInLeft\" data-delay=\"700\"><img decoding=\"async\" src=\"https:\/\/reha-flex.de\/wp-content\/uploads\/sites\/2\/2021\/01\/Klingel_2022.png\" alt=\"O. Klingel\" \/><p class=\"cmsmasters_img_caption\">O. Klingel<\/p><\/div><div class=\"cmsmasters_text vita-liste\" data-animation=\"fadeInLeft\" data-delay=\"400\">\n<ul>\n<li>Oberarzt<\/li>\n<li>Facharzt f\u00fcr Orthop\u00e4die und Unfallchirurgie<\/li>\n<\/ul>\n<\/div>\n<\/div><\/div>\n<div id=\"cmsmasters_column_onw94rn99c\" class=\"cmsmasters_column one_fourth\">\n<div class=\"cmsmasters_column_inner\"><div class=\"cmsmasters_img  cmsmasters_image_n with_caption\" data-animation=\"fadeInLeft\" data-delay=\"400\"><img decoding=\"async\" src=\"https:\/\/reha-flex.de\/wp-content\/uploads\/sites\/2\/2025\/04\/Dr.med_.I.Ryl_.png\" alt=\"Dr. med. I. Ryl\" \/><p class=\"cmsmasters_img_caption\">Dr. med. I. Ryl <\/p><\/div><div class=\"cmsmasters_text vita-liste\" data-animation=\"fadeInLeft\" data-delay=\"400\">\n<ul>\n<li>Fach\u00e4rztin f\u00fcr Orthop\u00e4die und Unfallchirurgie<\/li>\n<\/ul>\n<\/div>\n<\/div><\/div>\n<div id=\"cmsmasters_column_g80zp1wt3n\" class=\"cmsmasters_column one_fourth\">\n<div class=\"cmsmasters_column_inner\"><div class=\"cmsmasters_img  cmsmasters_image_n with_caption\" data-animation=\"fadeInLeft\" data-delay=\"600\"><img decoding=\"async\" src=\"https:\/\/reha-flex.de\/wp-content\/uploads\/sites\/2\/2025\/04\/F.Bach_.png\" alt=\"F. Bach\" \/><p class=\"cmsmasters_img_caption\">F. Bach<\/p><\/div><div class=\"cmsmasters_text vita-liste\" data-animation=\"fadeInLeft\" data-delay=\"400\">\n<ul>\n<li>Fach\u00e4rztin f\u00fcr Physikalische und Rehabilitative Medizin<\/li>\n<\/ul>\n<\/div>\n<\/div><\/div>\n<\/div>\n<\/div>\n<\/div>\n<\/div>\n<\/div>\n\n","protected":false},"excerpt":{"rendered":"","protected":false},"author":1,"featured_media":0,"parent":18,"menu_order":200,"comment_status":"closed","ping_status":"closed","template":"","meta":{"footnotes":""},"class_list":["post-380","page","type-page","status-publish","hentry"],"yoast_head":"<!-- This site is optimized with the Yoast SEO plugin v26.9 - https:\/\/yoast.com\/product\/yoast-seo-wordpress\/ -->\n<title>\u00c4rztliche Leitung - Saline Rehabilitationsklinik Halle (Saale)<\/title>\n<meta name=\"robots\" content=\"index, follow, max-snippet:-1, max-image-preview:large, max-video-preview:-1\" \/>\n<link rel=\"canonical\" href=\"https:\/\/reha-flex.de\/saline-rehabilitationsklinik-halle-saale\/ambulante-reha\/aerztliche-leitung\/\" \/>\n<meta property=\"og:locale\" content=\"de_DE\" \/>\n<meta property=\"og:type\" content=\"article\" \/>\n<meta property=\"og:title\" content=\"\u00c4rztliche Leitung - Saline Rehabilitationsklinik Halle (Saale)\" \/>\n<meta property=\"og:url\" content=\"https:\/\/reha-flex.de\/saline-rehabilitationsklinik-halle-saale\/ambulante-reha\/aerztliche-leitung\/\" \/>\n<meta property=\"og:site_name\" content=\"Saline Rehabilitationsklinik Halle (Saale)\" \/>\n<meta property=\"article:modified_time\" content=\"2025-12-11T17:12:01+00:00\" \/>\n<meta name=\"twitter:card\" content=\"summary_large_image\" \/>\n<meta name=\"twitter:label1\" content=\"Gesch\u00e4tzte Lesezeit\" \/>\n\t<meta name=\"twitter:data1\" content=\"2\u00a0Minuten\" \/>\n<script type=\"application\/ld+json\" class=\"yoast-schema-graph\">{\"@context\":\"https:\/\/schema.org\",\"@graph\":[{\"@type\":\"WebPage\",\"@id\":\"https:\/\/reha-flex.de\/saline-rehabilitationsklinik-halle-saale\/ambulante-reha\/aerztliche-leitung\/\",\"url\":\"https:\/\/reha-flex.de\/saline-rehabilitationsklinik-halle-saale\/ambulante-reha\/aerztliche-leitung\/\",\"name\":\"\u00c4rztliche Leitung - Saline Rehabilitationsklinik Halle (Saale)\",\"isPartOf\":{\"@id\":\"https:\/\/reha-flex.de\/saline-rehabilitationsklinik-halle-saale\/#website\"},\"datePublished\":\"2020-11-09T10:41:07+00:00\",\"dateModified\":\"2025-12-11T17:12:01+00:00\",\"breadcrumb\":{\"@id\":\"https:\/\/reha-flex.de\/saline-rehabilitationsklinik-halle-saale\/ambulante-reha\/aerztliche-leitung\/#breadcrumb\"},\"inLanguage\":\"de\",\"potentialAction\":[{\"@type\":\"ReadAction\",\"target\":[\"https:\/\/reha-flex.de\/saline-rehabilitationsklinik-halle-saale\/ambulante-reha\/aerztliche-leitung\/\"]}]},{\"@type\":\"BreadcrumbList\",\"@id\":\"https:\/\/reha-flex.de\/saline-rehabilitationsklinik-halle-saale\/ambulante-reha\/aerztliche-leitung\/#breadcrumb\",\"itemListElement\":[{\"@type\":\"ListItem\",\"position\":1,\"name\":\"Startseite\",\"item\":\"https:\/\/reha-flex.de\/saline-rehabilitationsklinik-halle-saale\/\"},{\"@type\":\"ListItem\",\"position\":2,\"name\":\"Ambulante Reha\",\"item\":\"https:\/\/reha-flex.de\/saline-rehabilitationsklinik-halle-saale\/ambulante-reha\/\"},{\"@type\":\"ListItem\",\"position\":3,\"name\":\"\u00c4rztliche Leitung\"}]},{\"@type\":\"WebSite\",\"@id\":\"https:\/\/reha-flex.de\/saline-rehabilitationsklinik-halle-saale\/#website\",\"url\":\"https:\/\/reha-flex.de\/saline-rehabilitationsklinik-halle-saale\/\",\"name\":\"Saline Rehabilitationsklinik Halle (Saale)\",\"description\":\"\",\"potentialAction\":[{\"@type\":\"SearchAction\",\"target\":{\"@type\":\"EntryPoint\",\"urlTemplate\":\"https:\/\/reha-flex.de\/saline-rehabilitationsklinik-halle-saale\/?s={search_term_string}\"},\"query-input\":{\"@type\":\"PropertyValueSpecification\",\"valueRequired\":true,\"valueName\":\"search_term_string\"}}],\"inLanguage\":\"de\"}]}<\/script>\n<!-- \/ Yoast SEO plugin. -->","yoast_head_json":{"title":"\u00c4rztliche Leitung - Saline Rehabilitationsklinik Halle (Saale)","robots":{"index":"index","follow":"follow","max-snippet":"max-snippet:-1","max-image-preview":"max-image-preview:large","max-video-preview":"max-video-preview:-1"},"canonical":"https:\/\/reha-flex.de\/saline-rehabilitationsklinik-halle-saale\/ambulante-reha\/aerztliche-leitung\/","og_locale":"de_DE","og_type":"article","og_title":"\u00c4rztliche Leitung - Saline Rehabilitationsklinik Halle (Saale)","og_url":"https:\/\/reha-flex.de\/saline-rehabilitationsklinik-halle-saale\/ambulante-reha\/aerztliche-leitung\/","og_site_name":"Saline Rehabilitationsklinik Halle (Saale)","article_modified_time":"2025-12-11T17:12:01+00:00","twitter_card":"summary_large_image","twitter_misc":{"Gesch\u00e4tzte Lesezeit":"2\u00a0Minuten"},"schema":{"@context":"https:\/\/schema.org","@graph":[{"@type":"WebPage","@id":"https:\/\/reha-flex.de\/saline-rehabilitationsklinik-halle-saale\/ambulante-reha\/aerztliche-leitung\/","url":"https:\/\/reha-flex.de\/saline-rehabilitationsklinik-halle-saale\/ambulante-reha\/aerztliche-leitung\/","name":"\u00c4rztliche Leitung - Saline Rehabilitationsklinik Halle (Saale)","isPartOf":{"@id":"https:\/\/reha-flex.de\/saline-rehabilitationsklinik-halle-saale\/#website"},"datePublished":"2020-11-09T10:41:07+00:00","dateModified":"2025-12-11T17:12:01+00:00","breadcrumb":{"@id":"https:\/\/reha-flex.de\/saline-rehabilitationsklinik-halle-saale\/ambulante-reha\/aerztliche-leitung\/#breadcrumb"},"inLanguage":"de","potentialAction":[{"@type":"ReadAction","target":["https:\/\/reha-flex.de\/saline-rehabilitationsklinik-halle-saale\/ambulante-reha\/aerztliche-leitung\/"]}]},{"@type":"BreadcrumbList","@id":"https:\/\/reha-flex.de\/saline-rehabilitationsklinik-halle-saale\/ambulante-reha\/aerztliche-leitung\/#breadcrumb","itemListElement":[{"@type":"ListItem","position":1,"name":"Startseite","item":"https:\/\/reha-flex.de\/saline-rehabilitationsklinik-halle-saale\/"},{"@type":"ListItem","position":2,"name":"Ambulante Reha","item":"https:\/\/reha-flex.de\/saline-rehabilitationsklinik-halle-saale\/ambulante-reha\/"},{"@type":"ListItem","position":3,"name":"\u00c4rztliche Leitung"}]},{"@type":"WebSite","@id":"https:\/\/reha-flex.de\/saline-rehabilitationsklinik-halle-saale\/#website","url":"https:\/\/reha-flex.de\/saline-rehabilitationsklinik-halle-saale\/","name":"Saline Rehabilitationsklinik Halle (Saale)","description":"","potentialAction":[{"@type":"SearchAction","target":{"@type":"EntryPoint","urlTemplate":"https:\/\/reha-flex.de\/saline-rehabilitationsklinik-halle-saale\/?s={search_term_string}"},"query-input":{"@type":"PropertyValueSpecification","valueRequired":true,"valueName":"search_term_string"}}],"inLanguage":"de"}]}},"_links":{"self":[{"href":"https:\/\/reha-flex.de\/saline-rehabilitationsklinik-halle-saale\/wp-json\/wp\/v2\/pages\/380","targetHints":{"allow":["GET"]}}],"collection":[{"href":"https:\/\/reha-flex.de\/saline-rehabilitationsklinik-halle-saale\/wp-json\/wp\/v2\/pages"}],"about":[{"href":"https:\/\/reha-flex.de\/saline-rehabilitationsklinik-halle-saale\/wp-json\/wp\/v2\/types\/page"}],"author":[{"embeddable":true,"href":"https:\/\/reha-flex.de\/saline-rehabilitationsklinik-halle-saale\/wp-json\/wp\/v2\/users\/1"}],"replies":[{"embeddable":true,"href":"https:\/\/reha-flex.de\/saline-rehabilitationsklinik-halle-saale\/wp-json\/wp\/v2\/comments?post=380"}],"version-history":[{"count":39,"href":"https:\/\/reha-flex.de\/saline-rehabilitationsklinik-halle-saale\/wp-json\/wp\/v2\/pages\/380\/revisions"}],"predecessor-version":[{"id":2130,"href":"https:\/\/reha-flex.de\/saline-rehabilitationsklinik-halle-saale\/wp-json\/wp\/v2\/pages\/380\/revisions\/2130"}],"up":[{"embeddable":true,"href":"https:\/\/reha-flex.de\/saline-rehabilitationsklinik-halle-saale\/wp-json\/wp\/v2\/pages\/18"}],"wp:attachment":[{"href":"https:\/\/reha-flex.de\/saline-rehabilitationsklinik-halle-saale\/wp-json\/wp\/v2\/media?parent=380"}],"curies":[{"name":"wp","href":"https:\/\/api.w.org\/{rel}","templated":true}]}}