{"id":406,"date":"2020-11-09T15:01:00","date_gmt":"2020-11-09T14:01:00","guid":{"rendered":"https:\/\/reha-flex.de\/saline-rehabilitationsklinik-halle-saale\/?page_id=406"},"modified":"2021-03-18T12:15:15","modified_gmt":"2021-03-18T11:15:15","slug":"praxis-fuer-ergotherapie","status":"publish","type":"page","link":"https:\/\/reha-flex.de\/saline-rehabilitationsklinik-halle-saale\/therapieangebote\/praxis-fuer-ergotherapie\/","title":{"rendered":"Praxis f\u00fcr Ergotherapie"},"content":{"rendered":"<div id=\"cmsmasters_row_p16e3dyee9\" class=\"cmsmasters_row cmsmasters_color_scheme_default rehaflex-sidebar-wrapper cmsmasters_row_top_default cmsmasters_row_bot_default cmsmasters_row_boxed\">\n<div class=\"cmsmasters_row_outer_parent\">\n<div class=\"cmsmasters_row_outer\">\n<div class=\"cmsmasters_row_inner\">\n<div class=\"cmsmasters_row_margin\">\n<div id=\"cmsmasters_column_qwyn6o8yjf\" class=\"cmsmasters_column two_third rehaflex-content-sidebar\">\n<div class=\"cmsmasters_column_inner\"><div id=\"cmsmasters_heading_etdbgvcm6m\" class=\"cmsmasters_heading_wrap cmsmasters_heading_align_left\">\n\t<h2 class=\"cmsmasters_heading\">Praxis f\u00fcr Ergotherapie<\/h2>\n<\/div><div class=\"cmsmasters_text\">\n<p>Die Ergotherapie unterst\u00fctzt und begleitet Menschen jeden Alters, die in ihrer Handlungsf\u00e4higkeit eingeschr\u00e4nkt oder von Einschr\u00e4nkung bedroht sind.<\/p>\n<p><strong>G\u00fcltige Heilmittel<\/strong><\/p>\n<ul>\n<li>Motorisch-funktionelle Behandlung (mgl. auch mit zus\u00e4tzl. thermischer Anwendung)<\/li>\n<li>Sensomotorisch-perzeptive Behandlung (mgl. auch mit zus\u00e4tzl. thermischer Anwendung)<\/li>\n<li>Psychisch-funktionelle Behandlung<\/li>\n<li>Hirnleistungstraining<\/li>\n<\/ul>\n<p><strong>Unsere Therapieangebote<\/strong><\/p>\n<ul>\n<li>Bewegungstraining \u2013 z. B. Training der Grob- und Feinmotorik<\/li>\n<li>Koordinations- und Gleichgewichtstraining \u2013z. B. Sturzprophylaxe, propriozeptives Training<\/li>\n<li>Training zur Kr\u00e4ftigung der oberen\/unteren Extremit\u00e4t(en)<\/li>\n<li>Handrehabilitation (vor und nach der OP sowie Narbenbehandlung)<\/li>\n<li>Thermische Anwendungen (W\u00e4rme- und K\u00e4ltetherapie)<\/li>\n<li>Psychisch-funktionelle Therapien \u2013 z. B. Training der sozioemotionalen Kompetenzen und der Arbeitsgrundf\u00e4higkeiten<\/li>\n<li>Angeh\u00f6rigenanleitung (v. a. bei progredienten Erkrankungen wie z. B. Demenz)<\/li>\n<li>Gelenkschutz\/Hilfsmittelberatung<\/li>\n<li>Alltagsschulung\/Alltagsberatung<\/li>\n<li>Behandlung von Kindern \u2013 z. B. bei Konzentrationsst\u00f6rungen, graphomotorische St\u00f6rungen, Wahrnehmungsst\u00f6rungen<\/li>\n<\/ul>\n<\/div>\n<\/div><\/div>\n<div id=\"cmsmasters_column_lmwtjb3fqx\" class=\"cmsmasters_column one_third rehaflex-sidebar\">\n<div class=\"cmsmasters_column_inner\">\n<div class=\"cmsmasters_sidebar sidebar_layout_11\"><aside id=\"nav_menu-6\" class=\"widget widget_nav_menu\"><h3 class=\"widgettitle\">Therapie-Angebote<\/h3><div class=\"menu-reha-flex-therapieangebote-sidebar-container\"><ul id=\"menu-reha-flex-therapieangebote-sidebar\" class=\"menu\"><li id=\"menu-item-455\" class=\"menu-item menu-item-type-post_type menu-item-object-page menu-item-455\"><a href=\"https:\/\/reha-flex.de\/saline-rehabilitationsklinik-halle-saale\/therapieangebote\/praxis-fuer-physiotherapie\/\">Praxis f\u00fcr Physiotherapie<\/a><\/li>\n<li id=\"menu-item-456\" class=\"menu-item menu-item-type-post_type menu-item-object-page menu-item-456\"><a href=\"https:\/\/reha-flex.de\/saline-rehabilitationsklinik-halle-saale\/therapieangebote\/praxis-fuer-ergotherapie\/\">Praxis f\u00fcr Ergotherapie<\/a><\/li>\n<li id=\"menu-item-457\" class=\"menu-item menu-item-type-post_type menu-item-object-page menu-item-457\"><a href=\"https:\/\/reha-flex.de\/saline-rehabilitationsklinik-halle-saale\/therapieangebote\/praxis-fuer-osteopathie\/\">Praxis f\u00fcr Osteopathie<\/a><\/li>\n<li id=\"menu-item-459\" class=\"menu-item menu-item-type-post_type menu-item-object-page menu-item-459\"><a href=\"https:\/\/reha-flex.de\/saline-rehabilitationsklinik-halle-saale\/therapieangebote\/praxis-fuer-orthopaedie\/\">Facharztpraxis f\u00fcr Orthop\u00e4die<\/a><\/li>\n<li id=\"menu-item-458\" class=\"menu-item menu-item-type-post_type menu-item-object-page menu-item-458\"><a href=\"https:\/\/reha-flex.de\/saline-rehabilitationsklinik-halle-saale\/therapieangebote\/ambulante-ernaehrungsberatung\/\">Ambulante Ern\u00e4hrungsberatung<\/a><\/li>\n<li id=\"menu-item-804\" class=\"menu-item menu-item-type-post_type menu-item-object-page menu-item-804\"><a href=\"https:\/\/reha-flex.de\/saline-rehabilitationsklinik-halle-saale\/therapieangebote\/weitere-angebote\/\">Weitere Angebote<\/a><\/li>\n<\/ul><\/div><\/aside><div class=\"cl\"><\/div>\n<\/div>\n<\/div><\/div>\n<\/div>\n<\/div>\n<\/div>\n<\/div>\n<\/div>\n\n","protected":false},"excerpt":{"rendered":"","protected":false},"author":1,"featured_media":0,"parent":24,"menu_order":200,"comment_status":"closed","ping_status":"closed","template":"","meta":{"footnotes":""},"class_list":["post-406","page","type-page","status-publish","hentry"],"yoast_head":"<!-- This site is optimized with the Yoast SEO plugin v26.9 - https:\/\/yoast.com\/product\/yoast-seo-wordpress\/ -->\n<title>Praxis f\u00fcr Ergotherapie - Saline Rehabilitationsklinik Halle (Saale)<\/title>\n<meta name=\"robots\" content=\"index, follow, max-snippet:-1, max-image-preview:large, max-video-preview:-1\" \/>\n<link rel=\"canonical\" href=\"https:\/\/reha-flex.de\/saline-rehabilitationsklinik-halle-saale\/therapieangebote\/praxis-fuer-ergotherapie\/\" \/>\n<meta property=\"og:locale\" content=\"de_DE\" \/>\n<meta property=\"og:type\" content=\"article\" \/>\n<meta property=\"og:title\" content=\"Praxis f\u00fcr Ergotherapie - Saline Rehabilitationsklinik Halle (Saale)\" \/>\n<meta property=\"og:url\" content=\"https:\/\/reha-flex.de\/saline-rehabilitationsklinik-halle-saale\/therapieangebote\/praxis-fuer-ergotherapie\/\" \/>\n<meta property=\"og:site_name\" content=\"Saline Rehabilitationsklinik Halle (Saale)\" \/>\n<meta property=\"article:modified_time\" content=\"2021-03-18T11:15:15+00:00\" \/>\n<meta name=\"twitter:card\" content=\"summary_large_image\" \/>\n<meta name=\"twitter:label1\" content=\"Gesch\u00e4tzte Lesezeit\" \/>\n\t<meta name=\"twitter:data1\" content=\"1\u00a0Minute\" \/>\n<script type=\"application\/ld+json\" class=\"yoast-schema-graph\">{\"@context\":\"https:\/\/schema.org\",\"@graph\":[{\"@type\":\"WebPage\",\"@id\":\"https:\/\/reha-flex.de\/saline-rehabilitationsklinik-halle-saale\/therapieangebote\/praxis-fuer-ergotherapie\/\",\"url\":\"https:\/\/reha-flex.de\/saline-rehabilitationsklinik-halle-saale\/therapieangebote\/praxis-fuer-ergotherapie\/\",\"name\":\"Praxis f\u00fcr Ergotherapie - Saline Rehabilitationsklinik Halle (Saale)\",\"isPartOf\":{\"@id\":\"https:\/\/reha-flex.de\/saline-rehabilitationsklinik-halle-saale\/#website\"},\"datePublished\":\"2020-11-09T14:01:00+00:00\",\"dateModified\":\"2021-03-18T11:15:15+00:00\",\"breadcrumb\":{\"@id\":\"https:\/\/reha-flex.de\/saline-rehabilitationsklinik-halle-saale\/therapieangebote\/praxis-fuer-ergotherapie\/#breadcrumb\"},\"inLanguage\":\"de\",\"potentialAction\":[{\"@type\":\"ReadAction\",\"target\":[\"https:\/\/reha-flex.de\/saline-rehabilitationsklinik-halle-saale\/therapieangebote\/praxis-fuer-ergotherapie\/\"]}]},{\"@type\":\"BreadcrumbList\",\"@id\":\"https:\/\/reha-flex.de\/saline-rehabilitationsklinik-halle-saale\/therapieangebote\/praxis-fuer-ergotherapie\/#breadcrumb\",\"itemListElement\":[{\"@type\":\"ListItem\",\"position\":1,\"name\":\"Startseite\",\"item\":\"https:\/\/reha-flex.de\/saline-rehabilitationsklinik-halle-saale\/\"},{\"@type\":\"ListItem\",\"position\":2,\"name\":\"Therapieangebote\",\"item\":\"https:\/\/reha-flex.de\/saline-rehabilitationsklinik-halle-saale\/therapieangebote\/\"},{\"@type\":\"ListItem\",\"position\":3,\"name\":\"Praxis f\u00fcr Ergotherapie\"}]},{\"@type\":\"WebSite\",\"@id\":\"https:\/\/reha-flex.de\/saline-rehabilitationsklinik-halle-saale\/#website\",\"url\":\"https:\/\/reha-flex.de\/saline-rehabilitationsklinik-halle-saale\/\",\"name\":\"Saline Rehabilitationsklinik Halle (Saale)\",\"description\":\"\",\"potentialAction\":[{\"@type\":\"SearchAction\",\"target\":{\"@type\":\"EntryPoint\",\"urlTemplate\":\"https:\/\/reha-flex.de\/saline-rehabilitationsklinik-halle-saale\/?s={search_term_string}\"},\"query-input\":{\"@type\":\"PropertyValueSpecification\",\"valueRequired\":true,\"valueName\":\"search_term_string\"}}],\"inLanguage\":\"de\"}]}<\/script>\n<!-- \/ Yoast SEO plugin. -->","yoast_head_json":{"title":"Praxis f\u00fcr Ergotherapie - Saline Rehabilitationsklinik Halle (Saale)","robots":{"index":"index","follow":"follow","max-snippet":"max-snippet:-1","max-image-preview":"max-image-preview:large","max-video-preview":"max-video-preview:-1"},"canonical":"https:\/\/reha-flex.de\/saline-rehabilitationsklinik-halle-saale\/therapieangebote\/praxis-fuer-ergotherapie\/","og_locale":"de_DE","og_type":"article","og_title":"Praxis f\u00fcr Ergotherapie - Saline Rehabilitationsklinik Halle (Saale)","og_url":"https:\/\/reha-flex.de\/saline-rehabilitationsklinik-halle-saale\/therapieangebote\/praxis-fuer-ergotherapie\/","og_site_name":"Saline Rehabilitationsklinik Halle (Saale)","article_modified_time":"2021-03-18T11:15:15+00:00","twitter_card":"summary_large_image","twitter_misc":{"Gesch\u00e4tzte Lesezeit":"1\u00a0Minute"},"schema":{"@context":"https:\/\/schema.org","@graph":[{"@type":"WebPage","@id":"https:\/\/reha-flex.de\/saline-rehabilitationsklinik-halle-saale\/therapieangebote\/praxis-fuer-ergotherapie\/","url":"https:\/\/reha-flex.de\/saline-rehabilitationsklinik-halle-saale\/therapieangebote\/praxis-fuer-ergotherapie\/","name":"Praxis f\u00fcr Ergotherapie - Saline Rehabilitationsklinik Halle (Saale)","isPartOf":{"@id":"https:\/\/reha-flex.de\/saline-rehabilitationsklinik-halle-saale\/#website"},"datePublished":"2020-11-09T14:01:00+00:00","dateModified":"2021-03-18T11:15:15+00:00","breadcrumb":{"@id":"https:\/\/reha-flex.de\/saline-rehabilitationsklinik-halle-saale\/therapieangebote\/praxis-fuer-ergotherapie\/#breadcrumb"},"inLanguage":"de","potentialAction":[{"@type":"ReadAction","target":["https:\/\/reha-flex.de\/saline-rehabilitationsklinik-halle-saale\/therapieangebote\/praxis-fuer-ergotherapie\/"]}]},{"@type":"BreadcrumbList","@id":"https:\/\/reha-flex.de\/saline-rehabilitationsklinik-halle-saale\/therapieangebote\/praxis-fuer-ergotherapie\/#breadcrumb","itemListElement":[{"@type":"ListItem","position":1,"name":"Startseite","item":"https:\/\/reha-flex.de\/saline-rehabilitationsklinik-halle-saale\/"},{"@type":"ListItem","position":2,"name":"Therapieangebote","item":"https:\/\/reha-flex.de\/saline-rehabilitationsklinik-halle-saale\/therapieangebote\/"},{"@type":"ListItem","position":3,"name":"Praxis f\u00fcr Ergotherapie"}]},{"@type":"WebSite","@id":"https:\/\/reha-flex.de\/saline-rehabilitationsklinik-halle-saale\/#website","url":"https:\/\/reha-flex.de\/saline-rehabilitationsklinik-halle-saale\/","name":"Saline Rehabilitationsklinik Halle (Saale)","description":"","potentialAction":[{"@type":"SearchAction","target":{"@type":"EntryPoint","urlTemplate":"https:\/\/reha-flex.de\/saline-rehabilitationsklinik-halle-saale\/?s={search_term_string}"},"query-input":{"@type":"PropertyValueSpecification","valueRequired":true,"valueName":"search_term_string"}}],"inLanguage":"de"}]}},"_links":{"self":[{"href":"https:\/\/reha-flex.de\/saline-rehabilitationsklinik-halle-saale\/wp-json\/wp\/v2\/pages\/406","targetHints":{"allow":["GET"]}}],"collection":[{"href":"https:\/\/reha-flex.de\/saline-rehabilitationsklinik-halle-saale\/wp-json\/wp\/v2\/pages"}],"about":[{"href":"https:\/\/reha-flex.de\/saline-rehabilitationsklinik-halle-saale\/wp-json\/wp\/v2\/types\/page"}],"author":[{"embeddable":true,"href":"https:\/\/reha-flex.de\/saline-rehabilitationsklinik-halle-saale\/wp-json\/wp\/v2\/users\/1"}],"replies":[{"embeddable":true,"href":"https:\/\/reha-flex.de\/saline-rehabilitationsklinik-halle-saale\/wp-json\/wp\/v2\/comments?post=406"}],"version-history":[{"count":10,"href":"https:\/\/reha-flex.de\/saline-rehabilitationsklinik-halle-saale\/wp-json\/wp\/v2\/pages\/406\/revisions"}],"predecessor-version":[{"id":1248,"href":"https:\/\/reha-flex.de\/saline-rehabilitationsklinik-halle-saale\/wp-json\/wp\/v2\/pages\/406\/revisions\/1248"}],"up":[{"embeddable":true,"href":"https:\/\/reha-flex.de\/saline-rehabilitationsklinik-halle-saale\/wp-json\/wp\/v2\/pages\/24"}],"wp:attachment":[{"href":"https:\/\/reha-flex.de\/saline-rehabilitationsklinik-halle-saale\/wp-json\/wp\/v2\/media?parent=406"}],"curies":[{"name":"wp","href":"https:\/\/api.w.org\/{rel}","templated":true}]}}