{"id":408,"date":"2020-11-09T15:01:25","date_gmt":"2020-11-09T14:01:25","guid":{"rendered":"https:\/\/reha-flex.de\/saline-rehabilitationsklinik-halle-saale\/?page_id=408"},"modified":"2021-03-18T12:17:14","modified_gmt":"2021-03-18T11:17:14","slug":"praxis-fuer-osteopathie","status":"publish","type":"page","link":"https:\/\/reha-flex.de\/saline-rehabilitationsklinik-halle-saale\/therapieangebote\/praxis-fuer-osteopathie\/","title":{"rendered":"Praxis f\u00fcr Osteopathie"},"content":{"rendered":"<div id=\"cmsmasters_row_idy9j5uige\" class=\"cmsmasters_row cmsmasters_color_scheme_default rehaflex-sidebar-wrapper cmsmasters_row_top_default cmsmasters_row_bot_default cmsmasters_row_boxed\">\n<div class=\"cmsmasters_row_outer_parent\">\n<div class=\"cmsmasters_row_outer\">\n<div class=\"cmsmasters_row_inner\">\n<div class=\"cmsmasters_row_margin\">\n<div id=\"cmsmasters_column_rp5lrx1wx5\" class=\"cmsmasters_column two_third rehaflex-content-sidebar\">\n<div class=\"cmsmasters_column_inner\"><div id=\"cmsmasters_heading_017sslz5nd\" class=\"cmsmasters_heading_wrap cmsmasters_heading_align_left\">\n\t<h2 class=\"cmsmasters_heading\">Praxis f\u00fcr Osteopathie<\/h2>\n<\/div><div id=\"cmsmasters_heading_zngfpponya\" class=\"cmsmasters_heading_wrap cmsmasters_heading_align_left\">\n\t<h6 class=\"cmsmasters_heading\">Osteopathie setzt eine ganzheitliche Betrachtung des Menschen voraus. Durch die konsequente Anwendung der Anatomie wird dem Patienten mit manuellen Behandlungen geholfen, die Selbstheilungskr\u00e4fte seines K\u00f6rpers zu aktivieren.<\/h6>\n<\/div><div class=\"cmsmasters_text lead\">\n<p><strong>Die drei Behandlungsgebiete:<\/strong><\/p>\n<p>&nbsp;<\/p>\n<\/div>\n<div class=\"cmsmasters_tabs tabs_mode_tab\" data-animation=\"fadeIn\" data-delay=\"0\">\n<ul class=\"cmsmasters_tabs_list\">\n<li id=\"cmsmasters_tabs_list_item_4p89bi7ps\" class=\"cmsmasters_tabs_list_item current_tab\">\n<a href=\"#\">\n<span>Parietale Osteopathie:<\/span>\n<\/a>\n<\/li><li id=\"cmsmasters_tabs_list_item_wc9u7lqfz\" class=\"cmsmasters_tabs_list_item\">\n<a href=\"#\">\n<span>Viszerale Osteopathie:<\/span>\n<\/a>\n<\/li><li id=\"cmsmasters_tabs_list_item_dzo135oxz8\" class=\"cmsmasters_tabs_list_item\">\n<a href=\"#\">\n<span>Kraniosakrale Osteopathie:<\/span>\n<\/a>\n<\/li><\/ul>\n<div class=\"cmsmasters_tabs_wrap\">\n<div id=\"cmsmasters_tab_4p89bi7ps\" class=\"cmsmasters_tab active_tab\">\n<div class=\"cmsmasters_tab_inner\">\n<p>Behandlung des Bewegungsapparates mit seinen Knochen, Muskeln, Gelenken, Sehnen, B\u00e4ndern und Faszien bei:<\/p>\n<ul>\n<li>Schmerzen in den Gelenken und am Bewegungsapparat<\/li>\n<li>Bewegungseinschr\u00e4nkungen und Dysfunktionen der Wirbels\u00e4ule und der Gelenke<\/li>\n<li>Haltungssch\u00e4den und Kompensationen<\/li>\n<li>Nachbehandlung von Br\u00fcchen, Operationsnarben oder Unfallfolgen<\/li>\n<\/ul>\n<\/div>\n<\/div><div id=\"cmsmasters_tab_wc9u7lqfz\" class=\"cmsmasters_tab\">\n<div class=\"cmsmasters_tab_inner\">\n<p>Behandlung der inneren Organe, der Blutzirkulation und des Lymphsystems sowie eines Teils des Nervensystems bei:<\/p>\n<ul>\n<li>chronischen Verdauungsbeschwerden<\/li>\n<li>Erkrankungen der Organe, wie z. B. Leber- oder Gallenprobleme<\/li>\n<li>rezidivierender Blasenentz\u00fcndung<\/li>\n<li>chronischer M\u00fcdigkeit<\/li>\n<li>Nachsorge nach Operationen<\/li>\n<li>Zyklusschmerzen<\/li>\n<\/ul>\n<\/div>\n<\/div><div id=\"cmsmasters_tab_dzo135oxz8\" class=\"cmsmasters_tab\">\n<div class=\"cmsmasters_tab_inner\">\n<p>Behandlung des Sch\u00e4dels und des zentralen Nervensystems mit R\u00fcckenmark und Nerven bei:<\/p>\n<ul>\n<li>kraniomandibul\u00e4rer Dysfunktion<\/li>\n<li>Migr\u00e4ne und Spannungskopfschmerzen<\/li>\n<li>akuten und chronischen Schmerzen des Bewegungsapparats<\/li>\n<li>Schleudertrauma<\/li>\n<li>Tinnitus<\/li>\n<li>Schwindelanf\u00e4llen<\/li>\n<li>Depressionen, Stimmungsschwankungen, M\u00fcdigkeit und Schlafst\u00f6rungen<\/li>\n<li>Hormonst\u00f6rungen<\/li>\n<li>Geburtsvorbereitung und -nachsorge<\/li>\n<\/ul>\n<\/div>\n<\/div><\/div>\n<\/div>\n<div id=\"cmsmasters_divider_85sxll363n\" class=\"cl\"><\/div>\n<div class=\"cmsmasters_toggles toggles_mode_toggle\">\n<div class=\"cmsmasters_toggle_wrap\" data-tags=\"all \">\n<div class=\"cmsmasters_toggle_title\">\n<span class=\"cmsmasters_toggle_plus\">\n<span class=\"cmsmasters_toggle_plus_hor\"><\/span>\n<span class=\"cmsmasters_toggle_plus_vert\"><\/span>\n<\/span>\n<a href=\"#\">Indikationen f\u00fcr eine osteopathische Behandlung<\/a>\n<\/div>\n<div class=\"cmsmasters_toggle\">\n<div class=\"cmsmasters_toggle_inner\">\n<p>Da die Untersuchung und Behandlung in der osteopathischen Medizin ganzheitlich erfolgen, gibt es viele m\u00f6gliche Indikationen f\u00fcr eine osteopathische Behandlung.<br \/>\nGrunds\u00e4tzlich sollte dabei aber immer ber\u00fccksichtigt werden, dass die Behandlung sich darauf konzentriert, eine m\u00f6gliche urs\u00e4chliche Dysfunktion zu beseitigen und nicht nur ein Symptom zu behandeln. Aus Sicht der osteopathischen Medizin kann es oft verschiedene Ursachen f\u00fcr eine Krankheit geben. Gleichzeitig kann eine urs\u00e4chliche Dysfunktion in einem Gewebe liegen, das vom eigentlichen Symptom weit entfernt ist.<\/p>\n<p>&nbsp;<\/p>\n<\/div>\n<\/div>\n<\/div><div class=\"cmsmasters_toggle_wrap\" data-tags=\"all \">\n<div class=\"cmsmasters_toggle_title\">\n<span class=\"cmsmasters_toggle_plus\">\n<span class=\"cmsmasters_toggle_plus_hor\"><\/span>\n<span class=\"cmsmasters_toggle_plus_vert\"><\/span>\n<\/span>\n<a href=\"#\">Kosten und Kostenerstattung<\/a>\n<\/div>\n<div class=\"cmsmasters_toggle\">\n<div class=\"cmsmasters_toggle_inner\">\n<p>Das Honorar f\u00fcr die osteopathische Behandlung ist grunds\u00e4tzlich eine Privatzahlerleistung, immer mehr gesetzliche und private Krankenkassen erstatten die Osteopathie teilweise. In jedem Fall sollten Sie vor Beginn einer osteopathischen Behandlung Kontakt zur jeweiligen Krankenkasse aufnehmen und die Frage der Kosten\u00fcbernahme kl\u00e4ren.<br \/>\nDie Therapiezeit mit ausf\u00fchrlicher Anamnese, Untersuchung und Behandlung mit unterschiedlichen osteopathischen Techniken betr\u00e4gt ca. 45 Minuten.<\/p>\n<\/div>\n<\/div>\n<\/div><\/div>\n<\/div><\/div>\n<div id=\"cmsmasters_column_p051518odd\" class=\"cmsmasters_column one_third rehaflex-sidebar\">\n<div class=\"cmsmasters_column_inner\">\n<div class=\"cmsmasters_sidebar sidebar_layout_11\"><aside id=\"nav_menu-6\" class=\"widget widget_nav_menu\"><h3 class=\"widgettitle\">Therapie-Angebote<\/h3><div class=\"menu-reha-flex-therapieangebote-sidebar-container\"><ul id=\"menu-reha-flex-therapieangebote-sidebar\" class=\"menu\"><li id=\"menu-item-455\" class=\"menu-item menu-item-type-post_type menu-item-object-page menu-item-455\"><a href=\"https:\/\/reha-flex.de\/saline-rehabilitationsklinik-halle-saale\/therapieangebote\/praxis-fuer-physiotherapie\/\">Praxis f\u00fcr Physiotherapie<\/a><\/li>\n<li id=\"menu-item-456\" class=\"menu-item menu-item-type-post_type menu-item-object-page menu-item-456\"><a href=\"https:\/\/reha-flex.de\/saline-rehabilitationsklinik-halle-saale\/therapieangebote\/praxis-fuer-ergotherapie\/\">Praxis f\u00fcr Ergotherapie<\/a><\/li>\n<li id=\"menu-item-457\" class=\"menu-item menu-item-type-post_type menu-item-object-page menu-item-457\"><a href=\"https:\/\/reha-flex.de\/saline-rehabilitationsklinik-halle-saale\/therapieangebote\/praxis-fuer-osteopathie\/\">Praxis f\u00fcr Osteopathie<\/a><\/li>\n<li id=\"menu-item-459\" class=\"menu-item menu-item-type-post_type menu-item-object-page menu-item-459\"><a href=\"https:\/\/reha-flex.de\/saline-rehabilitationsklinik-halle-saale\/therapieangebote\/praxis-fuer-orthopaedie\/\">Facharztpraxis f\u00fcr Orthop\u00e4die<\/a><\/li>\n<li id=\"menu-item-458\" class=\"menu-item menu-item-type-post_type menu-item-object-page menu-item-458\"><a href=\"https:\/\/reha-flex.de\/saline-rehabilitationsklinik-halle-saale\/therapieangebote\/ambulante-ernaehrungsberatung\/\">Ambulante Ern\u00e4hrungsberatung<\/a><\/li>\n<li id=\"menu-item-804\" class=\"menu-item menu-item-type-post_type menu-item-object-page menu-item-804\"><a href=\"https:\/\/reha-flex.de\/saline-rehabilitationsklinik-halle-saale\/therapieangebote\/weitere-angebote\/\">Weitere Angebote<\/a><\/li>\n<\/ul><\/div><\/aside><div class=\"cl\"><\/div>\n<\/div>\n<\/div><\/div>\n<\/div>\n<\/div>\n<\/div>\n<\/div>\n<\/div>\n<div id=\"cmsmasters_row_mag6ys0ob4\" class=\"cmsmasters_row cmsmasters_color_scheme_default cmsmasters_row_top_default cmsmasters_row_bot_default cmsmasters_row_boxed\">\n<div class=\"cmsmasters_row_outer_parent\">\n<div class=\"cmsmasters_row_outer\">\n<div class=\"cmsmasters_row_inner\">\n<div class=\"cmsmasters_row_margin\">\n<div id=\"cmsmasters_column_u4s8vgk488\" class=\"cmsmasters_column one_third\">\n<div class=\"cmsmasters_column_inner\"><div class=\"cmsmasters_img  cmsmasters_image_l\" data-animation=\"fadeInLeft\" data-delay=\"300\"><img decoding=\"async\" src=\"https:\/\/reha-flex.de\/wp-content\/uploads\/sites\/2\/2020\/10\/Juergen-Supritz.jpg\" alt=\"J\u00fcrgen Supritz\" \/><\/div>\n<\/div><\/div>\n<div id=\"cmsmasters_column_dv4q0yne9g\" class=\"cmsmasters_column one_third\">\n<div class=\"cmsmasters_column_inner\"><div id=\"cmsmasters_heading_zh7nrytpcg\" class=\"cmsmasters_heading_wrap cmsmasters_heading_align_left\" data-animation=\"fadeIn\" data-delay=\"600\">\n\t<h6 class=\"cmsmasters_heading\">J\u00fcrgen Supritz<\/h6>\n<\/div><div class=\"cmsmasters_text vita-liste\" data-animation=\"fadeIn\" data-delay=\"600\">\n<ul>\n<li>seit 1995 als Physiotherapeut t\u00e4tig<\/li>\n<li>verf\u00fcgt \u00fcber mehrere abgeschlossene Fortbildungen im Bereich der Orthop\u00e4die, Inneren Medizin und Neurologie<\/li>\n<li>absolvierte die Ausbildung zum Osteopathen in einer berufsbegleitenden 5-j\u00e4hrigen Ausbildung an der International Academy of Osteopathy (IAO)<\/li>\n<li>2014 Abschluss mit Diploma in Osteopathy D. O.<\/li>\n<li>ist ordentliches Mitglied im \u201eBundesverband Osteopathie e. V.\u201c (bvo)<\/li>\n<\/ul>\n<\/div>\n<\/div><\/div>\n<div id=\"cmsmasters_column_5ovamezgvg\" class=\"cmsmasters_column one_third\">\n<div class=\"cmsmasters_column_inner\"><\/div><\/div>\n<\/div>\n<\/div>\n<\/div>\n<\/div>\n<\/div>\n\n","protected":false},"excerpt":{"rendered":"","protected":false},"author":1,"featured_media":0,"parent":24,"menu_order":300,"comment_status":"closed","ping_status":"closed","template":"","meta":{"footnotes":""},"class_list":["post-408","page","type-page","status-publish","hentry"],"yoast_head":"<!-- This site is optimized with the Yoast SEO plugin v26.9 - https:\/\/yoast.com\/product\/yoast-seo-wordpress\/ -->\n<title>Praxis f\u00fcr Osteopathie - Saline Rehabilitationsklinik Halle (Saale)<\/title>\n<meta name=\"robots\" content=\"index, follow, max-snippet:-1, max-image-preview:large, max-video-preview:-1\" \/>\n<link rel=\"canonical\" href=\"https:\/\/reha-flex.de\/saline-rehabilitationsklinik-halle-saale\/therapieangebote\/praxis-fuer-osteopathie\/\" \/>\n<meta property=\"og:locale\" content=\"de_DE\" \/>\n<meta property=\"og:type\" content=\"article\" \/>\n<meta property=\"og:title\" content=\"Praxis f\u00fcr Osteopathie - Saline Rehabilitationsklinik Halle (Saale)\" \/>\n<meta property=\"og:url\" content=\"https:\/\/reha-flex.de\/saline-rehabilitationsklinik-halle-saale\/therapieangebote\/praxis-fuer-osteopathie\/\" \/>\n<meta property=\"og:site_name\" content=\"Saline Rehabilitationsklinik Halle (Saale)\" \/>\n<meta property=\"article:modified_time\" content=\"2021-03-18T11:17:14+00:00\" \/>\n<meta name=\"twitter:card\" content=\"summary_large_image\" \/>\n<meta name=\"twitter:label1\" content=\"Gesch\u00e4tzte Lesezeit\" \/>\n\t<meta name=\"twitter:data1\" content=\"4\u00a0Minuten\" \/>\n<script type=\"application\/ld+json\" class=\"yoast-schema-graph\">{\"@context\":\"https:\/\/schema.org\",\"@graph\":[{\"@type\":\"WebPage\",\"@id\":\"https:\/\/reha-flex.de\/saline-rehabilitationsklinik-halle-saale\/therapieangebote\/praxis-fuer-osteopathie\/\",\"url\":\"https:\/\/reha-flex.de\/saline-rehabilitationsklinik-halle-saale\/therapieangebote\/praxis-fuer-osteopathie\/\",\"name\":\"Praxis f\u00fcr Osteopathie - Saline Rehabilitationsklinik Halle (Saale)\",\"isPartOf\":{\"@id\":\"https:\/\/reha-flex.de\/saline-rehabilitationsklinik-halle-saale\/#website\"},\"datePublished\":\"2020-11-09T14:01:25+00:00\",\"dateModified\":\"2021-03-18T11:17:14+00:00\",\"breadcrumb\":{\"@id\":\"https:\/\/reha-flex.de\/saline-rehabilitationsklinik-halle-saale\/therapieangebote\/praxis-fuer-osteopathie\/#breadcrumb\"},\"inLanguage\":\"de\",\"potentialAction\":[{\"@type\":\"ReadAction\",\"target\":[\"https:\/\/reha-flex.de\/saline-rehabilitationsklinik-halle-saale\/therapieangebote\/praxis-fuer-osteopathie\/\"]}]},{\"@type\":\"BreadcrumbList\",\"@id\":\"https:\/\/reha-flex.de\/saline-rehabilitationsklinik-halle-saale\/therapieangebote\/praxis-fuer-osteopathie\/#breadcrumb\",\"itemListElement\":[{\"@type\":\"ListItem\",\"position\":1,\"name\":\"Startseite\",\"item\":\"https:\/\/reha-flex.de\/saline-rehabilitationsklinik-halle-saale\/\"},{\"@type\":\"ListItem\",\"position\":2,\"name\":\"Therapieangebote\",\"item\":\"https:\/\/reha-flex.de\/saline-rehabilitationsklinik-halle-saale\/therapieangebote\/\"},{\"@type\":\"ListItem\",\"position\":3,\"name\":\"Praxis f\u00fcr Osteopathie\"}]},{\"@type\":\"WebSite\",\"@id\":\"https:\/\/reha-flex.de\/saline-rehabilitationsklinik-halle-saale\/#website\",\"url\":\"https:\/\/reha-flex.de\/saline-rehabilitationsklinik-halle-saale\/\",\"name\":\"Saline Rehabilitationsklinik Halle (Saale)\",\"description\":\"\",\"potentialAction\":[{\"@type\":\"SearchAction\",\"target\":{\"@type\":\"EntryPoint\",\"urlTemplate\":\"https:\/\/reha-flex.de\/saline-rehabilitationsklinik-halle-saale\/?s={search_term_string}\"},\"query-input\":{\"@type\":\"PropertyValueSpecification\",\"valueRequired\":true,\"valueName\":\"search_term_string\"}}],\"inLanguage\":\"de\"}]}<\/script>\n<!-- \/ Yoast SEO plugin. -->","yoast_head_json":{"title":"Praxis f\u00fcr Osteopathie - Saline Rehabilitationsklinik Halle (Saale)","robots":{"index":"index","follow":"follow","max-snippet":"max-snippet:-1","max-image-preview":"max-image-preview:large","max-video-preview":"max-video-preview:-1"},"canonical":"https:\/\/reha-flex.de\/saline-rehabilitationsklinik-halle-saale\/therapieangebote\/praxis-fuer-osteopathie\/","og_locale":"de_DE","og_type":"article","og_title":"Praxis f\u00fcr Osteopathie - Saline Rehabilitationsklinik Halle (Saale)","og_url":"https:\/\/reha-flex.de\/saline-rehabilitationsklinik-halle-saale\/therapieangebote\/praxis-fuer-osteopathie\/","og_site_name":"Saline Rehabilitationsklinik Halle (Saale)","article_modified_time":"2021-03-18T11:17:14+00:00","twitter_card":"summary_large_image","twitter_misc":{"Gesch\u00e4tzte Lesezeit":"4\u00a0Minuten"},"schema":{"@context":"https:\/\/schema.org","@graph":[{"@type":"WebPage","@id":"https:\/\/reha-flex.de\/saline-rehabilitationsklinik-halle-saale\/therapieangebote\/praxis-fuer-osteopathie\/","url":"https:\/\/reha-flex.de\/saline-rehabilitationsklinik-halle-saale\/therapieangebote\/praxis-fuer-osteopathie\/","name":"Praxis f\u00fcr Osteopathie - Saline Rehabilitationsklinik Halle (Saale)","isPartOf":{"@id":"https:\/\/reha-flex.de\/saline-rehabilitationsklinik-halle-saale\/#website"},"datePublished":"2020-11-09T14:01:25+00:00","dateModified":"2021-03-18T11:17:14+00:00","breadcrumb":{"@id":"https:\/\/reha-flex.de\/saline-rehabilitationsklinik-halle-saale\/therapieangebote\/praxis-fuer-osteopathie\/#breadcrumb"},"inLanguage":"de","potentialAction":[{"@type":"ReadAction","target":["https:\/\/reha-flex.de\/saline-rehabilitationsklinik-halle-saale\/therapieangebote\/praxis-fuer-osteopathie\/"]}]},{"@type":"BreadcrumbList","@id":"https:\/\/reha-flex.de\/saline-rehabilitationsklinik-halle-saale\/therapieangebote\/praxis-fuer-osteopathie\/#breadcrumb","itemListElement":[{"@type":"ListItem","position":1,"name":"Startseite","item":"https:\/\/reha-flex.de\/saline-rehabilitationsklinik-halle-saale\/"},{"@type":"ListItem","position":2,"name":"Therapieangebote","item":"https:\/\/reha-flex.de\/saline-rehabilitationsklinik-halle-saale\/therapieangebote\/"},{"@type":"ListItem","position":3,"name":"Praxis f\u00fcr Osteopathie"}]},{"@type":"WebSite","@id":"https:\/\/reha-flex.de\/saline-rehabilitationsklinik-halle-saale\/#website","url":"https:\/\/reha-flex.de\/saline-rehabilitationsklinik-halle-saale\/","name":"Saline Rehabilitationsklinik Halle (Saale)","description":"","potentialAction":[{"@type":"SearchAction","target":{"@type":"EntryPoint","urlTemplate":"https:\/\/reha-flex.de\/saline-rehabilitationsklinik-halle-saale\/?s={search_term_string}"},"query-input":{"@type":"PropertyValueSpecification","valueRequired":true,"valueName":"search_term_string"}}],"inLanguage":"de"}]}},"_links":{"self":[{"href":"https:\/\/reha-flex.de\/saline-rehabilitationsklinik-halle-saale\/wp-json\/wp\/v2\/pages\/408","targetHints":{"allow":["GET"]}}],"collection":[{"href":"https:\/\/reha-flex.de\/saline-rehabilitationsklinik-halle-saale\/wp-json\/wp\/v2\/pages"}],"about":[{"href":"https:\/\/reha-flex.de\/saline-rehabilitationsklinik-halle-saale\/wp-json\/wp\/v2\/types\/page"}],"author":[{"embeddable":true,"href":"https:\/\/reha-flex.de\/saline-rehabilitationsklinik-halle-saale\/wp-json\/wp\/v2\/users\/1"}],"replies":[{"embeddable":true,"href":"https:\/\/reha-flex.de\/saline-rehabilitationsklinik-halle-saale\/wp-json\/wp\/v2\/comments?post=408"}],"version-history":[{"count":29,"href":"https:\/\/reha-flex.de\/saline-rehabilitationsklinik-halle-saale\/wp-json\/wp\/v2\/pages\/408\/revisions"}],"predecessor-version":[{"id":1250,"href":"https:\/\/reha-flex.de\/saline-rehabilitationsklinik-halle-saale\/wp-json\/wp\/v2\/pages\/408\/revisions\/1250"}],"up":[{"embeddable":true,"href":"https:\/\/reha-flex.de\/saline-rehabilitationsklinik-halle-saale\/wp-json\/wp\/v2\/pages\/24"}],"wp:attachment":[{"href":"https:\/\/reha-flex.de\/saline-rehabilitationsklinik-halle-saale\/wp-json\/wp\/v2\/media?parent=408"}],"curies":[{"name":"wp","href":"https:\/\/api.w.org\/{rel}","templated":true}]}}