{"id":443,"date":"2020-11-16T09:50:00","date_gmt":"2020-11-16T08:50:00","guid":{"rendered":"https:\/\/reha-flex.de\/saline-rehabilitationsklinik-halle-saale\/?page_id=443"},"modified":"2021-03-18T12:18:55","modified_gmt":"2021-03-18T11:18:55","slug":"ambulante-ernaehrungsberatung","status":"publish","type":"page","link":"https:\/\/reha-flex.de\/saline-rehabilitationsklinik-halle-saale\/therapieangebote\/ambulante-ernaehrungsberatung\/","title":{"rendered":"Ambulante Ern\u00e4hrungsberatung"},"content":{"rendered":"<div id=\"cmsmasters_row_dpntm2feqq\" class=\"cmsmasters_row cmsmasters_color_scheme_default rehaflex-sidebar-wrapper cmsmasters_row_top_default cmsmasters_row_bot_default cmsmasters_row_boxed\">\n<div class=\"cmsmasters_row_outer_parent\">\n<div class=\"cmsmasters_row_outer\">\n<div class=\"cmsmasters_row_inner\">\n<div class=\"cmsmasters_row_margin\">\n<div id=\"cmsmasters_column_anov0rw08u\" class=\"cmsmasters_column two_third rehaflex-content-sidebar\">\n<div class=\"cmsmasters_column_inner\"><div id=\"cmsmasters_heading_vg9dnttqpx\" class=\"cmsmasters_heading_wrap cmsmasters_heading_align_left\">\n\t<h2 class=\"cmsmasters_heading\">Ambulante Ern\u00e4hrungsberatung<\/h2>\n<\/div><div class=\"cmsmasters_text\">\n<p>Eine ausgewogene Ern\u00e4hrung steigert nicht nur Ihre Gesundheit, sondern kann Krankheiten vorbeugen oder deren Verschlimmerung verhindern. Bei reha FLEX arbeiten zwei staatlich anerkannte Di\u00e4tassis\u00adten\u00adtInnen, welche \u00fcber alle fachlichen und pers\u00f6nlichen Voraussetzungen zur Durchf\u00fchrung der ambulanten Ern\u00e4hrungsberatung und Di\u00e4ttherapie verf\u00fcgen.<\/p>\n<\/div>\n<div id=\"cmsmasters_divider_r7c45wfxu8\" class=\"cl\"><\/div>\n<div class=\"cmsmasters_toggles toggles_mode_toggle\">\n<div class=\"cmsmasters_toggle_wrap\" data-tags=\"all \">\n<div class=\"cmsmasters_toggle_title\">\n<span class=\"cmsmasters_toggle_plus\">\n<span class=\"cmsmasters_toggle_plus_hor\"><\/span>\n<span class=\"cmsmasters_toggle_plus_vert\"><\/span>\n<\/span>\n<a href=\"#\"> \u00dcbernimmt die Krankenkasse die Kosten f\u00fcr die Behandlung?<\/a>\n<\/div>\n<div class=\"cmsmasters_toggle\">\n<div class=\"cmsmasters_toggle_inner\">\n<p>Eine Kosten\u00fcbernahme durch die Krankenkasse ist nur m\u00f6glich, wenn die Ern\u00e4hrungstherapie durch den behandelnden Haus- oder Facharzt auf einem formlosen Schreiben oder Rezept verordnet wurde. Mit der \u00e4rztlichen Verordnung und einem Kostenvoranschlag von reha FLEX \u00fcber die geplanten Leistungen kann eine Kosten\u00ad\u00fcbernahme bei der Krankenkasse \u2013 vor Beginn der Ma\u00dfnahme \u2013 erfragt werden. In den meisten F\u00e4llen wird dies auch gew\u00e4hrt, in seltenen F\u00e4llen verlangt die Kasse jedoch noch ein Schulungskonzept von der behandelnden Stelle, welches Sie dann \u00fcber uns beziehen k\u00f6nnen.<\/p>\n<\/div>\n<\/div>\n<\/div><div class=\"cmsmasters_toggle_wrap\" data-tags=\"all \">\n<div class=\"cmsmasters_toggle_title\">\n<span class=\"cmsmasters_toggle_plus\">\n<span class=\"cmsmasters_toggle_plus_hor\"><\/span>\n<span class=\"cmsmasters_toggle_plus_vert\"><\/span>\n<\/span>\n<a href=\"#\">Wie hoch ist der Beitrag zur Behandlung durch meine Krankenkasse?<\/a>\n<\/div>\n<div class=\"cmsmasters_toggle\">\n<div class=\"cmsmasters_toggle_inner\">\n<p>In der Regel werden die Kosten anteilig zu etwa 80 % \u00fcbernommen, meist werden 5 Termine \u00e0 30 Minuten verordnet.<br \/>\nDie begleitende BIA-Messung (bioelektrische Impedanz\u00adanalyse \u2013 K\u00f6rperfettmessung) ist im Rahmen der Ern\u00e4hrungsberatung m\u00f6glich. Die Kosten k\u00f6nnen Sie vor Ort erfragen.<\/p>\n<\/div>\n<\/div>\n<\/div><div class=\"cmsmasters_toggle_wrap\" data-tags=\"all \">\n<div class=\"cmsmasters_toggle_title\">\n<span class=\"cmsmasters_toggle_plus\">\n<span class=\"cmsmasters_toggle_plus_hor\"><\/span>\n<span class=\"cmsmasters_toggle_plus_vert\"><\/span>\n<\/span>\n<a href=\"#\"> Geeignete Indikationen<\/a>\n<\/div>\n<div class=\"cmsmasters_toggle\">\n<div class=\"cmsmasters_toggle_inner\">\n<p><strong>Ern\u00e4hrungstherapie (Verordnungsf\u00e4hig, \u00a7 43 Abs. 1 Nr. 2 SGB V):<\/strong><br \/>\n\u2022 Adipositas (Kinder, Jugendliche, Erwachsene)<br \/>\n\u2022 Diabetes mellitus Typ 1 und 2<br \/>\n\u2022 Bluthochdruck\/Hypertonie<br \/>\n\u2022 Fettstoffwechselst\u00f6rungen<br \/>\n\u2022 Herz-Kreislauf-Erkrankungen<br \/>\n\u2022 Rheumatische Erkrankungen<br \/>\n\u2022 Hyperurik\u00e4mie und Gicht<br \/>\n\u2022 Bauchspeicheldr\u00fcsenerkrankungen<br \/>\n\u2022 Nahrungsmittelallergien und \u2013intoleranzen<br \/>\n\u2022 Z\u00f6liakie\/Sprue<br \/>\n\u2022 Hauterkrankungen (Psoriasis, Neurodermitis, Urtikaria\/Nesselsucht)<br \/>\n\u2022 Mund-, Magen- und Darmerkrankungen, inkl. Zustand nach Operation<br \/>\n\u2022 Reizdarmsyndrom<br \/>\n\u2022 Chronisch entz\u00fcndliche Darmerkrankungen (Colitis Ulcerosa und Morbus Crohn)<br \/>\n\u2022 Leber- und Gallenblasenerkrankungen<br \/>\n\u2022 Nierenerkrankungen\/Ern\u00e4hrung bei Dialyse<br \/>\n\u2022 Osteoporose<br \/>\n\u2022 Krebs\/Ern\u00e4hrung bei onkologischen Erkrankungen<br \/>\n\u2022 Mangelern\u00e4hrung<\/p>\n<\/div>\n<\/div>\n<\/div><\/div>\n<\/div><\/div>\n<div id=\"cmsmasters_column_fnhnwmsbjd\" class=\"cmsmasters_column one_third rehaflex-sidebar\">\n<div class=\"cmsmasters_column_inner\">\n<div class=\"cmsmasters_sidebar sidebar_layout_11\"><aside id=\"nav_menu-6\" class=\"widget widget_nav_menu\"><h3 class=\"widgettitle\">Therapie-Angebote<\/h3><div class=\"menu-reha-flex-therapieangebote-sidebar-container\"><ul id=\"menu-reha-flex-therapieangebote-sidebar\" class=\"menu\"><li id=\"menu-item-455\" class=\"menu-item menu-item-type-post_type menu-item-object-page menu-item-455\"><a href=\"https:\/\/reha-flex.de\/saline-rehabilitationsklinik-halle-saale\/therapieangebote\/praxis-fuer-physiotherapie\/\">Praxis f\u00fcr Physiotherapie<\/a><\/li>\n<li id=\"menu-item-456\" class=\"menu-item menu-item-type-post_type menu-item-object-page menu-item-456\"><a href=\"https:\/\/reha-flex.de\/saline-rehabilitationsklinik-halle-saale\/therapieangebote\/praxis-fuer-ergotherapie\/\">Praxis f\u00fcr Ergotherapie<\/a><\/li>\n<li id=\"menu-item-457\" class=\"menu-item menu-item-type-post_type menu-item-object-page menu-item-457\"><a href=\"https:\/\/reha-flex.de\/saline-rehabilitationsklinik-halle-saale\/therapieangebote\/praxis-fuer-osteopathie\/\">Praxis f\u00fcr Osteopathie<\/a><\/li>\n<li id=\"menu-item-459\" class=\"menu-item menu-item-type-post_type menu-item-object-page menu-item-459\"><a href=\"https:\/\/reha-flex.de\/saline-rehabilitationsklinik-halle-saale\/therapieangebote\/praxis-fuer-orthopaedie\/\">Facharztpraxis f\u00fcr Orthop\u00e4die<\/a><\/li>\n<li id=\"menu-item-458\" class=\"menu-item menu-item-type-post_type menu-item-object-page menu-item-458\"><a href=\"https:\/\/reha-flex.de\/saline-rehabilitationsklinik-halle-saale\/therapieangebote\/ambulante-ernaehrungsberatung\/\">Ambulante Ern\u00e4hrungsberatung<\/a><\/li>\n<li id=\"menu-item-804\" class=\"menu-item menu-item-type-post_type menu-item-object-page menu-item-804\"><a href=\"https:\/\/reha-flex.de\/saline-rehabilitationsklinik-halle-saale\/therapieangebote\/weitere-angebote\/\">Weitere Angebote<\/a><\/li>\n<\/ul><\/div><\/aside><div class=\"cl\"><\/div>\n<\/div>\n<\/div><\/div>\n<\/div>\n<\/div>\n<\/div>\n<\/div>\n<\/div>\n\n","protected":false},"excerpt":{"rendered":"","protected":false},"author":2,"featured_media":0,"parent":24,"menu_order":400,"comment_status":"closed","ping_status":"closed","template":"","meta":{"footnotes":""},"class_list":["post-443","page","type-page","status-publish","hentry"],"yoast_head":"<!-- This site is optimized with the Yoast SEO plugin v26.9 - https:\/\/yoast.com\/product\/yoast-seo-wordpress\/ -->\n<title>Ambulante Ern\u00e4hrungsberatung - Saline Rehabilitationsklinik Halle (Saale)<\/title>\n<meta name=\"robots\" content=\"index, follow, max-snippet:-1, max-image-preview:large, max-video-preview:-1\" \/>\n<link rel=\"canonical\" href=\"https:\/\/reha-flex.de\/saline-rehabilitationsklinik-halle-saale\/therapieangebote\/ambulante-ernaehrungsberatung\/\" \/>\n<meta property=\"og:locale\" content=\"de_DE\" \/>\n<meta property=\"og:type\" content=\"article\" \/>\n<meta property=\"og:title\" content=\"Ambulante Ern\u00e4hrungsberatung - Saline Rehabilitationsklinik Halle (Saale)\" \/>\n<meta property=\"og:url\" content=\"https:\/\/reha-flex.de\/saline-rehabilitationsklinik-halle-saale\/therapieangebote\/ambulante-ernaehrungsberatung\/\" \/>\n<meta property=\"og:site_name\" content=\"Saline Rehabilitationsklinik Halle (Saale)\" \/>\n<meta property=\"article:modified_time\" content=\"2021-03-18T11:18:55+00:00\" \/>\n<meta name=\"twitter:card\" content=\"summary_large_image\" \/>\n<meta name=\"twitter:label1\" content=\"Gesch\u00e4tzte Lesezeit\" \/>\n\t<meta name=\"twitter:data1\" content=\"2\u00a0Minuten\" \/>\n<script type=\"application\/ld+json\" class=\"yoast-schema-graph\">{\"@context\":\"https:\/\/schema.org\",\"@graph\":[{\"@type\":\"WebPage\",\"@id\":\"https:\/\/reha-flex.de\/saline-rehabilitationsklinik-halle-saale\/therapieangebote\/ambulante-ernaehrungsberatung\/\",\"url\":\"https:\/\/reha-flex.de\/saline-rehabilitationsklinik-halle-saale\/therapieangebote\/ambulante-ernaehrungsberatung\/\",\"name\":\"Ambulante Ern\u00e4hrungsberatung - Saline Rehabilitationsklinik Halle (Saale)\",\"isPartOf\":{\"@id\":\"https:\/\/reha-flex.de\/saline-rehabilitationsklinik-halle-saale\/#website\"},\"datePublished\":\"2020-11-16T08:50:00+00:00\",\"dateModified\":\"2021-03-18T11:18:55+00:00\",\"breadcrumb\":{\"@id\":\"https:\/\/reha-flex.de\/saline-rehabilitationsklinik-halle-saale\/therapieangebote\/ambulante-ernaehrungsberatung\/#breadcrumb\"},\"inLanguage\":\"de\",\"potentialAction\":[{\"@type\":\"ReadAction\",\"target\":[\"https:\/\/reha-flex.de\/saline-rehabilitationsklinik-halle-saale\/therapieangebote\/ambulante-ernaehrungsberatung\/\"]}]},{\"@type\":\"BreadcrumbList\",\"@id\":\"https:\/\/reha-flex.de\/saline-rehabilitationsklinik-halle-saale\/therapieangebote\/ambulante-ernaehrungsberatung\/#breadcrumb\",\"itemListElement\":[{\"@type\":\"ListItem\",\"position\":1,\"name\":\"Startseite\",\"item\":\"https:\/\/reha-flex.de\/saline-rehabilitationsklinik-halle-saale\/\"},{\"@type\":\"ListItem\",\"position\":2,\"name\":\"Therapieangebote\",\"item\":\"https:\/\/reha-flex.de\/saline-rehabilitationsklinik-halle-saale\/therapieangebote\/\"},{\"@type\":\"ListItem\",\"position\":3,\"name\":\"Ambulante Ern\u00e4hrungsberatung\"}]},{\"@type\":\"WebSite\",\"@id\":\"https:\/\/reha-flex.de\/saline-rehabilitationsklinik-halle-saale\/#website\",\"url\":\"https:\/\/reha-flex.de\/saline-rehabilitationsklinik-halle-saale\/\",\"name\":\"Saline Rehabilitationsklinik Halle (Saale)\",\"description\":\"\",\"potentialAction\":[{\"@type\":\"SearchAction\",\"target\":{\"@type\":\"EntryPoint\",\"urlTemplate\":\"https:\/\/reha-flex.de\/saline-rehabilitationsklinik-halle-saale\/?s={search_term_string}\"},\"query-input\":{\"@type\":\"PropertyValueSpecification\",\"valueRequired\":true,\"valueName\":\"search_term_string\"}}],\"inLanguage\":\"de\"}]}<\/script>\n<!-- \/ Yoast SEO plugin. -->","yoast_head_json":{"title":"Ambulante Ern\u00e4hrungsberatung - Saline Rehabilitationsklinik Halle (Saale)","robots":{"index":"index","follow":"follow","max-snippet":"max-snippet:-1","max-image-preview":"max-image-preview:large","max-video-preview":"max-video-preview:-1"},"canonical":"https:\/\/reha-flex.de\/saline-rehabilitationsklinik-halle-saale\/therapieangebote\/ambulante-ernaehrungsberatung\/","og_locale":"de_DE","og_type":"article","og_title":"Ambulante Ern\u00e4hrungsberatung - Saline Rehabilitationsklinik Halle (Saale)","og_url":"https:\/\/reha-flex.de\/saline-rehabilitationsklinik-halle-saale\/therapieangebote\/ambulante-ernaehrungsberatung\/","og_site_name":"Saline Rehabilitationsklinik Halle (Saale)","article_modified_time":"2021-03-18T11:18:55+00:00","twitter_card":"summary_large_image","twitter_misc":{"Gesch\u00e4tzte Lesezeit":"2\u00a0Minuten"},"schema":{"@context":"https:\/\/schema.org","@graph":[{"@type":"WebPage","@id":"https:\/\/reha-flex.de\/saline-rehabilitationsklinik-halle-saale\/therapieangebote\/ambulante-ernaehrungsberatung\/","url":"https:\/\/reha-flex.de\/saline-rehabilitationsklinik-halle-saale\/therapieangebote\/ambulante-ernaehrungsberatung\/","name":"Ambulante Ern\u00e4hrungsberatung - Saline Rehabilitationsklinik Halle (Saale)","isPartOf":{"@id":"https:\/\/reha-flex.de\/saline-rehabilitationsklinik-halle-saale\/#website"},"datePublished":"2020-11-16T08:50:00+00:00","dateModified":"2021-03-18T11:18:55+00:00","breadcrumb":{"@id":"https:\/\/reha-flex.de\/saline-rehabilitationsklinik-halle-saale\/therapieangebote\/ambulante-ernaehrungsberatung\/#breadcrumb"},"inLanguage":"de","potentialAction":[{"@type":"ReadAction","target":["https:\/\/reha-flex.de\/saline-rehabilitationsklinik-halle-saale\/therapieangebote\/ambulante-ernaehrungsberatung\/"]}]},{"@type":"BreadcrumbList","@id":"https:\/\/reha-flex.de\/saline-rehabilitationsklinik-halle-saale\/therapieangebote\/ambulante-ernaehrungsberatung\/#breadcrumb","itemListElement":[{"@type":"ListItem","position":1,"name":"Startseite","item":"https:\/\/reha-flex.de\/saline-rehabilitationsklinik-halle-saale\/"},{"@type":"ListItem","position":2,"name":"Therapieangebote","item":"https:\/\/reha-flex.de\/saline-rehabilitationsklinik-halle-saale\/therapieangebote\/"},{"@type":"ListItem","position":3,"name":"Ambulante Ern\u00e4hrungsberatung"}]},{"@type":"WebSite","@id":"https:\/\/reha-flex.de\/saline-rehabilitationsklinik-halle-saale\/#website","url":"https:\/\/reha-flex.de\/saline-rehabilitationsklinik-halle-saale\/","name":"Saline Rehabilitationsklinik Halle (Saale)","description":"","potentialAction":[{"@type":"SearchAction","target":{"@type":"EntryPoint","urlTemplate":"https:\/\/reha-flex.de\/saline-rehabilitationsklinik-halle-saale\/?s={search_term_string}"},"query-input":{"@type":"PropertyValueSpecification","valueRequired":true,"valueName":"search_term_string"}}],"inLanguage":"de"}]}},"_links":{"self":[{"href":"https:\/\/reha-flex.de\/saline-rehabilitationsklinik-halle-saale\/wp-json\/wp\/v2\/pages\/443","targetHints":{"allow":["GET"]}}],"collection":[{"href":"https:\/\/reha-flex.de\/saline-rehabilitationsklinik-halle-saale\/wp-json\/wp\/v2\/pages"}],"about":[{"href":"https:\/\/reha-flex.de\/saline-rehabilitationsklinik-halle-saale\/wp-json\/wp\/v2\/types\/page"}],"author":[{"embeddable":true,"href":"https:\/\/reha-flex.de\/saline-rehabilitationsklinik-halle-saale\/wp-json\/wp\/v2\/users\/2"}],"replies":[{"embeddable":true,"href":"https:\/\/reha-flex.de\/saline-rehabilitationsklinik-halle-saale\/wp-json\/wp\/v2\/comments?post=443"}],"version-history":[{"count":13,"href":"https:\/\/reha-flex.de\/saline-rehabilitationsklinik-halle-saale\/wp-json\/wp\/v2\/pages\/443\/revisions"}],"predecessor-version":[{"id":1252,"href":"https:\/\/reha-flex.de\/saline-rehabilitationsklinik-halle-saale\/wp-json\/wp\/v2\/pages\/443\/revisions\/1252"}],"up":[{"embeddable":true,"href":"https:\/\/reha-flex.de\/saline-rehabilitationsklinik-halle-saale\/wp-json\/wp\/v2\/pages\/24"}],"wp:attachment":[{"href":"https:\/\/reha-flex.de\/saline-rehabilitationsklinik-halle-saale\/wp-json\/wp\/v2\/media?parent=443"}],"curies":[{"name":"wp","href":"https:\/\/api.w.org\/{rel}","templated":true}]}}