{"id":472,"date":"2020-11-17T14:51:55","date_gmt":"2020-11-17T13:51:55","guid":{"rendered":"https:\/\/reha-flex.de\/saline-rehabilitationsklinik-halle-saale\/?page_id=472"},"modified":"2025-12-11T18:09:40","modified_gmt":"2025-12-11T17:09:40","slug":"historie","status":"publish","type":"page","link":"https:\/\/reha-flex.de\/saline-rehabilitationsklinik-halle-saale\/unsere-klinik\/historie\/","title":{"rendered":"Historie"},"content":{"rendered":"<div id=\"cmsmasters_row_okpqo46lkg\" class=\"cmsmasters_row cmsmasters_color_scheme_default rehaflex-sidebar-wrapper cmsmasters_row_top_default cmsmasters_row_bot_default cmsmasters_row_boxed\">\n<div class=\"cmsmasters_row_outer_parent\">\n<div class=\"cmsmasters_row_outer\">\n<div class=\"cmsmasters_row_inner\">\n<div class=\"cmsmasters_row_margin\">\n<div id=\"cmsmasters_column_vii3471qy8\" class=\"cmsmasters_column two_third rehaflex-content-sidebar\">\n<div class=\"cmsmasters_column_inner\"><div id=\"cmsmasters_heading_gb0w2h48fr\" class=\"cmsmasters_heading_wrap cmsmasters_heading_align_left\">\n\t<h2 class=\"cmsmasters_heading\">Historie<\/h2>\n<\/div><div class=\"cmsmasters_text\">\n<p>Die Erfolgsgeschichte der reha FLEX Reha-Klinik begann bereits im Jahre 1994. Damals noch in der Gro\u00dfen Wallstra\u00dfe ans\u00e4ssig, gr\u00fcndeten Axel Witt und Lutz Hartig mit vier weiteren Mitarbeitern eine bis dahin in Halle \u00adeinzigartige ambulante Reha-Einrichtung. Schon bald nutzten viele Patienten das \u201eReha-Zentrum\u201c.<\/p>\n<p>Dem gro\u00dfen Bedarf geschuldet, kaufte reha FLEX 1996 das leerstehende \u201eSauna-Haus\u201c in der Mansfelder Stra\u00dfe. Das Geb\u00e4ude stammt aus dem Jahre 1883 und wurde 1997\/98 liebe\u00advoll nach historischem Vorbild saniert und durch einen zeitgem\u00e4\u00dfen Neubau erg\u00e4nzt. So konnte eine f\u00fcr Halle neuartige Reha-Einrichtung geschaffen werden, die nach neuesten Standards der medizinischen Wissenschaft und Technik, den modernsten rehabilitationswissenschaftlichen Anforderun\u00adgen gen\u00fcgt.<\/p>\n<p>Im Jahr 2010 wurde zur Vervollkommnung des Klinikangebotes die Au\u00dfenanlage erweitert. So entstand eine gepflegte Parklandschaft mit Sitzgruppen, Beachvolleyballplatz, Pavillon und Therapiepfad mit acht Stationen.<\/p>\n<p>Im Rahmen der Hochwassersanierung im Jahre 2013\/14 erg\u00e4nzten wir den Therapiepfad um ein \u00f6ffentliches Kneipp-Becken.<\/p>\n<p>Zwischenzeitlich wurden die Therapier\u00e4ume klimatisiert.<\/p>\n<p>2021 wurde die Parkplatzkapazit\u00e4t erh\u00f6ht.<\/p>\n<\/div>\n<\/div><\/div>\n<div id=\"cmsmasters_column_5v8788oe8d\" class=\"cmsmasters_column one_third rehaflex-sidebar\">\n<div class=\"cmsmasters_column_inner\">\n<div class=\"cmsmasters_sidebar sidebar_layout_11\"><aside id=\"nav_menu-7\" class=\"widget widget_nav_menu\"><h3 class=\"widgettitle\">Unsere Klinik<\/h3><div class=\"menu-reha-flex-unsere-klinik-sidebar-container\"><ul id=\"menu-reha-flex-unsere-klinik-sidebar\" class=\"menu\"><li id=\"menu-item-483\" class=\"menu-item menu-item-type-post_type menu-item-object-page menu-item-483\"><a href=\"https:\/\/reha-flex.de\/saline-rehabilitationsklinik-halle-saale\/unsere-klinik\/aktuelles\/\">Aktuelles<\/a><\/li>\n<li id=\"menu-item-2063\" class=\"menu-item menu-item-type-post_type menu-item-object-page menu-item-2063\"><a href=\"https:\/\/reha-flex.de\/saline-rehabilitationsklinik-halle-saale\/unsere-klinik\/komm-in-unser-team\/\">Jobs\/Karriere<\/a><\/li>\n<li id=\"menu-item-2061\" class=\"menu-item menu-item-type-post_type menu-item-object-page menu-item-2061\"><a href=\"https:\/\/reha-flex.de\/saline-rehabilitationsklinik-halle-saale\/unsere-klinik\/praktika\/\">Praktika<\/a><\/li>\n<li id=\"menu-item-2255\" class=\"menu-item menu-item-type-post_type menu-item-object-page menu-item-2255\"><a href=\"https:\/\/reha-flex.de\/saline-rehabilitationsklinik-halle-saale\/unsere-klinik\/hinter-den-kulissen\/\">Hinter den Kulissen<\/a><\/li>\n<li id=\"menu-item-1766\" class=\"menu-item menu-item-type-post_type menu-item-object-page menu-item-1766\"><a href=\"https:\/\/reha-flex.de\/saline-rehabilitationsklinik-halle-saale\/unsere-klinik\/der-chefarzt-raet\/\">Der Chefarzt r\u00e4t<\/a><\/li>\n<li id=\"menu-item-471\" class=\"menu-item menu-item-type-post_type menu-item-object-page menu-item-471\"><a href=\"https:\/\/reha-flex.de\/saline-rehabilitationsklinik-halle-saale\/unsere-klinik\/unser-team\/\">Unser Team<\/a><\/li>\n<li id=\"menu-item-470\" class=\"menu-item menu-item-type-post_type menu-item-object-page menu-item-470\"><a href=\"https:\/\/reha-flex.de\/saline-rehabilitationsklinik-halle-saale\/unsere-klinik\/unser-leitbild\/\">Unser Leitbild<\/a><\/li>\n<li id=\"menu-item-474\" class=\"menu-item menu-item-type-post_type menu-item-object-page menu-item-474\"><a href=\"https:\/\/reha-flex.de\/saline-rehabilitationsklinik-halle-saale\/unsere-klinik\/historie\/\">Historie<\/a><\/li>\n<\/ul><\/div><\/aside><div class=\"cl\"><\/div>\n<\/div>\n<\/div><\/div>\n<\/div>\n<\/div>\n<\/div>\n<\/div>\n<\/div>\n\n","protected":false},"excerpt":{"rendered":"","protected":false},"author":1,"featured_media":0,"parent":30,"menu_order":500,"comment_status":"closed","ping_status":"closed","template":"","meta":{"footnotes":""},"class_list":["post-472","page","type-page","status-publish","hentry"],"yoast_head":"<!-- This site is optimized with the Yoast SEO plugin v26.9 - https:\/\/yoast.com\/product\/yoast-seo-wordpress\/ -->\n<title>Historie - Saline Rehabilitationsklinik Halle (Saale)<\/title>\n<meta name=\"robots\" content=\"index, follow, max-snippet:-1, max-image-preview:large, max-video-preview:-1\" \/>\n<link rel=\"canonical\" href=\"https:\/\/reha-flex.de\/saline-rehabilitationsklinik-halle-saale\/unsere-klinik\/historie\/\" \/>\n<meta property=\"og:locale\" content=\"de_DE\" \/>\n<meta property=\"og:type\" content=\"article\" \/>\n<meta property=\"og:title\" content=\"Historie - Saline Rehabilitationsklinik Halle (Saale)\" \/>\n<meta property=\"og:url\" content=\"https:\/\/reha-flex.de\/saline-rehabilitationsklinik-halle-saale\/unsere-klinik\/historie\/\" \/>\n<meta property=\"og:site_name\" content=\"Saline Rehabilitationsklinik Halle (Saale)\" \/>\n<meta property=\"article:modified_time\" content=\"2025-12-11T17:09:40+00:00\" \/>\n<meta name=\"twitter:card\" content=\"summary_large_image\" \/>\n<meta name=\"twitter:label1\" content=\"Gesch\u00e4tzte Lesezeit\" \/>\n\t<meta name=\"twitter:data1\" content=\"2\u00a0Minuten\" \/>\n<script type=\"application\/ld+json\" class=\"yoast-schema-graph\">{\"@context\":\"https:\/\/schema.org\",\"@graph\":[{\"@type\":\"WebPage\",\"@id\":\"https:\/\/reha-flex.de\/saline-rehabilitationsklinik-halle-saale\/unsere-klinik\/historie\/\",\"url\":\"https:\/\/reha-flex.de\/saline-rehabilitationsklinik-halle-saale\/unsere-klinik\/historie\/\",\"name\":\"Historie - Saline Rehabilitationsklinik Halle (Saale)\",\"isPartOf\":{\"@id\":\"https:\/\/reha-flex.de\/saline-rehabilitationsklinik-halle-saale\/#website\"},\"datePublished\":\"2020-11-17T13:51:55+00:00\",\"dateModified\":\"2025-12-11T17:09:40+00:00\",\"breadcrumb\":{\"@id\":\"https:\/\/reha-flex.de\/saline-rehabilitationsklinik-halle-saale\/unsere-klinik\/historie\/#breadcrumb\"},\"inLanguage\":\"de\",\"potentialAction\":[{\"@type\":\"ReadAction\",\"target\":[\"https:\/\/reha-flex.de\/saline-rehabilitationsklinik-halle-saale\/unsere-klinik\/historie\/\"]}]},{\"@type\":\"BreadcrumbList\",\"@id\":\"https:\/\/reha-flex.de\/saline-rehabilitationsklinik-halle-saale\/unsere-klinik\/historie\/#breadcrumb\",\"itemListElement\":[{\"@type\":\"ListItem\",\"position\":1,\"name\":\"Startseite\",\"item\":\"https:\/\/reha-flex.de\/saline-rehabilitationsklinik-halle-saale\/\"},{\"@type\":\"ListItem\",\"position\":2,\"name\":\"Unsere Klinik\",\"item\":\"https:\/\/reha-flex.de\/saline-rehabilitationsklinik-halle-saale\/unsere-klinik\/\"},{\"@type\":\"ListItem\",\"position\":3,\"name\":\"Historie\"}]},{\"@type\":\"WebSite\",\"@id\":\"https:\/\/reha-flex.de\/saline-rehabilitationsklinik-halle-saale\/#website\",\"url\":\"https:\/\/reha-flex.de\/saline-rehabilitationsklinik-halle-saale\/\",\"name\":\"Saline Rehabilitationsklinik Halle (Saale)\",\"description\":\"\",\"potentialAction\":[{\"@type\":\"SearchAction\",\"target\":{\"@type\":\"EntryPoint\",\"urlTemplate\":\"https:\/\/reha-flex.de\/saline-rehabilitationsklinik-halle-saale\/?s={search_term_string}\"},\"query-input\":{\"@type\":\"PropertyValueSpecification\",\"valueRequired\":true,\"valueName\":\"search_term_string\"}}],\"inLanguage\":\"de\"}]}<\/script>\n<!-- \/ Yoast SEO plugin. -->","yoast_head_json":{"title":"Historie - Saline Rehabilitationsklinik Halle (Saale)","robots":{"index":"index","follow":"follow","max-snippet":"max-snippet:-1","max-image-preview":"max-image-preview:large","max-video-preview":"max-video-preview:-1"},"canonical":"https:\/\/reha-flex.de\/saline-rehabilitationsklinik-halle-saale\/unsere-klinik\/historie\/","og_locale":"de_DE","og_type":"article","og_title":"Historie - Saline Rehabilitationsklinik Halle (Saale)","og_url":"https:\/\/reha-flex.de\/saline-rehabilitationsklinik-halle-saale\/unsere-klinik\/historie\/","og_site_name":"Saline Rehabilitationsklinik Halle (Saale)","article_modified_time":"2025-12-11T17:09:40+00:00","twitter_card":"summary_large_image","twitter_misc":{"Gesch\u00e4tzte Lesezeit":"2\u00a0Minuten"},"schema":{"@context":"https:\/\/schema.org","@graph":[{"@type":"WebPage","@id":"https:\/\/reha-flex.de\/saline-rehabilitationsklinik-halle-saale\/unsere-klinik\/historie\/","url":"https:\/\/reha-flex.de\/saline-rehabilitationsklinik-halle-saale\/unsere-klinik\/historie\/","name":"Historie - Saline Rehabilitationsklinik Halle (Saale)","isPartOf":{"@id":"https:\/\/reha-flex.de\/saline-rehabilitationsklinik-halle-saale\/#website"},"datePublished":"2020-11-17T13:51:55+00:00","dateModified":"2025-12-11T17:09:40+00:00","breadcrumb":{"@id":"https:\/\/reha-flex.de\/saline-rehabilitationsklinik-halle-saale\/unsere-klinik\/historie\/#breadcrumb"},"inLanguage":"de","potentialAction":[{"@type":"ReadAction","target":["https:\/\/reha-flex.de\/saline-rehabilitationsklinik-halle-saale\/unsere-klinik\/historie\/"]}]},{"@type":"BreadcrumbList","@id":"https:\/\/reha-flex.de\/saline-rehabilitationsklinik-halle-saale\/unsere-klinik\/historie\/#breadcrumb","itemListElement":[{"@type":"ListItem","position":1,"name":"Startseite","item":"https:\/\/reha-flex.de\/saline-rehabilitationsklinik-halle-saale\/"},{"@type":"ListItem","position":2,"name":"Unsere Klinik","item":"https:\/\/reha-flex.de\/saline-rehabilitationsklinik-halle-saale\/unsere-klinik\/"},{"@type":"ListItem","position":3,"name":"Historie"}]},{"@type":"WebSite","@id":"https:\/\/reha-flex.de\/saline-rehabilitationsklinik-halle-saale\/#website","url":"https:\/\/reha-flex.de\/saline-rehabilitationsklinik-halle-saale\/","name":"Saline Rehabilitationsklinik Halle (Saale)","description":"","potentialAction":[{"@type":"SearchAction","target":{"@type":"EntryPoint","urlTemplate":"https:\/\/reha-flex.de\/saline-rehabilitationsklinik-halle-saale\/?s={search_term_string}"},"query-input":{"@type":"PropertyValueSpecification","valueRequired":true,"valueName":"search_term_string"}}],"inLanguage":"de"}]}},"_links":{"self":[{"href":"https:\/\/reha-flex.de\/saline-rehabilitationsklinik-halle-saale\/wp-json\/wp\/v2\/pages\/472","targetHints":{"allow":["GET"]}}],"collection":[{"href":"https:\/\/reha-flex.de\/saline-rehabilitationsklinik-halle-saale\/wp-json\/wp\/v2\/pages"}],"about":[{"href":"https:\/\/reha-flex.de\/saline-rehabilitationsklinik-halle-saale\/wp-json\/wp\/v2\/types\/page"}],"author":[{"embeddable":true,"href":"https:\/\/reha-flex.de\/saline-rehabilitationsklinik-halle-saale\/wp-json\/wp\/v2\/users\/1"}],"replies":[{"embeddable":true,"href":"https:\/\/reha-flex.de\/saline-rehabilitationsklinik-halle-saale\/wp-json\/wp\/v2\/comments?post=472"}],"version-history":[{"count":8,"href":"https:\/\/reha-flex.de\/saline-rehabilitationsklinik-halle-saale\/wp-json\/wp\/v2\/pages\/472\/revisions"}],"predecessor-version":[{"id":2172,"href":"https:\/\/reha-flex.de\/saline-rehabilitationsklinik-halle-saale\/wp-json\/wp\/v2\/pages\/472\/revisions\/2172"}],"up":[{"embeddable":true,"href":"https:\/\/reha-flex.de\/saline-rehabilitationsklinik-halle-saale\/wp-json\/wp\/v2\/pages\/30"}],"wp:attachment":[{"href":"https:\/\/reha-flex.de\/saline-rehabilitationsklinik-halle-saale\/wp-json\/wp\/v2\/media?parent=472"}],"curies":[{"name":"wp","href":"https:\/\/api.w.org\/{rel}","templated":true}]}}