{"id":484,"date":"2020-11-17T15:19:39","date_gmt":"2020-11-17T14:19:39","guid":{"rendered":"https:\/\/reha-flex.de\/saline-rehabilitationsklinik-halle-saale\/?page_id=484"},"modified":"2025-06-10T13:42:17","modified_gmt":"2025-06-10T11:42:17","slug":"komm-in-unser-team","status":"publish","type":"page","link":"https:\/\/reha-flex.de\/saline-rehabilitationsklinik-halle-saale\/unsere-klinik\/komm-in-unser-team\/","title":{"rendered":"Jobs\/Karriere"},"content":{"rendered":"<div id=\"cmsmasters_row_r8hp50dro\" class=\"cmsmasters_row cmsmasters_color_scheme_default rehaflex-sidebar-wrapper cmsmasters_row_top_default cmsmasters_row_bot_default cmsmasters_row_boxed\">\n<div class=\"cmsmasters_row_outer_parent\">\n<div class=\"cmsmasters_row_outer\">\n<div class=\"cmsmasters_row_inner\">\n<div class=\"cmsmasters_row_margin\">\n<div id=\"cmsmasters_column_0bn3jqmlf\" class=\"cmsmasters_column two_third rehaflex-content-sidebar\">\n<div class=\"cmsmasters_column_inner\"><div id=\"cmsmasters_heading_7j678huizt\" class=\"cmsmasters_heading_wrap cmsmasters_heading_align_left\">\n\t<h3 class=\"cmsmasters_heading\">Sie suchen nach einer neuen beruflichen Herausforderung?<\/h3>\n<\/div><div class=\"cmsmasters_text\">\n<p>Hier finden Sie unsere aktuellen Stellenangebote.<br \/>\nInitiativbewerbungen nehmen wir gern unter <a href=\"mailto:jobs@reha-flex.de\">jobs@reha-flex.de<\/a> entgegen.<\/p>\n<\/div>\n<div id=\"cmsmasters_divider_lwzu32a96o\" class=\"cmsmasters_divider cmsmasters_divider_width_long cmsmasters_divider_pos_center\"><\/div>\n<div class=\"cmsmasters_text\" data-animation=\"fadeIn\" data-delay=\"300\">\n<style>\n\t\n\t<\/style><div class=\"rehaflex-jobs-grid\"><div class=\"job-item\"><a href=\"https:\/\/reha-flex.de\/saline-rehabilitationsklinik-halle-saale\/jobs\/arzthelferin-m-w-d\/\"><div class=\"jobs-featured-image\" style=\"background-image: url(https:\/\/reha-flex.de\/wp-content\/uploads\/sites\/2\/2025\/01\/Krankenschwester.jpg); background-size: cover;\"><\/div>Medizinische Fachangestellte (m\/w\/d)<\/a><\/div><div class=\"job-item\"><a href=\"https:\/\/reha-flex.de\/saline-rehabilitationsklinik-halle-saale\/jobs\/physiotherapeutin-m-w-d\/\"><div class=\"jobs-featured-image\" style=\"background-image: url(https:\/\/reha-flex.de\/wp-content\/uploads\/sites\/2\/2020\/10\/Nachsorge-Gruppe_Faszienrolle.jpg); background-size: cover;\"><\/div>Physiotherapeut:in (m\/w\/d)<\/a><\/div><\/div>\n<\/div>\n<\/div><\/div>\n<div id=\"cmsmasters_column_0je9qfab4l\" class=\"cmsmasters_column one_third rehaflex-sidebar\">\n<div class=\"cmsmasters_column_inner\">\n<div class=\"cmsmasters_sidebar sidebar_layout_11\"><aside id=\"nav_menu-7\" class=\"widget widget_nav_menu\"><h3 class=\"widgettitle\">Unsere Klinik<\/h3><div class=\"menu-reha-flex-unsere-klinik-sidebar-container\"><ul id=\"menu-reha-flex-unsere-klinik-sidebar\" class=\"menu\"><li id=\"menu-item-483\" class=\"menu-item menu-item-type-post_type menu-item-object-page menu-item-483\"><a href=\"https:\/\/reha-flex.de\/saline-rehabilitationsklinik-halle-saale\/unsere-klinik\/aktuelles\/\">Aktuelles<\/a><\/li>\n<li id=\"menu-item-2063\" class=\"menu-item menu-item-type-post_type menu-item-object-page menu-item-2063\"><a href=\"https:\/\/reha-flex.de\/saline-rehabilitationsklinik-halle-saale\/unsere-klinik\/komm-in-unser-team\/\">Jobs\/Karriere<\/a><\/li>\n<li id=\"menu-item-2061\" class=\"menu-item menu-item-type-post_type menu-item-object-page menu-item-2061\"><a href=\"https:\/\/reha-flex.de\/saline-rehabilitationsklinik-halle-saale\/unsere-klinik\/praktika\/\">Praktika<\/a><\/li>\n<li id=\"menu-item-2255\" class=\"menu-item menu-item-type-post_type menu-item-object-page menu-item-2255\"><a href=\"https:\/\/reha-flex.de\/saline-rehabilitationsklinik-halle-saale\/unsere-klinik\/hinter-den-kulissen\/\">Hinter den Kulissen<\/a><\/li>\n<li id=\"menu-item-1766\" class=\"menu-item menu-item-type-post_type menu-item-object-page menu-item-1766\"><a href=\"https:\/\/reha-flex.de\/saline-rehabilitationsklinik-halle-saale\/unsere-klinik\/der-chefarzt-raet\/\">Der Chefarzt r\u00e4t<\/a><\/li>\n<li id=\"menu-item-471\" class=\"menu-item menu-item-type-post_type menu-item-object-page menu-item-471\"><a href=\"https:\/\/reha-flex.de\/saline-rehabilitationsklinik-halle-saale\/unsere-klinik\/unser-team\/\">Unser Team<\/a><\/li>\n<li id=\"menu-item-470\" class=\"menu-item menu-item-type-post_type menu-item-object-page menu-item-470\"><a href=\"https:\/\/reha-flex.de\/saline-rehabilitationsklinik-halle-saale\/unsere-klinik\/unser-leitbild\/\">Unser Leitbild<\/a><\/li>\n<li id=\"menu-item-474\" class=\"menu-item menu-item-type-post_type menu-item-object-page menu-item-474\"><a href=\"https:\/\/reha-flex.de\/saline-rehabilitationsklinik-halle-saale\/unsere-klinik\/historie\/\">Historie<\/a><\/li>\n<\/ul><\/div><\/aside><div class=\"cl\"><\/div>\n<\/div>\n<\/div><\/div>\n<\/div>\n<\/div>\n<\/div>\n<\/div>\n<\/div>\n\n","protected":false},"excerpt":{"rendered":"","protected":false},"author":1,"featured_media":0,"parent":30,"menu_order":100,"comment_status":"closed","ping_status":"closed","template":"","meta":{"footnotes":""},"class_list":["post-484","page","type-page","status-publish","hentry"],"yoast_head":"<!-- This site is optimized with the Yoast SEO plugin v26.9 - https:\/\/yoast.com\/product\/yoast-seo-wordpress\/ -->\n<title>Jobs\/Karriere - Saline Rehabilitationsklinik Halle (Saale)<\/title>\n<meta name=\"description\" content=\"Wir bieten eine abwechslungsreiche T\u00e4tigkeit mit flexiblen Arbeitszeiten, Leistungs- und qualifikationsgerechter Vergu\u0308tung, Jahressonderzahlung, Betrieblicher Altersvorsorge und Gesundheitsmanagement sowie regelm\u00e4\u00dfigen Teamevents zur St\u00e4rkung des Zusammenhalts.\" \/>\n<meta name=\"robots\" content=\"index, follow, max-snippet:-1, max-image-preview:large, max-video-preview:-1\" \/>\n<link rel=\"canonical\" href=\"https:\/\/reha-flex.de\/saline-rehabilitationsklinik-halle-saale\/unsere-klinik\/komm-in-unser-team\/\" \/>\n<meta property=\"og:locale\" content=\"de_DE\" \/>\n<meta property=\"og:type\" content=\"article\" \/>\n<meta property=\"og:title\" content=\"Jobs\/Karriere - Saline Rehabilitationsklinik Halle (Saale)\" \/>\n<meta property=\"og:description\" content=\"Wir bieten eine abwechslungsreiche T\u00e4tigkeit mit flexiblen Arbeitszeiten, Leistungs- und qualifikationsgerechter Vergu\u0308tung, Jahressonderzahlung, Betrieblicher Altersvorsorge und Gesundheitsmanagement sowie regelm\u00e4\u00dfigen Teamevents zur St\u00e4rkung des Zusammenhalts.\" \/>\n<meta property=\"og:url\" content=\"https:\/\/reha-flex.de\/saline-rehabilitationsklinik-halle-saale\/unsere-klinik\/komm-in-unser-team\/\" \/>\n<meta property=\"og:site_name\" content=\"Saline Rehabilitationsklinik Halle (Saale)\" \/>\n<meta property=\"article:modified_time\" content=\"2025-06-10T11:42:17+00:00\" \/>\n<meta name=\"twitter:card\" content=\"summary_large_image\" \/>\n<meta name=\"twitter:label1\" content=\"Gesch\u00e4tzte Lesezeit\" \/>\n\t<meta name=\"twitter:data1\" content=\"1\u00a0Minute\" \/>\n<script type=\"application\/ld+json\" class=\"yoast-schema-graph\">{\"@context\":\"https:\/\/schema.org\",\"@graph\":[{\"@type\":\"WebPage\",\"@id\":\"https:\/\/reha-flex.de\/saline-rehabilitationsklinik-halle-saale\/unsere-klinik\/komm-in-unser-team\/\",\"url\":\"https:\/\/reha-flex.de\/saline-rehabilitationsklinik-halle-saale\/unsere-klinik\/komm-in-unser-team\/\",\"name\":\"Jobs\/Karriere - Saline Rehabilitationsklinik Halle (Saale)\",\"isPartOf\":{\"@id\":\"https:\/\/reha-flex.de\/saline-rehabilitationsklinik-halle-saale\/#website\"},\"datePublished\":\"2020-11-17T14:19:39+00:00\",\"dateModified\":\"2025-06-10T11:42:17+00:00\",\"description\":\"Wir bieten eine abwechslungsreiche T\u00e4tigkeit mit flexiblen Arbeitszeiten, Leistungs- und qualifikationsgerechter Vergu\u0308tung, Jahressonderzahlung, Betrieblicher Altersvorsorge und Gesundheitsmanagement sowie regelm\u00e4\u00dfigen Teamevents zur St\u00e4rkung des Zusammenhalts.\",\"breadcrumb\":{\"@id\":\"https:\/\/reha-flex.de\/saline-rehabilitationsklinik-halle-saale\/unsere-klinik\/komm-in-unser-team\/#breadcrumb\"},\"inLanguage\":\"de\",\"potentialAction\":[{\"@type\":\"ReadAction\",\"target\":[\"https:\/\/reha-flex.de\/saline-rehabilitationsklinik-halle-saale\/unsere-klinik\/komm-in-unser-team\/\"]}]},{\"@type\":\"BreadcrumbList\",\"@id\":\"https:\/\/reha-flex.de\/saline-rehabilitationsklinik-halle-saale\/unsere-klinik\/komm-in-unser-team\/#breadcrumb\",\"itemListElement\":[{\"@type\":\"ListItem\",\"position\":1,\"name\":\"Startseite\",\"item\":\"https:\/\/reha-flex.de\/saline-rehabilitationsklinik-halle-saale\/\"},{\"@type\":\"ListItem\",\"position\":2,\"name\":\"Unsere Klinik\",\"item\":\"https:\/\/reha-flex.de\/saline-rehabilitationsklinik-halle-saale\/unsere-klinik\/\"},{\"@type\":\"ListItem\",\"position\":3,\"name\":\"Jobs\/Karriere\"}]},{\"@type\":\"WebSite\",\"@id\":\"https:\/\/reha-flex.de\/saline-rehabilitationsklinik-halle-saale\/#website\",\"url\":\"https:\/\/reha-flex.de\/saline-rehabilitationsklinik-halle-saale\/\",\"name\":\"Saline Rehabilitationsklinik Halle (Saale)\",\"description\":\"\",\"potentialAction\":[{\"@type\":\"SearchAction\",\"target\":{\"@type\":\"EntryPoint\",\"urlTemplate\":\"https:\/\/reha-flex.de\/saline-rehabilitationsklinik-halle-saale\/?s={search_term_string}\"},\"query-input\":{\"@type\":\"PropertyValueSpecification\",\"valueRequired\":true,\"valueName\":\"search_term_string\"}}],\"inLanguage\":\"de\"}]}<\/script>\n<!-- \/ Yoast SEO plugin. -->","yoast_head_json":{"title":"Jobs\/Karriere - Saline Rehabilitationsklinik Halle (Saale)","description":"Wir bieten eine abwechslungsreiche T\u00e4tigkeit mit flexiblen Arbeitszeiten, Leistungs- und qualifikationsgerechter Vergu\u0308tung, Jahressonderzahlung, Betrieblicher Altersvorsorge und Gesundheitsmanagement sowie regelm\u00e4\u00dfigen Teamevents zur St\u00e4rkung des Zusammenhalts.","robots":{"index":"index","follow":"follow","max-snippet":"max-snippet:-1","max-image-preview":"max-image-preview:large","max-video-preview":"max-video-preview:-1"},"canonical":"https:\/\/reha-flex.de\/saline-rehabilitationsklinik-halle-saale\/unsere-klinik\/komm-in-unser-team\/","og_locale":"de_DE","og_type":"article","og_title":"Jobs\/Karriere - Saline Rehabilitationsklinik Halle (Saale)","og_description":"Wir bieten eine abwechslungsreiche T\u00e4tigkeit mit flexiblen Arbeitszeiten, Leistungs- und qualifikationsgerechter Vergu\u0308tung, Jahressonderzahlung, Betrieblicher Altersvorsorge und Gesundheitsmanagement sowie regelm\u00e4\u00dfigen Teamevents zur St\u00e4rkung des Zusammenhalts.","og_url":"https:\/\/reha-flex.de\/saline-rehabilitationsklinik-halle-saale\/unsere-klinik\/komm-in-unser-team\/","og_site_name":"Saline Rehabilitationsklinik Halle (Saale)","article_modified_time":"2025-06-10T11:42:17+00:00","twitter_card":"summary_large_image","twitter_misc":{"Gesch\u00e4tzte Lesezeit":"1\u00a0Minute"},"schema":{"@context":"https:\/\/schema.org","@graph":[{"@type":"WebPage","@id":"https:\/\/reha-flex.de\/saline-rehabilitationsklinik-halle-saale\/unsere-klinik\/komm-in-unser-team\/","url":"https:\/\/reha-flex.de\/saline-rehabilitationsklinik-halle-saale\/unsere-klinik\/komm-in-unser-team\/","name":"Jobs\/Karriere - Saline Rehabilitationsklinik Halle (Saale)","isPartOf":{"@id":"https:\/\/reha-flex.de\/saline-rehabilitationsklinik-halle-saale\/#website"},"datePublished":"2020-11-17T14:19:39+00:00","dateModified":"2025-06-10T11:42:17+00:00","description":"Wir bieten eine abwechslungsreiche T\u00e4tigkeit mit flexiblen Arbeitszeiten, Leistungs- und qualifikationsgerechter Vergu\u0308tung, Jahressonderzahlung, Betrieblicher Altersvorsorge und Gesundheitsmanagement sowie regelm\u00e4\u00dfigen Teamevents zur St\u00e4rkung des Zusammenhalts.","breadcrumb":{"@id":"https:\/\/reha-flex.de\/saline-rehabilitationsklinik-halle-saale\/unsere-klinik\/komm-in-unser-team\/#breadcrumb"},"inLanguage":"de","potentialAction":[{"@type":"ReadAction","target":["https:\/\/reha-flex.de\/saline-rehabilitationsklinik-halle-saale\/unsere-klinik\/komm-in-unser-team\/"]}]},{"@type":"BreadcrumbList","@id":"https:\/\/reha-flex.de\/saline-rehabilitationsklinik-halle-saale\/unsere-klinik\/komm-in-unser-team\/#breadcrumb","itemListElement":[{"@type":"ListItem","position":1,"name":"Startseite","item":"https:\/\/reha-flex.de\/saline-rehabilitationsklinik-halle-saale\/"},{"@type":"ListItem","position":2,"name":"Unsere Klinik","item":"https:\/\/reha-flex.de\/saline-rehabilitationsklinik-halle-saale\/unsere-klinik\/"},{"@type":"ListItem","position":3,"name":"Jobs\/Karriere"}]},{"@type":"WebSite","@id":"https:\/\/reha-flex.de\/saline-rehabilitationsklinik-halle-saale\/#website","url":"https:\/\/reha-flex.de\/saline-rehabilitationsklinik-halle-saale\/","name":"Saline Rehabilitationsklinik Halle (Saale)","description":"","potentialAction":[{"@type":"SearchAction","target":{"@type":"EntryPoint","urlTemplate":"https:\/\/reha-flex.de\/saline-rehabilitationsklinik-halle-saale\/?s={search_term_string}"},"query-input":{"@type":"PropertyValueSpecification","valueRequired":true,"valueName":"search_term_string"}}],"inLanguage":"de"}]}},"_links":{"self":[{"href":"https:\/\/reha-flex.de\/saline-rehabilitationsklinik-halle-saale\/wp-json\/wp\/v2\/pages\/484","targetHints":{"allow":["GET"]}}],"collection":[{"href":"https:\/\/reha-flex.de\/saline-rehabilitationsklinik-halle-saale\/wp-json\/wp\/v2\/pages"}],"about":[{"href":"https:\/\/reha-flex.de\/saline-rehabilitationsklinik-halle-saale\/wp-json\/wp\/v2\/types\/page"}],"author":[{"embeddable":true,"href":"https:\/\/reha-flex.de\/saline-rehabilitationsklinik-halle-saale\/wp-json\/wp\/v2\/users\/1"}],"replies":[{"embeddable":true,"href":"https:\/\/reha-flex.de\/saline-rehabilitationsklinik-halle-saale\/wp-json\/wp\/v2\/comments?post=484"}],"version-history":[{"count":35,"href":"https:\/\/reha-flex.de\/saline-rehabilitationsklinik-halle-saale\/wp-json\/wp\/v2\/pages\/484\/revisions"}],"predecessor-version":[{"id":2059,"href":"https:\/\/reha-flex.de\/saline-rehabilitationsklinik-halle-saale\/wp-json\/wp\/v2\/pages\/484\/revisions\/2059"}],"up":[{"embeddable":true,"href":"https:\/\/reha-flex.de\/saline-rehabilitationsklinik-halle-saale\/wp-json\/wp\/v2\/pages\/30"}],"wp:attachment":[{"href":"https:\/\/reha-flex.de\/saline-rehabilitationsklinik-halle-saale\/wp-json\/wp\/v2\/media?parent=484"}],"curies":[{"name":"wp","href":"https:\/\/api.w.org\/{rel}","templated":true}]}}